{"id":14,"date":"2025-02-21T20:36:36","date_gmt":"2025-02-21T20:36:36","guid":{"rendered":"https:\/\/pasmania.hr\/?page_id=14"},"modified":"2025-04-22T17:51:26","modified_gmt":"2025-04-22T17:51:26","slug":"o-meni","status":"publish","type":"page","link":"https:\/\/pasmania.hr\/en\/o-meni\/","title":{"rendered":"About me"},"content":{"rendered":"<div data-elementor-type=\"wp-page\" data-elementor-id=\"14\" class=\"elementor elementor-14\">\n\t\t\t\t<div class=\"elementor-element elementor-element-dcfb448 e-flex e-con-boxed e-con e-parent\" data-id=\"dcfb448\" data-element_type=\"container\" data-e-type=\"container\" data-settings=\"{&quot;background_background&quot;:&quot;classic&quot;}\">\n\t\t\t\t\t<div class=\"e-con-inner\">\n\t\t\t\t\t<\/div>\n\t\t\t\t<\/div>\n\t\t<div class=\"elementor-element elementor-element-500861b e-flex e-con-boxed e-con e-parent\" data-id=\"500861b\" data-element_type=\"container\" data-e-type=\"container\">\n\t\t\t\t\t<div class=\"e-con-inner\">\n\t\t<div class=\"elementor-element elementor-element-7dbc6fb e-con-full e-flex e-con e-child\" data-id=\"7dbc6fb\" data-element_type=\"container\" data-e-type=\"container\">\n\t\t\t\t<div class=\"elementor-element elementor-element-6658dc9 elementor-widget elementor-widget-heading\" data-id=\"6658dc9\" data-element_type=\"widget\" data-e-type=\"widget\" data-widget_type=\"heading.default\">\n\t\t\t\t<div class=\"elementor-widget-container\">\n\t\t\t\t\t<h4 class=\"elementor-heading-title elementor-size-default\">I am Mia, the founder of Pa\u0161mania, connecting guests with the island and providing support to hosts.<\/h4>\t\t\t\t<\/div>\n\t\t\t\t<\/div>\n\t\t\t\t<div class=\"elementor-element elementor-element-e9a8c1e elementor-widget elementor-widget-image\" data-id=\"e9a8c1e\" data-element_type=\"widget\" data-e-type=\"widget\" data-widget_type=\"image.default\">\n\t\t\t\t<div class=\"elementor-widget-container\">\n\t\t\t\t\t\t\t\t\t\t\t\t\t\t\t<img decoding=\"async\" src=\"https:\/\/pasmania.hr\/wp-content\/uploads\/2025\/03\/DSC_3986-2-scaled.jpeg\" title=\"\" alt=\"\" loading=\"lazy\" \/>\t\t\t\t\t\t\t\t\t\t\t\t\t\t\t<\/div>\n\t\t\t\t<\/div>\n\t\t<div class=\"elementor-element elementor-element-51b695b e-flex e-con-boxed e-con e-child\" data-id=\"51b695b\" data-element_type=\"container\" data-e-type=\"container\">\n\t\t\t\t\t<div class=\"e-con-inner\">\n\t\t<div class=\"elementor-element elementor-element-bda37a0 e-flex e-con-boxed e-con e-child\" data-id=\"bda37a0\" data-element_type=\"container\" data-e-type=\"container\">\n\t\t\t\t\t<div class=\"e-con-inner\">\n\t\t\t\t<div class=\"elementor-element elementor-element-6d20ef0 elementor-widget elementor-widget-heading\" data-id=\"6d20ef0\" data-element_type=\"widget\" data-e-type=\"widget\" data-widget_type=\"heading.default\">\n\t\t\t\t<div class=\"elementor-widget-container\">\n\t\t\t\t\t<h3 class=\"elementor-heading-title elementor-size-default\">My Mission<\/h3>\t\t\t\t<\/div>\n\t\t\t\t<\/div>\n\t\t\t\t<div class=\"elementor-element elementor-element-91bab08 elementor-widget elementor-widget-text-editor\" data-id=\"91bab08\" data-element_type=\"widget\" data-e-type=\"widget\" data-widget_type=\"text-editor.default\">\n\t\t\t\t<div class=\"elementor-widget-container\">\n\t\t\t\t\t\t\t\t\t<p>I help hosts manage their accommodations while providing guests with an authentic island experience. Through professional service and sustainable tourism, I connect people, stories, and nature.<\/p>\t\t\t\t\t\t\t\t<\/div>\n\t\t\t\t<\/div>\n\t\t\t\t\t<\/div>\n\t\t\t\t<\/div>\n\t\t<div class=\"elementor-element elementor-element-8c3d36e e-flex e-con-boxed e-con e-child\" data-id=\"8c3d36e\" data-element_type=\"container\" data-e-type=\"container\">\n\t\t\t\t\t<div class=\"e-con-inner\">\n\t\t\t\t<div class=\"elementor-element elementor-element-2061947 elementor-widget elementor-widget-heading\" data-id=\"2061947\" data-element_type=\"widget\" data-e-type=\"widget\" data-widget_type=\"heading.default\">\n\t\t\t\t<div class=\"elementor-widget-container\">\n\t\t\t\t\t<h3 class=\"elementor-heading-title elementor-size-default\">My Values\n<\/h3>\t\t\t\t<\/div>\n\t\t\t\t<\/div>\n\t\t\t\t<div class=\"elementor-element elementor-element-d19c62f elementor-widget elementor-widget-text-editor\" data-id=\"d19c62f\" data-element_type=\"widget\" data-e-type=\"widget\" data-widget_type=\"text-editor.default\">\n\t\t\t\t<div class=\"elementor-widget-container\">\n\t\t\t\t\t\t\t\t\t<p>Dedication, authenticity, and hospitality guide me in every step. I pay attention to every detail, ensuring security for hosts and an unforgettable stay for guests.<\/p>\t\t\t\t\t\t\t\t<\/div>\n\t\t\t\t<\/div>\n\t\t\t\t\t<\/div>\n\t\t\t\t<\/div>\n\t\t\t\t\t<\/div>\n\t\t\t\t<\/div>\n\t\t\t\t<\/div>\n\t\t\t\t\t<\/div>\n\t\t\t\t<\/div>\n\t\t<div class=\"elementor-element elementor-element-ba46aa4 e-flex e-con-boxed e-con e-parent\" data-id=\"ba46aa4\" data-element_type=\"container\" data-e-type=\"container\" data-settings=\"{&quot;background_background&quot;:&quot;classic&quot;}\">\n\t\t\t\t\t<div class=\"e-con-inner\">\n\t\t<div class=\"elementor-element elementor-element-920e714 e-con-full e-flex e-con e-child\" data-id=\"920e714\" data-element_type=\"container\" data-e-type=\"container\">\n\t\t\t\t<\/div>\n\t\t<div class=\"elementor-element elementor-element-94092f7 e-con-full e-flex e-con e-child\" data-id=\"94092f7\" data-element_type=\"container\" data-e-type=\"container\">\n\t\t\t\t<div class=\"elementor-element elementor-element-aad1e15 elementor-widget elementor-widget-image\" data-id=\"aad1e15\" data-element_type=\"widget\" data-e-type=\"widget\" data-widget_type=\"image.default\">\n\t\t\t\t<div class=\"elementor-widget-container\">\n\t\t\t\t\t\t\t\t\t\t\t\t\t\t\t<img decoding=\"async\" src=\"https:\/\/pasmania.hr\/wp-content\/uploads\/2021\/11\/quotes.svg\" class=\"attachment-full size-full wp-image-117\" alt=\"\" \/>\t\t\t\t\t\t\t\t\t\t\t\t\t\t\t<\/div>\n\t\t\t\t<\/div>\n\t\t\t\t<div class=\"elementor-element elementor-element-7f86a88 elementor-widget elementor-widget-heading\" data-id=\"7f86a88\" data-element_type=\"widget\" data-e-type=\"widget\" data-widget_type=\"heading.default\">\n\t\t\t\t<div class=\"elementor-widget-container\">\n\t\t\t\t\t<h4 class=\"elementor-heading-title elementor-size-default\">I believe that tourism is not just about arrivals and departures, but about creating authentic experiences and memories \u2013 both for travelers and for those who want to make their accommodation a special story.<\/h4>\t\t\t\t<\/div>\n\t\t\t\t<\/div>\n\t\t\t\t<\/div>\n\t\t<div class=\"elementor-element elementor-element-0bd015f e-con-full e-flex e-con e-child\" data-id=\"0bd015f\" data-element_type=\"container\" data-e-type=\"container\">\n\t\t\t\t<\/div>\n\t\t\t\t\t<\/div>\n\t\t\t\t<\/div>\n\t\t\t\t<\/div>","protected":false},"excerpt":{"rendered":"<p>Ja sam Mia, osniva\u010dica obrta Pa\u0161mania, koji spaja goste s otokom i pru\u017ea podr\u0161ku iznajmljiva\u010dima. Moja misija Poma\u017eem iznajmljiva\u010dima u vo\u0111enju smje\u0161taja, dok gostima pru\u017eam autenti\u010dan do\u017eivljaj otoka. Kroz profesionalnu uslugu i odr\u017eivi turizam, spajam ljude, pri\u010de i prirodu. Moje vrijednosti Posve\u0107enost, autenti\u010dnost i gostoljubivost vode me u svakom koraku. Brinem o svakom detalju, osiguravaju\u0107i [&hellip;]<\/p>","protected":false},"author":1,"featured_media":1776,"parent":0,"menu_order":0,"comment_status":"closed","ping_status":"closed","template":"","meta":{"site-sidebar-layout":"no-sidebar","site-content-layout":"page-builder","ast-site-content-layout":"full-width-container","site-content-style":"unboxed","site-sidebar-style":"unboxed","ast-global-header-display":"","ast-banner-title-visibility":"","ast-main-header-display":"","ast-hfb-above-header-display":"","ast-hfb-below-header-display":"","ast-hfb-mobile-header-display":"","site-post-title":"disabled","ast-breadcrumbs-content":"","ast-featured-img":"disabled","footer-sml-layout":"","theme-transparent-header-meta":"enabled","adv-header-id-meta":"","stick-header-meta":"","header-above-stick-meta":"","header-main-stick-meta":"","header-below-stick-meta":"","astra-migrate-meta-layouts":"set","ast-page-background-enabled":"default","ast-page-background-meta":{"desktop":{"background-color":"var(--ast-global-color-4)","background-image":"","background-repeat":"repeat","background-position":"center center","background-size":"auto","background-attachment":"scroll","background-type":"","background-media":"","overlay-type":"","overlay-color":"","overlay-opacity":"","overlay-gradient":""},"tablet":{"background-color":"","background-image":"","background-repeat":"repeat","background-position":"center center","background-size":"auto","background-attachment":"scroll","background-type":"","background-media":"","overlay-type":"","overlay-color":"","overlay-opacity":"","overlay-gradient":""},"mobile":{"background-color":"","background-image":"","background-repeat":"repeat","background-position":"center center","background-size":"auto","background-attachment":"scroll","background-type":"","background-media":"","overlay-type":"","overlay-color":"","overlay-opacity":"","overlay-gradient":""}},"ast-content-background-meta":{"desktop":{"background-color":"var(--ast-global-color-5)","background-image":"","background-repeat":"repeat","background-position":"center center","background-size":"auto","background-attachment":"scroll","background-type":"","background-media":"","overlay-type":"","overlay-color":"","overlay-opacity":"","overlay-gradient":""},"tablet":{"background-color":"var(--ast-global-color-5)","background-image":"","background-repeat":"repeat","background-position":"center center","background-size":"auto","background-attachment":"scroll","background-type":"","background-media":"","overlay-type":"","overlay-color":"","overlay-opacity":"","overlay-gradient":""},"mobile":{"background-color":"var(--ast-global-color-5)","background-image":"","background-repeat":"repeat","background-position":"center center","background-size":"auto","background-attachment":"scroll","background-type":"","background-media":"","overlay-type":"","overlay-color":"","overlay-opacity":"","overlay-gradient":""}},"footnotes":""},"class_list":["post-14","page","type-page","status-publish","has-post-thumbnail","hentry"],"yoast_head":"<!-- This site is optimized with the Yoast SEO plugin v25.0 - https:\/\/yoast.com\/wordpress\/plugins\/seo\/ -->\n<title>O agenciji Pa\u0161mania | Tko stoji iza imena i za\u0161to to radimo srcem<\/title>\n<meta name=\"description\" content=\"Upoznaj pri\u010du iza Pa\u0161manie \u2013 kako je nastala, tko stoji iza nje i za\u0161to spajamo lokalno znanje, turizam i emociju u jedno autenti\u010dno iskustvo otoka.\" \/>\n<meta name=\"robots\" content=\"index, follow, max-snippet:-1, max-image-preview:large, max-video-preview:-1\" \/>\n<link rel=\"canonical\" href=\"https:\/\/pasmania.hr\/en\/o-meni\/\" \/>\n<meta property=\"og:locale\" content=\"en_GB\" \/>\n<meta property=\"og:type\" content=\"article\" \/>\n<meta property=\"og:title\" content=\"Nisam agencija. Ja sam osoba s idejom\" \/>\n<meta property=\"og:description\" content=\"Pa\u0161mania je nastala iz potrebe da napravim ne\u0161to po svom \u2013 jednostavno, lokalno i korisno. Ako \u017eeli\u0161 znati tko sam i za\u0161to ovo radim, tu je cijela pri\u010da.\" \/>\n<meta property=\"og:url\" content=\"https:\/\/pasmania.hr\/en\/o-meni\/\" \/>\n<meta property=\"og:site_name\" content=\"Pa\u0161mania\" \/>\n<meta property=\"article:modified_time\" content=\"2025-04-22T17:51:26+00:00\" \/>\n<meta property=\"og:image\" content=\"https:\/\/pasmania.hr\/wp-content\/uploads\/2025\/02\/Mia-Bicanic-Pasmania-scaled.jpg\" \/>\n\t<meta property=\"og:image:width\" content=\"984\" \/>\n\t<meta property=\"og:image:height\" content=\"1280\" \/>\n\t<meta property=\"og:image:type\" content=\"image\/jpeg\" \/>\n<meta name=\"twitter:card\" content=\"summary_large_image\" \/>\n<meta name=\"twitter:label1\" content=\"Estimated reading time\" \/>\n\t<meta name=\"twitter:data1\" content=\"2 minutes\" \/>\n<script type=\"application\/ld+json\" class=\"yoast-schema-graph\">{\"@context\":\"https:\/\/schema.org\",\"@graph\":[{\"@type\":\"WebPage\",\"@id\":\"https:\/\/pasmania.hr\/o-meni\/\",\"url\":\"https:\/\/pasmania.hr\/o-meni\/\",\"name\":\"O agenciji Pa\u0161mania | Tko stoji iza imena i za\u0161to to radimo srcem\",\"isPartOf\":{\"@id\":\"https:\/\/pasmania.hr\/#website\"},\"primaryImageOfPage\":{\"@id\":\"https:\/\/pasmania.hr\/o-meni\/#primaryimage\"},\"image\":{\"@id\":\"https:\/\/pasmania.hr\/o-meni\/#primaryimage\"},\"thumbnailUrl\":\"https:\/\/pasmania.hr\/wp-content\/uploads\/2025\/02\/Mia-Bicanic-Pasmania-scaled.jpg\",\"datePublished\":\"2025-02-21T20:36:36+00:00\",\"dateModified\":\"2025-04-22T17:51:26+00:00\",\"description\":\"Upoznaj pri\u010du iza Pa\u0161manie \u2013 kako je nastala, tko stoji iza nje i za\u0161to spajamo lokalno znanje, turizam i emociju u jedno autenti\u010dno iskustvo otoka.\",\"breadcrumb\":{\"@id\":\"https:\/\/pasmania.hr\/o-meni\/#breadcrumb\"},\"inLanguage\":\"en-GB\",\"potentialAction\":[{\"@type\":\"ReadAction\",\"target\":[\"https:\/\/pasmania.hr\/o-meni\/\"]}]},{\"@type\":\"ImageObject\",\"inLanguage\":\"en-GB\",\"@id\":\"https:\/\/pasmania.hr\/o-meni\/#primaryimage\",\"url\":\"https:\/\/pasmania.hr\/wp-content\/uploads\/2025\/02\/Mia-Bicanic-Pasmania-scaled.jpg\",\"contentUrl\":\"https:\/\/pasmania.hr\/wp-content\/uploads\/2025\/02\/Mia-Bicanic-Pasmania-scaled.jpg\",\"width\":984,\"height\":1280,\"caption\":\"Mia Bi\u0107anic, vlasnica obrta Pa\u0161mania\"},{\"@type\":\"BreadcrumbList\",\"@id\":\"https:\/\/pasmania.hr\/o-meni\/#breadcrumb\",\"itemListElement\":[{\"@type\":\"ListItem\",\"position\":1,\"name\":\"Po\u010detna stranica\",\"item\":\"https:\/\/pasmania.hr\/\"},{\"@type\":\"ListItem\",\"position\":2,\"name\":\"O meni\"}]},{\"@type\":\"WebSite\",\"@id\":\"https:\/\/pasmania.hr\/#website\",\"url\":\"https:\/\/pasmania.hr\/\",\"name\":\"Pa\u0161mania\",\"description\":\"Va\u0161a turisti\u010dka agencija na otoku Pa\u0161manu. Nudimo najbolji smje\u0161taj, autenti\u010dne izlete i profesionalno upravljanje nekretninama. Rezervirajte svoj odmor danas.\",\"publisher\":{\"@id\":\"https:\/\/pasmania.hr\/#organization\"},\"potentialAction\":[{\"@type\":\"SearchAction\",\"target\":{\"@type\":\"EntryPoint\",\"urlTemplate\":\"https:\/\/pasmania.hr\/?s={search_term_string}\"},\"query-input\":{\"@type\":\"PropertyValueSpecification\",\"valueRequired\":true,\"valueName\":\"search_term_string\"}}],\"inLanguage\":\"en-GB\"},{\"@type\":\"Organization\",\"@id\":\"https:\/\/pasmania.hr\/#organization\",\"name\":\"Pa\u0161mania\",\"url\":\"https:\/\/pasmania.hr\/\",\"logo\":{\"@type\":\"ImageObject\",\"inLanguage\":\"en-GB\",\"@id\":\"https:\/\/pasmania.hr\/#\/schema\/logo\/image\/\",\"url\":\"https:\/\/pasmania.hr\/wp-content\/uploads\/2025\/03\/loho-modri.png\",\"contentUrl\":\"https:\/\/pasmania.hr\/wp-content\/uploads\/2025\/03\/loho-modri.png\",\"width\":500,\"height\":500,\"caption\":\"Pa\u0161mania\"},\"image\":{\"@id\":\"https:\/\/pasmania.hr\/#\/schema\/logo\/image\/\"}}]}<\/script>\n<!-- \/ Yoast SEO plugin. -->","yoast_head_json":{"title":"O agenciji Pa\u0161mania | Tko stoji iza imena i za\u0161to to radimo srcem","description":"Upoznaj pri\u010du iza Pa\u0161manie \u2013 kako je nastala, tko stoji iza nje i za\u0161to spajamo lokalno znanje, turizam i emociju u jedno autenti\u010dno iskustvo otoka.","robots":{"index":"index","follow":"follow","max-snippet":"max-snippet:-1","max-image-preview":"max-image-preview:large","max-video-preview":"max-video-preview:-1"},"canonical":"https:\/\/pasmania.hr\/en\/o-meni\/","og_locale":"en_GB","og_type":"article","og_title":"Nisam agencija. Ja sam osoba s idejom","og_description":"Pa\u0161mania je nastala iz potrebe da napravim ne\u0161to po svom \u2013 jednostavno, lokalno i korisno. Ako \u017eeli\u0161 znati tko sam i za\u0161to ovo radim, tu je cijela pri\u010da.","og_url":"https:\/\/pasmania.hr\/en\/o-meni\/","og_site_name":"Pa\u0161mania","article_modified_time":"2025-04-22T17:51:26+00:00","og_image":[{"width":984,"height":1280,"url":"https:\/\/pasmania.hr\/wp-content\/uploads\/2025\/02\/Mia-Bicanic-Pasmania-scaled.jpg","type":"image\/jpeg"}],"twitter_card":"summary_large_image","twitter_misc":{"Estimated reading time":"2 minutes"},"schema":{"@context":"https:\/\/schema.org","@graph":[{"@type":"WebPage","@id":"https:\/\/pasmania.hr\/o-meni\/","url":"https:\/\/pasmania.hr\/o-meni\/","name":"O agenciji Pa\u0161mania | Tko stoji iza imena i za\u0161to to radimo srcem","isPartOf":{"@id":"https:\/\/pasmania.hr\/#website"},"primaryImageOfPage":{"@id":"https:\/\/pasmania.hr\/o-meni\/#primaryimage"},"image":{"@id":"https:\/\/pasmania.hr\/o-meni\/#primaryimage"},"thumbnailUrl":"https:\/\/pasmania.hr\/wp-content\/uploads\/2025\/02\/Mia-Bicanic-Pasmania-scaled.jpg","datePublished":"2025-02-21T20:36:36+00:00","dateModified":"2025-04-22T17:51:26+00:00","description":"Upoznaj pri\u010du iza Pa\u0161manie \u2013 kako je nastala, tko stoji iza nje i za\u0161to spajamo lokalno znanje, turizam i emociju u jedno autenti\u010dno iskustvo otoka.","breadcrumb":{"@id":"https:\/\/pasmania.hr\/o-meni\/#breadcrumb"},"inLanguage":"en-GB","potentialAction":[{"@type":"ReadAction","target":["https:\/\/pasmania.hr\/o-meni\/"]}]},{"@type":"ImageObject","inLanguage":"en-GB","@id":"https:\/\/pasmania.hr\/o-meni\/#primaryimage","url":"https:\/\/pasmania.hr\/wp-content\/uploads\/2025\/02\/Mia-Bicanic-Pasmania-scaled.jpg","contentUrl":"https:\/\/pasmania.hr\/wp-content\/uploads\/2025\/02\/Mia-Bicanic-Pasmania-scaled.jpg","width":984,"height":1280,"caption":"Mia Bi\u0107anic, vlasnica obrta Pa\u0161mania"},{"@type":"BreadcrumbList","@id":"https:\/\/pasmania.hr\/o-meni\/#breadcrumb","itemListElement":[{"@type":"ListItem","position":1,"name":"Po\u010detna stranica","item":"https:\/\/pasmania.hr\/"},{"@type":"ListItem","position":2,"name":"O meni"}]},{"@type":"WebSite","@id":"https:\/\/pasmania.hr\/#website","url":"https:\/\/pasmania.hr\/","name":"Pa\u0161mania","description":"Va\u0161a turisti\u010dka agencija na otoku Pa\u0161manu. Nudimo najbolji smje\u0161taj, autenti\u010dne izlete i profesionalno upravljanje nekretninama. Rezervirajte svoj odmor danas.","publisher":{"@id":"https:\/\/pasmania.hr\/#organization"},"potentialAction":[{"@type":"SearchAction","target":{"@type":"EntryPoint","urlTemplate":"https:\/\/pasmania.hr\/?s={search_term_string}"},"query-input":{"@type":"PropertyValueSpecification","valueRequired":true,"valueName":"search_term_string"}}],"inLanguage":"en-GB"},{"@type":"Organization","@id":"https:\/\/pasmania.hr\/#organization","name":"Pa\u0161mania","url":"https:\/\/pasmania.hr\/","logo":{"@type":"ImageObject","inLanguage":"en-GB","@id":"https:\/\/pasmania.hr\/#\/schema\/logo\/image\/","url":"https:\/\/pasmania.hr\/wp-content\/uploads\/2025\/03\/loho-modri.png","contentUrl":"https:\/\/pasmania.hr\/wp-content\/uploads\/2025\/03\/loho-modri.png","width":500,"height":500,"caption":"Pa\u0161mania"},"image":{"@id":"https:\/\/pasmania.hr\/#\/schema\/logo\/image\/"}}]}},"_links":{"self":[{"href":"https:\/\/pasmania.hr\/en\/wp-json\/wp\/v2\/pages\/14","targetHints":{"allow":["GET"]}}],"collection":[{"href":"https:\/\/pasmania.hr\/en\/wp-json\/wp\/v2\/pages"}],"about":[{"href":"https:\/\/pasmania.hr\/en\/wp-json\/wp\/v2\/types\/page"}],"author":[{"embeddable":true,"href":"https:\/\/pasmania.hr\/en\/wp-json\/wp\/v2\/users\/1"}],"replies":[{"embeddable":true,"href":"https:\/\/pasmania.hr\/en\/wp-json\/wp\/v2\/comments?post=14"}],"version-history":[{"count":34,"href":"https:\/\/pasmania.hr\/en\/wp-json\/wp\/v2\/pages\/14\/revisions"}],"predecessor-version":[{"id":2169,"href":"https:\/\/pasmania.hr\/en\/wp-json\/wp\/v2\/pages\/14\/revisions\/2169"}],"wp:featuredmedia":[{"embeddable":true,"href":"https:\/\/pasmania.hr\/en\/wp-json\/wp\/v2\/media\/1776"}],"wp:attachment":[{"href":"https:\/\/pasmania.hr\/en\/wp-json\/wp\/v2\/media?parent=14"}],"curies":[{"name":"wp","href":"https:\/\/api.w.org\/{rel}","templated":true}]}}