{"id":1677,"date":"2025-02-22T19:03:23","date_gmt":"2025-02-22T19:03:23","guid":{"rendered":"https:\/\/pasmania.hr\/?page_id=1677"},"modified":"2025-11-24T14:09:34","modified_gmt":"2025-11-24T14:09:34","slug":"smjestaj","status":"publish","type":"page","link":"https:\/\/pasmania.hr\/en\/smjestaj\/","title":{"rendered":"Accommodation"},"content":{"rendered":"<div data-elementor-type=\"wp-page\" data-elementor-id=\"1677\" class=\"elementor elementor-1677\">\n\t\t\t\t<div class=\"elementor-element elementor-element-4845d49 e-flex e-con-boxed e-con e-parent\" data-id=\"4845d49\" data-element_type=\"container\" data-e-type=\"container\">\n\t\t\t\t\t<div class=\"e-con-inner\">\n\t\t<div class=\"elementor-element elementor-element-f5d3de2 e-con-full e-flex e-con e-child\" data-id=\"f5d3de2\" data-element_type=\"container\" data-e-type=\"container\">\n\t\t\t\t<div class=\"elementor-element elementor-element-834a188 elementor-widget elementor-widget-image\" data-id=\"834a188\" data-element_type=\"widget\" data-e-type=\"widget\" data-widget_type=\"image.default\">\n\t\t\t\t<div class=\"elementor-widget-container\">\n\t\t\t\t\t\t\t\t\t\t\t\t\t\t\t\t<a href=\"https:\/\/pasmania.hr\/en\/shoreline-oasis-villa\/\">\n\t\t\t\t\t\t\t<img fetchpriority=\"high\" decoding=\"async\" width=\"1024\" height=\"768\" src=\"https:\/\/pasmania.hr\/wp-content\/uploads\/2025\/05\/Dodajte-podnaslov.jpg\" class=\"attachment-large size-large wp-image-4013\" alt=\"Pa\u0161mania Luxury villa\" srcset=\"https:\/\/pasmania.hr\/wp-content\/uploads\/2025\/05\/Dodajte-podnaslov.jpg 1024w, https:\/\/pasmania.hr\/wp-content\/uploads\/2025\/05\/Dodajte-podnaslov-300x225.jpg 300w, https:\/\/pasmania.hr\/wp-content\/uploads\/2025\/05\/Dodajte-podnaslov-768x576.jpg 768w, https:\/\/pasmania.hr\/wp-content\/uploads\/2025\/05\/Dodajte-podnaslov-16x12.jpg 16w\" sizes=\"(max-width: 1024px) 100vw, 1024px\" \/>\t\t\t\t\t\t\t\t<\/a>\n\t\t\t\t\t\t\t\t\t\t\t\t\t\t\t<\/div>\n\t\t\t\t<\/div>\n\t\t\t\t<div class=\"elementor-element elementor-element-e7af494 elementor-widget elementor-widget-heading\" data-id=\"e7af494\" data-element_type=\"widget\" data-e-type=\"widget\" data-widget_type=\"heading.default\">\n\t\t\t\t<div class=\"elementor-widget-container\">\n\t\t\t\t\t<h2 class=\"elementor-heading-title elementor-size-default\"><a href=\"https:\/\/pasmania.hr\/en\/shoreline-oasis-villa\/\">SHORELINE OASIS VILLA |  PRVI RED DO MORA\n<\/a><\/h2>\t\t\t\t<\/div>\n\t\t\t\t<\/div>\n\t\t\t\t<div class=\"elementor-element elementor-element-48ab1c3 elementor-widget elementor-widget-text-editor\" data-id=\"48ab1c3\" data-element_type=\"widget\" data-e-type=\"widget\" data-widget_type=\"text-editor.default\">\n\t\t\t\t<div class=\"elementor-widget-container\">\n\t\t\t\t\t\t\t\t\t<p><strong>Villa raspola\u017ee s tri spava\u0107e sobe i tri moderne kupaonice te prima do \u0161est osoba.<\/strong><\/p><p>Smje\u0161tena uz more, ova vila idealan je izbor za obitelji ili manje grupe koje tra\u017ee privatnost i udobnost.<br \/><br \/><\/p>\t\t\t\t\t\t\t\t<\/div>\n\t\t\t\t<\/div>\n\t\t<div class=\"elementor-element elementor-element-bddc9a0 e-con-full e-flex e-con e-child\" data-id=\"bddc9a0\" data-element_type=\"container\" data-e-type=\"container\">\n\t\t\t\t<div class=\"elementor-element elementor-element-27ecc5a elementor-widget-tablet__width-initial elementor-widget-mobile__width-initial elementor-widget elementor-widget-text-editor\" data-id=\"27ecc5a\" data-element_type=\"widget\" data-e-type=\"widget\" data-widget_type=\"text-editor.default\">\n\t\t\t\t<div class=\"elementor-widget-container\">\n\t\t\t\t\t\t\t\t\t<div style=\"display: flex; flex-direction: column; gap: 10px;\">\n<div style=\"display: flex; align-items: center; gap: 8px;\"><i class=\"fas fa-user\" style=\"color: #32a8b1;\"><\/i>\n6 OSOBA<\/div>\n<div style=\"display: flex; align-items: center; gap: 8px;\"><i class=\"fas fa-bed\" style=\"color: #32a8b1;\"><\/i>\n3 SPAVA\u0106E SOBE<\/div>\n<div style=\"display: flex; align-items: center; gap: 8px;\"><i class=\"fas fa-water\" style=\"color: #32a8b1;\"><\/i>\nPRVI RED DO MORA<\/div>\n<\/div>\t\t\t\t\t\t\t\t<\/div>\n\t\t\t\t<\/div>\n\t\t\t\t<div class=\"elementor-element elementor-element-904ccd0 elementor-widget__width-initial elementor-widget-mobile__width-initial elementor-widget elementor-widget-text-editor\" data-id=\"904ccd0\" data-element_type=\"widget\" data-e-type=\"widget\" data-widget_type=\"text-editor.default\">\n\t\t\t\t<div class=\"elementor-widget-container\">\n\t\t\t\t\t\t\t\t\t<div style=\"line-height: 1.1;\"><br \/><span style=\"font-size: 13px; font-weight: 300; color: #8e8e8e; text-transform: uppercase;\">DNEVNO OD<\/span><br \/><span style=\"font-size: 18px; font-weight: 600; color: #32a8b1;\">300,00 \u20ac<\/span><br \/><br \/><span style=\"font-size: 13px; font-weight: 300; color: #8e8e8e; text-transform: uppercase;\">TJEDNO OD<\/span><br \/><span style=\"font-size: 18px; font-weight: 600; color: #32a8b1;\">2100,00 \u20ac<\/span><\/div>\t\t\t\t\t\t\t\t<\/div>\n\t\t\t\t<\/div>\n\t\t\t\t<\/div>\n\t\t\t\t<\/div>\n\t\t\t\t\t<\/div>\n\t\t\t\t<\/div>\n\t\t\t\t<\/div>","protected":false},"excerpt":{"rendered":"<p>SHORELINE OASIS VILLA | PRVI RED DO MORA Villa raspola\u017ee s tri spava\u0107e sobe i tri moderne kupaonice te prima do \u0161est osoba. Smje\u0161tena uz more, ova vila idealan je izbor za obitelji ili manje grupe koje tra\u017ee privatnost i udobnost. 6 OSOBA 3 SPAVA\u0106E SOBE PRVI RED DO MORA DNEVNO OD300,00 \u20ac TJEDNO OD2100,00 [&hellip;]<\/p>","protected":false},"author":1,"featured_media":0,"parent":0,"menu_order":0,"comment_status":"closed","ping_status":"closed","template":"","meta":{"site-sidebar-layout":"no-sidebar","site-content-layout":"page-builder","ast-site-content-layout":"full-width-container","site-content-style":"default","site-sidebar-style":"default","ast-global-header-display":"","ast-banner-title-visibility":"","ast-main-header-display":"","ast-hfb-above-header-display":"","ast-hfb-below-header-display":"","ast-hfb-mobile-header-display":"","site-post-title":"disabled","ast-breadcrumbs-content":"","ast-featured-img":"disabled","footer-sml-layout":"","theme-transparent-header-meta":"","adv-header-id-meta":"","stick-header-meta":"","header-above-stick-meta":"","header-main-stick-meta":"","header-below-stick-meta":"","astra-migrate-meta-layouts":"set","ast-page-background-enabled":"default","ast-page-background-meta":{"desktop":{"background-color":"var(--ast-global-color-4)","background-image":"","background-repeat":"repeat","background-position":"center center","background-size":"auto","background-attachment":"scroll","background-type":"","background-media":"","overlay-type":"","overlay-color":"","overlay-opacity":"","overlay-gradient":""},"tablet":{"background-color":"","background-image":"","background-repeat":"repeat","background-position":"center center","background-size":"auto","background-attachment":"scroll","background-type":"","background-media":"","overlay-type":"","overlay-color":"","overlay-opacity":"","overlay-gradient":""},"mobile":{"background-color":"","background-image":"","background-repeat":"repeat","background-position":"center center","background-size":"auto","background-attachment":"scroll","background-type":"","background-media":"","overlay-type":"","overlay-color":"","overlay-opacity":"","overlay-gradient":""}},"ast-content-background-meta":{"desktop":{"background-color":"var(--ast-global-color-5)","background-image":"","background-repeat":"repeat","background-position":"center center","background-size":"auto","background-attachment":"scroll","background-type":"","background-media":"","overlay-type":"","overlay-color":"","overlay-opacity":"","overlay-gradient":""},"tablet":{"background-color":"var(--ast-global-color-5)","background-image":"","background-repeat":"repeat","background-position":"center center","background-size":"auto","background-attachment":"scroll","background-type":"","background-media":"","overlay-type":"","overlay-color":"","overlay-opacity":"","overlay-gradient":""},"mobile":{"background-color":"var(--ast-global-color-5)","background-image":"","background-repeat":"repeat","background-position":"center center","background-size":"auto","background-attachment":"scroll","background-type":"","background-media":"","overlay-type":"","overlay-color":"","overlay-opacity":"","overlay-gradient":""}},"footnotes":""},"class_list":["post-1677","page","type-page","status-publish","hentry"],"yoast_head":"<!-- This site is optimized with the Yoast SEO plugin v25.0 - https:\/\/yoast.com\/wordpress\/plugins\/seo\/ -->\n<title>Smje\u0161taj na Pa\u0161manu | Apartmani, ku\u0107e i vile za odmor<\/title>\n<meta name=\"description\" content=\"Prona\u0111i idealan smje\u0161taj na Pa\u0161manu \u2013 apartmani uz more, ku\u0107e za odmor i vile. Direktna rezervacija, lokalna podr\u0161ka i provjereni doma\u0107ini.\" \/>\n<meta name=\"robots\" content=\"index, follow, max-snippet:-1, max-image-preview:large, max-video-preview:-1\" \/>\n<link rel=\"canonical\" href=\"https:\/\/pasmania.hr\/en\/smjestaj\/\" \/>\n<meta property=\"og:locale\" content=\"en_GB\" \/>\n<meta property=\"og:type\" content=\"article\" \/>\n<meta property=\"og:title\" content=\"Smje\u0161taj na Pa\u0161manu \u2013 za tvoj miran i bezbri\u017ean odmor\" \/>\n<meta property=\"og:description\" content=\"Udobni apartmani, ku\u0107e i vile uz more, savr\u0161ene za opu\u0161tanje daleko od gu\u017eve. Rezerviraj smje\u0161taj u svom ritmu \u2013 bez posrednika, bez \u017eurbe, ba\u0161 onako kako treba izgledati godi\u0161nji.\" \/>\n<meta property=\"og:url\" content=\"https:\/\/pasmania.hr\/en\/smjestaj\/\" \/>\n<meta property=\"og:site_name\" content=\"Pa\u0161mania\" \/>\n<meta property=\"article:modified_time\" content=\"2025-11-24T14:09:34+00:00\" \/>\n<meta name=\"twitter:card\" content=\"summary_large_image\" \/>\n<meta name=\"twitter:image\" content=\"https:\/\/pasmania.hr\/wp-content\/uploads\/2025\/05\/Dodajte-podnaslov.jpg\" \/>\n<meta name=\"twitter:label1\" content=\"Estimated reading time\" \/>\n\t<meta name=\"twitter:data1\" content=\"2 minutes\" \/>\n<script type=\"application\/ld+json\" class=\"yoast-schema-graph\">{\"@context\":\"https:\/\/schema.org\",\"@graph\":[{\"@type\":\"WebPage\",\"@id\":\"https:\/\/pasmania.hr\/smjestaj\/\",\"url\":\"https:\/\/pasmania.hr\/smjestaj\/\",\"name\":\"Smje\u0161taj na Pa\u0161manu | Apartmani, ku\u0107e i vile za odmor\",\"isPartOf\":{\"@id\":\"https:\/\/pasmania.hr\/#website\"},\"primaryImageOfPage\":{\"@id\":\"https:\/\/pasmania.hr\/smjestaj\/#primaryimage\"},\"image\":{\"@id\":\"https:\/\/pasmania.hr\/smjestaj\/#primaryimage\"},\"thumbnailUrl\":\"https:\/\/pasmania.hr\/wp-content\/uploads\/2025\/05\/Dodajte-podnaslov.jpg\",\"datePublished\":\"2025-02-22T19:03:23+00:00\",\"dateModified\":\"2025-11-24T14:09:34+00:00\",\"description\":\"Prona\u0111i idealan smje\u0161taj na Pa\u0161manu \u2013 apartmani uz more, ku\u0107e za odmor i vile. Direktna rezervacija, lokalna podr\u0161ka i provjereni doma\u0107ini.\",\"breadcrumb\":{\"@id\":\"https:\/\/pasmania.hr\/smjestaj\/#breadcrumb\"},\"inLanguage\":\"en-GB\",\"potentialAction\":[{\"@type\":\"ReadAction\",\"target\":[\"https:\/\/pasmania.hr\/smjestaj\/\"]}]},{\"@type\":\"ImageObject\",\"inLanguage\":\"en-GB\",\"@id\":\"https:\/\/pasmania.hr\/smjestaj\/#primaryimage\",\"url\":\"https:\/\/pasmania.hr\/wp-content\/uploads\/2025\/05\/Dodajte-podnaslov.jpg\",\"contentUrl\":\"https:\/\/pasmania.hr\/wp-content\/uploads\/2025\/05\/Dodajte-podnaslov.jpg\"},{\"@type\":\"BreadcrumbList\",\"@id\":\"https:\/\/pasmania.hr\/smjestaj\/#breadcrumb\",\"itemListElement\":[{\"@type\":\"ListItem\",\"position\":1,\"name\":\"Po\u010detna stranica\",\"item\":\"https:\/\/pasmania.hr\/\"},{\"@type\":\"ListItem\",\"position\":2,\"name\":\"Smje\u0161taj\"}]},{\"@type\":\"WebSite\",\"@id\":\"https:\/\/pasmania.hr\/#website\",\"url\":\"https:\/\/pasmania.hr\/\",\"name\":\"Pa\u0161mania\",\"description\":\"Va\u0161a turisti\u010dka agencija na otoku Pa\u0161manu. Nudimo najbolji smje\u0161taj, autenti\u010dne izlete i profesionalno upravljanje nekretninama. Rezervirajte svoj odmor danas.\",\"publisher\":{\"@id\":\"https:\/\/pasmania.hr\/#organization\"},\"potentialAction\":[{\"@type\":\"SearchAction\",\"target\":{\"@type\":\"EntryPoint\",\"urlTemplate\":\"https:\/\/pasmania.hr\/?s={search_term_string}\"},\"query-input\":{\"@type\":\"PropertyValueSpecification\",\"valueRequired\":true,\"valueName\":\"search_term_string\"}}],\"inLanguage\":\"en-GB\"},{\"@type\":\"Organization\",\"@id\":\"https:\/\/pasmania.hr\/#organization\",\"name\":\"Pa\u0161mania\",\"url\":\"https:\/\/pasmania.hr\/\",\"logo\":{\"@type\":\"ImageObject\",\"inLanguage\":\"en-GB\",\"@id\":\"https:\/\/pasmania.hr\/#\/schema\/logo\/image\/\",\"url\":\"https:\/\/pasmania.hr\/wp-content\/uploads\/2025\/03\/loho-modri.png\",\"contentUrl\":\"https:\/\/pasmania.hr\/wp-content\/uploads\/2025\/03\/loho-modri.png\",\"width\":500,\"height\":500,\"caption\":\"Pa\u0161mania\"},\"image\":{\"@id\":\"https:\/\/pasmania.hr\/#\/schema\/logo\/image\/\"}}]}<\/script>\n<!-- \/ Yoast SEO plugin. -->","yoast_head_json":{"title":"Smje\u0161taj na Pa\u0161manu | Apartmani, ku\u0107e i vile za odmor","description":"Prona\u0111i idealan smje\u0161taj na Pa\u0161manu \u2013 apartmani uz more, ku\u0107e za odmor i vile. Direktna rezervacija, lokalna podr\u0161ka i provjereni doma\u0107ini.","robots":{"index":"index","follow":"follow","max-snippet":"max-snippet:-1","max-image-preview":"max-image-preview:large","max-video-preview":"max-video-preview:-1"},"canonical":"https:\/\/pasmania.hr\/en\/smjestaj\/","og_locale":"en_GB","og_type":"article","og_title":"Smje\u0161taj na Pa\u0161manu \u2013 za tvoj miran i bezbri\u017ean odmor","og_description":"Udobni apartmani, ku\u0107e i vile uz more, savr\u0161ene za opu\u0161tanje daleko od gu\u017eve. Rezerviraj smje\u0161taj u svom ritmu \u2013 bez posrednika, bez \u017eurbe, ba\u0161 onako kako treba izgledati godi\u0161nji.","og_url":"https:\/\/pasmania.hr\/en\/smjestaj\/","og_site_name":"Pa\u0161mania","article_modified_time":"2025-11-24T14:09:34+00:00","twitter_card":"summary_large_image","twitter_image":"https:\/\/pasmania.hr\/wp-content\/uploads\/2025\/05\/Dodajte-podnaslov.jpg","twitter_misc":{"Estimated reading time":"2 minutes"},"schema":{"@context":"https:\/\/schema.org","@graph":[{"@type":"WebPage","@id":"https:\/\/pasmania.hr\/smjestaj\/","url":"https:\/\/pasmania.hr\/smjestaj\/","name":"Smje\u0161taj na Pa\u0161manu | Apartmani, ku\u0107e i vile za odmor","isPartOf":{"@id":"https:\/\/pasmania.hr\/#website"},"primaryImageOfPage":{"@id":"https:\/\/pasmania.hr\/smjestaj\/#primaryimage"},"image":{"@id":"https:\/\/pasmania.hr\/smjestaj\/#primaryimage"},"thumbnailUrl":"https:\/\/pasmania.hr\/wp-content\/uploads\/2025\/05\/Dodajte-podnaslov.jpg","datePublished":"2025-02-22T19:03:23+00:00","dateModified":"2025-11-24T14:09:34+00:00","description":"Prona\u0111i idealan smje\u0161taj na Pa\u0161manu \u2013 apartmani uz more, ku\u0107e za odmor i vile. Direktna rezervacija, lokalna podr\u0161ka i provjereni doma\u0107ini.","breadcrumb":{"@id":"https:\/\/pasmania.hr\/smjestaj\/#breadcrumb"},"inLanguage":"en-GB","potentialAction":[{"@type":"ReadAction","target":["https:\/\/pasmania.hr\/smjestaj\/"]}]},{"@type":"ImageObject","inLanguage":"en-GB","@id":"https:\/\/pasmania.hr\/smjestaj\/#primaryimage","url":"https:\/\/pasmania.hr\/wp-content\/uploads\/2025\/05\/Dodajte-podnaslov.jpg","contentUrl":"https:\/\/pasmania.hr\/wp-content\/uploads\/2025\/05\/Dodajte-podnaslov.jpg"},{"@type":"BreadcrumbList","@id":"https:\/\/pasmania.hr\/smjestaj\/#breadcrumb","itemListElement":[{"@type":"ListItem","position":1,"name":"Po\u010detna stranica","item":"https:\/\/pasmania.hr\/"},{"@type":"ListItem","position":2,"name":"Smje\u0161taj"}]},{"@type":"WebSite","@id":"https:\/\/pasmania.hr\/#website","url":"https:\/\/pasmania.hr\/","name":"Pa\u0161mania","description":"Va\u0161a turisti\u010dka agencija na otoku Pa\u0161manu. Nudimo najbolji smje\u0161taj, autenti\u010dne izlete i profesionalno upravljanje nekretninama. Rezervirajte svoj odmor danas.","publisher":{"@id":"https:\/\/pasmania.hr\/#organization"},"potentialAction":[{"@type":"SearchAction","target":{"@type":"EntryPoint","urlTemplate":"https:\/\/pasmania.hr\/?s={search_term_string}"},"query-input":{"@type":"PropertyValueSpecification","valueRequired":true,"valueName":"search_term_string"}}],"inLanguage":"en-GB"},{"@type":"Organization","@id":"https:\/\/pasmania.hr\/#organization","name":"Pa\u0161mania","url":"https:\/\/pasmania.hr\/","logo":{"@type":"ImageObject","inLanguage":"en-GB","@id":"https:\/\/pasmania.hr\/#\/schema\/logo\/image\/","url":"https:\/\/pasmania.hr\/wp-content\/uploads\/2025\/03\/loho-modri.png","contentUrl":"https:\/\/pasmania.hr\/wp-content\/uploads\/2025\/03\/loho-modri.png","width":500,"height":500,"caption":"Pa\u0161mania"},"image":{"@id":"https:\/\/pasmania.hr\/#\/schema\/logo\/image\/"}}]}},"_links":{"self":[{"href":"https:\/\/pasmania.hr\/en\/wp-json\/wp\/v2\/pages\/1677","targetHints":{"allow":["GET"]}}],"collection":[{"href":"https:\/\/pasmania.hr\/en\/wp-json\/wp\/v2\/pages"}],"about":[{"href":"https:\/\/pasmania.hr\/en\/wp-json\/wp\/v2\/types\/page"}],"author":[{"embeddable":true,"href":"https:\/\/pasmania.hr\/en\/wp-json\/wp\/v2\/users\/1"}],"replies":[{"embeddable":true,"href":"https:\/\/pasmania.hr\/en\/wp-json\/wp\/v2\/comments?post=1677"}],"version-history":[{"count":100,"href":"https:\/\/pasmania.hr\/en\/wp-json\/wp\/v2\/pages\/1677\/revisions"}],"predecessor-version":[{"id":4589,"href":"https:\/\/pasmania.hr\/en\/wp-json\/wp\/v2\/pages\/1677\/revisions\/4589"}],"wp:attachment":[{"href":"https:\/\/pasmania.hr\/en\/wp-json\/wp\/v2\/media?parent=1677"}],"curies":[{"name":"wp","href":"https:\/\/api.w.org\/{rel}","templated":true}]}}