{"id":2008,"date":"2025-03-06T16:57:00","date_gmt":"2025-03-06T16:57:00","guid":{"rendered":"https:\/\/pasmania.hr\/?page_id=2008"},"modified":"2025-04-22T17:51:57","modified_gmt":"2025-04-22T17:51:57","slug":"pjesacka-tura-po-tkonu","status":"publish","type":"page","link":"https:\/\/pasmania.hr\/en\/pjesacka-tura-po-tkonu\/","title":{"rendered":"Pje\u0161a\u010dka tura po Tkonu"},"content":{"rendered":"<div data-elementor-type=\"wp-page\" data-elementor-id=\"2008\" class=\"elementor elementor-2008\">\n\t\t\t\t<div class=\"elementor-element elementor-element-bde6085 e-flex e-con-boxed e-con e-parent\" data-id=\"bde6085\" data-element_type=\"container\" data-e-type=\"container\">\n\t\t\t\t\t<div class=\"e-con-inner\">\n\t\t\t\t<div class=\"elementor-element elementor-element-77f945e elementor-widget elementor-widget-heading\" data-id=\"77f945e\" data-element_type=\"widget\" data-e-type=\"widget\" data-widget_type=\"heading.default\">\n\t\t\t\t<div class=\"elementor-widget-container\">\n\t\t\t\t\t<h1 class=\"elementor-heading-title elementor-size-default\">Walking tour through the history of Tkon\n<\/h1>\t\t\t\t<\/div>\n\t\t\t\t<\/div>\n\t\t\t\t\t<\/div>\n\t\t\t\t<\/div>\n\t\t<div class=\"elementor-element elementor-element-656cbdf e-grid e-con-boxed e-con e-parent\" data-id=\"656cbdf\" data-element_type=\"container\" data-e-type=\"container\">\n\t\t\t\t\t<div class=\"e-con-inner\">\n\t\t\t\t<div class=\"elementor-element elementor-element-7c71300 elementor-widget elementor-widget-image\" data-id=\"7c71300\" data-element_type=\"widget\" data-e-type=\"widget\" data-widget_type=\"image.default\">\n\t\t\t\t<div class=\"elementor-widget-container\">\n\t\t\t\t\t\t\t\t\t\t\t\t\t\t\t<img fetchpriority=\"high\" decoding=\"async\" width=\"835\" height=\"787\" src=\"https:\/\/pasmania.hr\/wp-content\/uploads\/2025\/03\/maslinik-pasmania.jpg\" class=\"attachment-large size-large wp-image-2799\" alt=\"\" srcset=\"https:\/\/pasmania.hr\/wp-content\/uploads\/2025\/03\/maslinik-pasmania.jpg 835w, https:\/\/pasmania.hr\/wp-content\/uploads\/2025\/03\/maslinik-pasmania-300x283.jpg 300w, https:\/\/pasmania.hr\/wp-content\/uploads\/2025\/03\/maslinik-pasmania-768x724.jpg 768w, https:\/\/pasmania.hr\/wp-content\/uploads\/2025\/03\/maslinik-pasmania-13x12.jpg 13w\" sizes=\"(max-width: 835px) 100vw, 835px\" \/>\t\t\t\t\t\t\t\t\t\t\t\t\t\t\t<\/div>\n\t\t\t\t<\/div>\n\t\t\t\t<div class=\"elementor-element elementor-element-dbfc9f7 elementor-widget elementor-widget-image\" data-id=\"dbfc9f7\" data-element_type=\"widget\" data-e-type=\"widget\" data-widget_type=\"image.default\">\n\t\t\t\t<div class=\"elementor-widget-container\">\n\t\t\t\t\t\t\t\t\t\t\t\t\t\t\t<img decoding=\"async\" width=\"835\" height=\"787\" src=\"https:\/\/pasmania.hr\/wp-content\/uploads\/2025\/03\/kucica.jpg\" class=\"attachment-large size-large wp-image-2800\" alt=\"\" srcset=\"https:\/\/pasmania.hr\/wp-content\/uploads\/2025\/03\/kucica.jpg 835w, https:\/\/pasmania.hr\/wp-content\/uploads\/2025\/03\/kucica-300x283.jpg 300w, https:\/\/pasmania.hr\/wp-content\/uploads\/2025\/03\/kucica-768x724.jpg 768w, https:\/\/pasmania.hr\/wp-content\/uploads\/2025\/03\/kucica-13x12.jpg 13w\" sizes=\"(max-width: 835px) 100vw, 835px\" \/>\t\t\t\t\t\t\t\t\t\t\t\t\t\t\t<\/div>\n\t\t\t\t<\/div>\n\t\t\t\t\t<\/div>\n\t\t\t\t<\/div>\n\t\t<div class=\"elementor-element elementor-element-d462e70 e-flex e-con-boxed e-con e-parent\" data-id=\"d462e70\" data-element_type=\"container\" data-e-type=\"container\">\n\t\t\t\t\t<div class=\"e-con-inner\">\n\t\t\t\t<div class=\"elementor-element elementor-element-7c49091 elementor-widget elementor-widget-heading\" data-id=\"7c49091\" data-element_type=\"widget\" data-e-type=\"widget\" data-widget_type=\"heading.default\">\n\t\t\t\t<div class=\"elementor-widget-container\">\n\t\t\t\t\t<h2 class=\"elementor-heading-title elementor-size-default\">Explore the rich history of Tkon and experience the authentic island vibe!<\/h2>\t\t\t\t<\/div>\n\t\t\t\t<\/div>\n\t\t\t\t\t<\/div>\n\t\t\t\t<\/div>\n\t\t<div class=\"elementor-element elementor-element-9d8b2a8 e-flex e-con-boxed e-con e-parent\" data-id=\"9d8b2a8\" data-element_type=\"container\" data-e-type=\"container\">\n\t\t\t\t\t<div class=\"e-con-inner\">\n\t\t\t\t<div class=\"elementor-element elementor-element-799b4a7 elementor-widget elementor-widget-text-editor\" data-id=\"799b4a7\" data-element_type=\"widget\" data-e-type=\"widget\" data-widget_type=\"text-editor.default\">\n\t\t\t\t<div class=\"elementor-widget-container\">\n\t\t\t\t\t\t\t\t\t<p>As you stroll through the narrow streets and historic sites, you will learn about the stories of old cisterns, noble families, and churches that have shaped life on the island for centuries. We will place special emphasis on the Glagolitic script \u2013 the oldest Slavic script that played an important role in this region.<\/p><p>\u00a0<\/p><p>\ud83d\udccd Polazak: Centar Tkona\u00a0<\/p><p>\u00a0<\/p><p>Available tour times:<br \/>\ud83c\udf1e Morning tour \u2013 Departure at 8:00, perfect for exploring Tkon before the sun gets too strong.<br \/>\ud83c\udf19 Evening tour \u2013 Departure at 6:30 PM, with a pleasant island atmosphere and sunset at the end of the walk.<\/p><p>\u00a0<\/p><p>This easy walk takes you through:<br \/><strong>Central square with an old cistern<\/strong> \u2013 the heart of Tkon, where locals have collected water for centuries<\/p><p><strong>The oldest street with the De Ercco family estate<\/strong> \u2013 a story about the island's noble past<br \/><strong>Churches of St. Anthony, Our Lady of Seven Sorrows and St. Thomas<\/strong> \u2013 witnesses of spiritual and cultural heritage<br \/><strong>Glagolitic script<\/strong> \u2013 the oldest Slavic script \u2013 you will learn about its role in the past of Dalmatia<\/p><p>\u00a0<\/p><p>\ud83d\udccc Tour details:<br \/>\u2022 Duration: 2 hours<br \/>\u2022 Price: 25 euros per person<\/p><p><em>Children under 12 years old participate for free.<\/em><\/p><p>\u00a0<\/p><p>\ud83d\udc49 Book your appointment and discover the hidden stories of Tkon!<\/p>\t\t\t\t\t\t\t\t<\/div>\n\t\t\t\t<\/div>\n\t\t\t\t\t<\/div>\n\t\t\t\t<\/div>\n\t\t<div class=\"elementor-element elementor-element-6aff5a8 e-flex e-con-boxed e-con e-parent\" data-id=\"6aff5a8\" data-element_type=\"container\" data-e-type=\"container\">\n\t\t\t\t\t<div class=\"e-con-inner\">\n\t\t\t\t<div class=\"elementor-element elementor-element-b380e23 elementor-align-center elementor-widget elementor-widget-button\" data-id=\"b380e23\" data-element_type=\"widget\" data-e-type=\"widget\" data-widget_type=\"button.default\">\n\t\t\t\t<div class=\"elementor-widget-container\">\n\t\t\t\t\t\t\t\t\t<div class=\"elementor-button-wrapper\">\n\t\t\t\t\t<a class=\"elementor-button elementor-button-link elementor-size-sm\" href=\"mailto:info@pasmania.hr?subject=Rezervacija%20ture&#038;body=Pozdrav%20Pa\u0161mania%20team,%0D%0A%0D%0A\u017delim%20rezervirati%20turu%20u%20Tkonu.%0D%0A%0D%0A%20Ime%20i%20prezime:%20%0D%0A%20Datum%20ture:%20%0D%0A%20Termin:%20(Jutarnji%208:00%20ili%20Ve\u010dernji%2018:30)%0D%0A%20Broj%20osoba:%20%0D%0A%0D%0A%20Hvala%20i%20veselim%20se%20turi!%0D%0A%0D%0A%20Lijep%20pozdrav,%0D%0A%5BTvoje%20ime%5D\">\n\t\t\t\t\t\t<span class=\"elementor-button-content-wrapper\">\n\t\t\t\t\t\t\t\t\t<span class=\"elementor-button-text\">Explore the island with us<\/span>\n\t\t\t\t\t<\/span>\n\t\t\t\t\t<\/a>\n\t\t\t\t<\/div>\n\t\t\t\t\t\t\t\t<\/div>\n\t\t\t\t<\/div>\n\t\t\t\t\t<\/div>\n\t\t\t\t<\/div>\n\t\t<div class=\"elementor-element elementor-element-a41922f e-flex e-con-boxed e-con e-parent\" data-id=\"a41922f\" data-element_type=\"container\" data-e-type=\"container\">\n\t\t\t\t\t<div class=\"e-con-inner\">\n\t\t\t\t<div class=\"elementor-element elementor-element-b4d40ce elementor-widget elementor-widget-html\" data-id=\"b4d40ce\" data-element_type=\"widget\" data-e-type=\"widget\" data-widget_type=\"html.default\">\n\t\t\t\t<div class=\"elementor-widget-container\">\n\t\t\t\t\t<a href=\"\/en\/kontakt\/\" class=\"info-okvir-link\">\n  <div class=\"info-okvir\">\n    <p><strong>What to bring with you?<\/strong><\/p>\n    <ul>\n      <li><strong>Sports shoes<\/strong> \u2013 the terrain is natural and uneven in places.<\/li>\n      <li><strong>Bottle of water<\/strong> \u2013 hydration is the key, especially on a morning tour.<\/li>\n      <li><strong>Sun protection<\/strong> \u2013 a hat, sunglasses and SPF cream are a must.<\/li>\n      <li><strong>Light clothing<\/strong> \u2013 breathable materials for maximum comfort.<\/li>\n      <li><strong>Mobile phone or camera<\/strong> \u2013 the viewpoint is Instagram-ready, don't miss the shot.<\/li>\n      <li><strong>Curiosity and willingness for a little island adventure<\/strong> \u2013 because it makes the difference between a walk and an experience.<\/li>\n    <\/ul>\n  <\/div>\n<\/a>\t\t\t\t<\/div>\n\t\t\t\t<\/div>\n\t\t\t\t\t<\/div>\n\t\t\t\t<\/div>\n\t\t\t\t<\/div>","protected":false},"excerpt":{"rendered":"<p>Pje\u0161a\u010dka tura kroz povijest Tkona Istra\u017eite bogatu povijest Tkona i do\u017eivite autenti\u010dni oto\u010dki duh! Kroz laganu \u0161etnju uskim ulicama i povijesnim lokalitetima, upoznat \u0107ete pri\u010de o starim cisternama, plemi\u0107kim obiteljima i crkvama koje su stolje\u0107ima oblikovale \u017eivot na otoku. Poseban naglasak stavit \u0107emo na glagoljicu \u2013 najstarije slavensko pismo koje je imalo va\u017enu ulogu u [&hellip;]<\/p>","protected":false},"author":1,"featured_media":2789,"parent":0,"menu_order":0,"comment_status":"closed","ping_status":"closed","template":"","meta":{"site-sidebar-layout":"no-sidebar","site-content-layout":"page-builder","ast-site-content-layout":"full-width-container","site-content-style":"unboxed","site-sidebar-style":"default","ast-global-header-display":"","ast-banner-title-visibility":"","ast-main-header-display":"","ast-hfb-above-header-display":"","ast-hfb-below-header-display":"","ast-hfb-mobile-header-display":"","site-post-title":"disabled","ast-breadcrumbs-content":"","ast-featured-img":"disabled","footer-sml-layout":"","theme-transparent-header-meta":"","adv-header-id-meta":"","stick-header-meta":"","header-above-stick-meta":"","header-main-stick-meta":"","header-below-stick-meta":"","astra-migrate-meta-layouts":"set","ast-page-background-enabled":"default","ast-page-background-meta":{"desktop":{"background-color":"var(--ast-global-color-4)","background-image":"","background-repeat":"repeat","background-position":"center center","background-size":"auto","background-attachment":"scroll","background-type":"","background-media":"","overlay-type":"","overlay-color":"","overlay-opacity":"","overlay-gradient":""},"tablet":{"background-color":"","background-image":"","background-repeat":"repeat","background-position":"center center","background-size":"auto","background-attachment":"scroll","background-type":"","background-media":"","overlay-type":"","overlay-color":"","overlay-opacity":"","overlay-gradient":""},"mobile":{"background-color":"","background-image":"","background-repeat":"repeat","background-position":"center center","background-size":"auto","background-attachment":"scroll","background-type":"","background-media":"","overlay-type":"","overlay-color":"","overlay-opacity":"","overlay-gradient":""}},"ast-content-background-meta":{"desktop":{"background-color":"var(--ast-global-color-5)","background-image":"","background-repeat":"repeat","background-position":"center center","background-size":"auto","background-attachment":"scroll","background-type":"","background-media":"","overlay-type":"","overlay-color":"","overlay-opacity":"","overlay-gradient":""},"tablet":{"background-color":"var(--ast-global-color-5)","background-image":"","background-repeat":"repeat","background-position":"center center","background-size":"auto","background-attachment":"scroll","background-type":"","background-media":"","overlay-type":"","overlay-color":"","overlay-opacity":"","overlay-gradient":""},"mobile":{"background-color":"var(--ast-global-color-5)","background-image":"","background-repeat":"repeat","background-position":"center center","background-size":"auto","background-attachment":"scroll","background-type":"","background-media":"","overlay-type":"","overlay-color":"","overlay-opacity":"","overlay-gradient":""}},"footnotes":""},"class_list":["post-2008","page","type-page","status-publish","has-post-thumbnail","hentry"],"yoast_head":"<!-- This site is optimized with the Yoast SEO plugin v25.0 - https:\/\/yoast.com\/wordpress\/plugins\/seo\/ -->\n<title>Pje\u0161a\u010dka tura po Tkonu | Otkrij skrivene kutke Pa\u0161mana uz lokalca<\/title>\n<meta name=\"description\" content=\"Zapo\u010dni ili zavr\u0161i dan \u0161etnjom kroz Tkon uz lokalnog vodi\u010da. Istra\u017ei povijest, prirodu i autenti\u010dan dalmatinski duh uz ritam otoka.\" \/>\n<meta name=\"robots\" content=\"index, follow, max-snippet:-1, max-image-preview:large, max-video-preview:-1\" \/>\n<link rel=\"canonical\" href=\"https:\/\/pasmania.hr\/en\/pjesacka-tura-po-tkonu\/\" \/>\n<meta property=\"og:locale\" content=\"en_GB\" \/>\n<meta property=\"og:type\" content=\"article\" \/>\n<meta property=\"og:title\" content=\"Pje\u0161a\u010dka tura kroz Tkon \u2013 upoznaj Pa\u0161man o\u010dima lokalca\" \/>\n<meta property=\"og:description\" content=\"Kreni u laganu \u0161etnju kroz Tkon s lokalnim vodi\u010dem. Otkrij skrivene kutke, oto\u010dne pri\u010de i dalmatinski ritam \u017eivota \u2013 bez \u017eurbe, uz dozu autenti\u010dnosti i \u0161arma.\" \/>\n<meta property=\"og:url\" content=\"https:\/\/pasmania.hr\/en\/pjesacka-tura-po-tkonu\/\" \/>\n<meta property=\"og:site_name\" content=\"Pa\u0161mania\" \/>\n<meta property=\"article:modified_time\" content=\"2025-04-22T17:51:57+00:00\" \/>\n<meta property=\"og:image\" content=\"https:\/\/pasmania.hr\/wp-content\/uploads\/2025\/03\/DJI_0659.jpg\" \/>\n\t<meta property=\"og:image:width\" content=\"1920\" \/>\n\t<meta property=\"og:image:height\" content=\"1080\" \/>\n\t<meta property=\"og:image:type\" content=\"image\/jpeg\" \/>\n<meta name=\"twitter:card\" content=\"summary_large_image\" \/>\n<meta name=\"twitter:label1\" content=\"Estimated reading time\" \/>\n\t<meta name=\"twitter:data1\" content=\"2 minutes\" \/>\n<script type=\"application\/ld+json\" class=\"yoast-schema-graph\">{\"@context\":\"https:\/\/schema.org\",\"@graph\":[{\"@type\":\"WebPage\",\"@id\":\"https:\/\/pasmania.hr\/pjesacka-tura-po-tkonu\/\",\"url\":\"https:\/\/pasmania.hr\/pjesacka-tura-po-tkonu\/\",\"name\":\"Pje\u0161a\u010dka tura po Tkonu | Otkrij skrivene kutke Pa\u0161mana uz lokalca\",\"isPartOf\":{\"@id\":\"https:\/\/pasmania.hr\/#website\"},\"primaryImageOfPage\":{\"@id\":\"https:\/\/pasmania.hr\/pjesacka-tura-po-tkonu\/#primaryimage\"},\"image\":{\"@id\":\"https:\/\/pasmania.hr\/pjesacka-tura-po-tkonu\/#primaryimage\"},\"thumbnailUrl\":\"https:\/\/pasmania.hr\/wp-content\/uploads\/2025\/03\/DJI_0659.jpg\",\"datePublished\":\"2025-03-06T16:57:00+00:00\",\"dateModified\":\"2025-04-22T17:51:57+00:00\",\"description\":\"Zapo\u010dni ili zavr\u0161i dan \u0161etnjom kroz Tkon uz lokalnog vodi\u010da. Istra\u017ei povijest, prirodu i autenti\u010dan dalmatinski duh uz ritam otoka.\",\"breadcrumb\":{\"@id\":\"https:\/\/pasmania.hr\/pjesacka-tura-po-tkonu\/#breadcrumb\"},\"inLanguage\":\"en-GB\",\"potentialAction\":[{\"@type\":\"ReadAction\",\"target\":[\"https:\/\/pasmania.hr\/pjesacka-tura-po-tkonu\/\"]}]},{\"@type\":\"ImageObject\",\"inLanguage\":\"en-GB\",\"@id\":\"https:\/\/pasmania.hr\/pjesacka-tura-po-tkonu\/#primaryimage\",\"url\":\"https:\/\/pasmania.hr\/wp-content\/uploads\/2025\/03\/DJI_0659.jpg\",\"contentUrl\":\"https:\/\/pasmania.hr\/wp-content\/uploads\/2025\/03\/DJI_0659.jpg\",\"width\":1920,\"height\":1080,\"caption\":\"Pa\u0161mania\"},{\"@type\":\"BreadcrumbList\",\"@id\":\"https:\/\/pasmania.hr\/pjesacka-tura-po-tkonu\/#breadcrumb\",\"itemListElement\":[{\"@type\":\"ListItem\",\"position\":1,\"name\":\"Po\u010detna stranica\",\"item\":\"https:\/\/pasmania.hr\/\"},{\"@type\":\"ListItem\",\"position\":2,\"name\":\"Pje\u0161a\u010dka tura po Tkonu\"}]},{\"@type\":\"WebSite\",\"@id\":\"https:\/\/pasmania.hr\/#website\",\"url\":\"https:\/\/pasmania.hr\/\",\"name\":\"Pa\u0161mania\",\"description\":\"Va\u0161a turisti\u010dka agencija na otoku Pa\u0161manu. Nudimo najbolji smje\u0161taj, autenti\u010dne izlete i profesionalno upravljanje nekretninama. Rezervirajte svoj odmor danas.\",\"publisher\":{\"@id\":\"https:\/\/pasmania.hr\/#organization\"},\"potentialAction\":[{\"@type\":\"SearchAction\",\"target\":{\"@type\":\"EntryPoint\",\"urlTemplate\":\"https:\/\/pasmania.hr\/?s={search_term_string}\"},\"query-input\":{\"@type\":\"PropertyValueSpecification\",\"valueRequired\":true,\"valueName\":\"search_term_string\"}}],\"inLanguage\":\"en-GB\"},{\"@type\":\"Organization\",\"@id\":\"https:\/\/pasmania.hr\/#organization\",\"name\":\"Pa\u0161mania\",\"url\":\"https:\/\/pasmania.hr\/\",\"logo\":{\"@type\":\"ImageObject\",\"inLanguage\":\"en-GB\",\"@id\":\"https:\/\/pasmania.hr\/#\/schema\/logo\/image\/\",\"url\":\"https:\/\/pasmania.hr\/wp-content\/uploads\/2025\/03\/loho-modri.png\",\"contentUrl\":\"https:\/\/pasmania.hr\/wp-content\/uploads\/2025\/03\/loho-modri.png\",\"width\":500,\"height\":500,\"caption\":\"Pa\u0161mania\"},\"image\":{\"@id\":\"https:\/\/pasmania.hr\/#\/schema\/logo\/image\/\"}}]}<\/script>\n<!-- \/ Yoast SEO plugin. -->","yoast_head_json":{"title":"Pje\u0161a\u010dka tura po Tkonu | Otkrij skrivene kutke Pa\u0161mana uz lokalca","description":"Zapo\u010dni ili zavr\u0161i dan \u0161etnjom kroz Tkon uz lokalnog vodi\u010da. Istra\u017ei povijest, prirodu i autenti\u010dan dalmatinski duh uz ritam otoka.","robots":{"index":"index","follow":"follow","max-snippet":"max-snippet:-1","max-image-preview":"max-image-preview:large","max-video-preview":"max-video-preview:-1"},"canonical":"https:\/\/pasmania.hr\/en\/pjesacka-tura-po-tkonu\/","og_locale":"en_GB","og_type":"article","og_title":"Pje\u0161a\u010dka tura kroz Tkon \u2013 upoznaj Pa\u0161man o\u010dima lokalca","og_description":"Kreni u laganu \u0161etnju kroz Tkon s lokalnim vodi\u010dem. Otkrij skrivene kutke, oto\u010dne pri\u010de i dalmatinski ritam \u017eivota \u2013 bez \u017eurbe, uz dozu autenti\u010dnosti i \u0161arma.","og_url":"https:\/\/pasmania.hr\/en\/pjesacka-tura-po-tkonu\/","og_site_name":"Pa\u0161mania","article_modified_time":"2025-04-22T17:51:57+00:00","og_image":[{"width":1920,"height":1080,"url":"https:\/\/pasmania.hr\/wp-content\/uploads\/2025\/03\/DJI_0659.jpg","type":"image\/jpeg"}],"twitter_card":"summary_large_image","twitter_misc":{"Estimated reading time":"2 minutes"},"schema":{"@context":"https:\/\/schema.org","@graph":[{"@type":"WebPage","@id":"https:\/\/pasmania.hr\/pjesacka-tura-po-tkonu\/","url":"https:\/\/pasmania.hr\/pjesacka-tura-po-tkonu\/","name":"Pje\u0161a\u010dka tura po Tkonu | Otkrij skrivene kutke Pa\u0161mana uz lokalca","isPartOf":{"@id":"https:\/\/pasmania.hr\/#website"},"primaryImageOfPage":{"@id":"https:\/\/pasmania.hr\/pjesacka-tura-po-tkonu\/#primaryimage"},"image":{"@id":"https:\/\/pasmania.hr\/pjesacka-tura-po-tkonu\/#primaryimage"},"thumbnailUrl":"https:\/\/pasmania.hr\/wp-content\/uploads\/2025\/03\/DJI_0659.jpg","datePublished":"2025-03-06T16:57:00+00:00","dateModified":"2025-04-22T17:51:57+00:00","description":"Zapo\u010dni ili zavr\u0161i dan \u0161etnjom kroz Tkon uz lokalnog vodi\u010da. Istra\u017ei povijest, prirodu i autenti\u010dan dalmatinski duh uz ritam otoka.","breadcrumb":{"@id":"https:\/\/pasmania.hr\/pjesacka-tura-po-tkonu\/#breadcrumb"},"inLanguage":"en-GB","potentialAction":[{"@type":"ReadAction","target":["https:\/\/pasmania.hr\/pjesacka-tura-po-tkonu\/"]}]},{"@type":"ImageObject","inLanguage":"en-GB","@id":"https:\/\/pasmania.hr\/pjesacka-tura-po-tkonu\/#primaryimage","url":"https:\/\/pasmania.hr\/wp-content\/uploads\/2025\/03\/DJI_0659.jpg","contentUrl":"https:\/\/pasmania.hr\/wp-content\/uploads\/2025\/03\/DJI_0659.jpg","width":1920,"height":1080,"caption":"Pa\u0161mania"},{"@type":"BreadcrumbList","@id":"https:\/\/pasmania.hr\/pjesacka-tura-po-tkonu\/#breadcrumb","itemListElement":[{"@type":"ListItem","position":1,"name":"Po\u010detna stranica","item":"https:\/\/pasmania.hr\/"},{"@type":"ListItem","position":2,"name":"Pje\u0161a\u010dka tura po Tkonu"}]},{"@type":"WebSite","@id":"https:\/\/pasmania.hr\/#website","url":"https:\/\/pasmania.hr\/","name":"Pa\u0161mania","description":"Va\u0161a turisti\u010dka agencija na otoku Pa\u0161manu. Nudimo najbolji smje\u0161taj, autenti\u010dne izlete i profesionalno upravljanje nekretninama. Rezervirajte svoj odmor danas.","publisher":{"@id":"https:\/\/pasmania.hr\/#organization"},"potentialAction":[{"@type":"SearchAction","target":{"@type":"EntryPoint","urlTemplate":"https:\/\/pasmania.hr\/?s={search_term_string}"},"query-input":{"@type":"PropertyValueSpecification","valueRequired":true,"valueName":"search_term_string"}}],"inLanguage":"en-GB"},{"@type":"Organization","@id":"https:\/\/pasmania.hr\/#organization","name":"Pa\u0161mania","url":"https:\/\/pasmania.hr\/","logo":{"@type":"ImageObject","inLanguage":"en-GB","@id":"https:\/\/pasmania.hr\/#\/schema\/logo\/image\/","url":"https:\/\/pasmania.hr\/wp-content\/uploads\/2025\/03\/loho-modri.png","contentUrl":"https:\/\/pasmania.hr\/wp-content\/uploads\/2025\/03\/loho-modri.png","width":500,"height":500,"caption":"Pa\u0161mania"},"image":{"@id":"https:\/\/pasmania.hr\/#\/schema\/logo\/image\/"}}]}},"_links":{"self":[{"href":"https:\/\/pasmania.hr\/en\/wp-json\/wp\/v2\/pages\/2008","targetHints":{"allow":["GET"]}}],"collection":[{"href":"https:\/\/pasmania.hr\/en\/wp-json\/wp\/v2\/pages"}],"about":[{"href":"https:\/\/pasmania.hr\/en\/wp-json\/wp\/v2\/types\/page"}],"author":[{"embeddable":true,"href":"https:\/\/pasmania.hr\/en\/wp-json\/wp\/v2\/users\/1"}],"replies":[{"embeddable":true,"href":"https:\/\/pasmania.hr\/en\/wp-json\/wp\/v2\/comments?post=2008"}],"version-history":[{"count":34,"href":"https:\/\/pasmania.hr\/en\/wp-json\/wp\/v2\/pages\/2008\/revisions"}],"predecessor-version":[{"id":2854,"href":"https:\/\/pasmania.hr\/en\/wp-json\/wp\/v2\/pages\/2008\/revisions\/2854"}],"wp:featuredmedia":[{"embeddable":true,"href":"https:\/\/pasmania.hr\/en\/wp-json\/wp\/v2\/media\/2789"}],"wp:attachment":[{"href":"https:\/\/pasmania.hr\/en\/wp-json\/wp\/v2\/media?parent=2008"}],"curies":[{"name":"wp","href":"https:\/\/api.w.org\/{rel}","templated":true}]}}