{"id":2025,"date":"2025-03-07T17:26:31","date_gmt":"2025-03-07T17:26:31","guid":{"rendered":"https:\/\/pasmania.hr\/?page_id=2025"},"modified":"2025-04-22T17:47:26","modified_gmt":"2025-04-22T17:47:26","slug":"izgubljene-price-pustograda-rimske-vile-suhozidi-i-brodolomi","status":"publish","type":"page","link":"https:\/\/pasmania.hr\/en\/izgubljene-price-pustograda-rimske-vile-suhozidi-i-brodolomi\/","title":{"rendered":"Lost Stories of Pustograd: Roman Villas, Dry Stone Walls and Shipwrecks"},"content":{"rendered":"<div data-elementor-type=\"wp-page\" data-elementor-id=\"2025\" class=\"elementor elementor-2025\">\n\t\t\t\t<div class=\"elementor-element elementor-element-43a7a39 e-flex e-con-boxed e-con e-parent\" data-id=\"43a7a39\" data-element_type=\"container\" data-e-type=\"container\">\n\t\t\t\t\t<div class=\"e-con-inner\">\n\t\t<div class=\"elementor-element elementor-element-f1a27d7 e-con-full e-flex e-con e-child\" data-id=\"f1a27d7\" data-element_type=\"container\" data-e-type=\"container\">\n\t\t\t\t<div class=\"elementor-element elementor-element-7f6f50e elementor-widget elementor-widget-heading\" data-id=\"7f6f50e\" data-element_type=\"widget\" data-e-type=\"widget\" data-widget_type=\"heading.default\">\n\t\t\t\t<div class=\"elementor-widget-container\">\n\t\t\t\t\t<h1 class=\"elementor-heading-title elementor-size-default\">Lost Stories of Pustograd: Roman Villas, Dry Stone Walls and Shipwrecks<\/h1>\t\t\t\t<\/div>\n\t\t\t\t<\/div>\n\t\t\t\t<\/div>\n\t\t\t\t\t<\/div>\n\t\t\t\t<\/div>\n\t\t<div class=\"elementor-element elementor-element-24af715 e-grid e-con-boxed e-con e-parent\" data-id=\"24af715\" data-element_type=\"container\" data-e-type=\"container\">\n\t\t\t\t\t<div class=\"e-con-inner\">\n\t\t\t\t<div class=\"elementor-element elementor-element-0b284cc elementor-widget elementor-widget-image\" data-id=\"0b284cc\" data-element_type=\"widget\" data-e-type=\"widget\" data-widget_type=\"image.default\">\n\t\t\t\t<div class=\"elementor-widget-container\">\n\t\t\t\t\t\t\t\t\t\t\t\t\t\t\t<img fetchpriority=\"high\" decoding=\"async\" width=\"835\" height=\"787\" src=\"https:\/\/pasmania.hr\/wp-content\/uploads\/2025\/03\/kucica.jpg\" class=\"attachment-large size-large wp-image-2800\" alt=\"\" srcset=\"https:\/\/pasmania.hr\/wp-content\/uploads\/2025\/03\/kucica.jpg 835w, https:\/\/pasmania.hr\/wp-content\/uploads\/2025\/03\/kucica-300x283.jpg 300w, https:\/\/pasmania.hr\/wp-content\/uploads\/2025\/03\/kucica-768x724.jpg 768w, https:\/\/pasmania.hr\/wp-content\/uploads\/2025\/03\/kucica-13x12.jpg 13w\" sizes=\"(max-width: 835px) 100vw, 835px\" \/>\t\t\t\t\t\t\t\t\t\t\t\t\t\t\t<\/div>\n\t\t\t\t<\/div>\n\t\t\t\t<div class=\"elementor-element elementor-element-0718837 elementor-widget elementor-widget-image\" data-id=\"0718837\" data-element_type=\"widget\" data-e-type=\"widget\" data-widget_type=\"image.default\">\n\t\t\t\t<div class=\"elementor-widget-container\">\n\t\t\t\t\t\t\t\t\t\t\t\t\t\t\t<img decoding=\"async\" width=\"835\" height=\"787\" src=\"https:\/\/pasmania.hr\/wp-content\/uploads\/2025\/03\/maslinik-pasmania.jpg\" class=\"attachment-large size-large wp-image-2799\" alt=\"\" srcset=\"https:\/\/pasmania.hr\/wp-content\/uploads\/2025\/03\/maslinik-pasmania.jpg 835w, https:\/\/pasmania.hr\/wp-content\/uploads\/2025\/03\/maslinik-pasmania-300x283.jpg 300w, https:\/\/pasmania.hr\/wp-content\/uploads\/2025\/03\/maslinik-pasmania-768x724.jpg 768w, https:\/\/pasmania.hr\/wp-content\/uploads\/2025\/03\/maslinik-pasmania-13x12.jpg 13w\" sizes=\"(max-width: 835px) 100vw, 835px\" \/>\t\t\t\t\t\t\t\t\t\t\t\t\t\t\t<\/div>\n\t\t\t\t<\/div>\n\t\t\t\t\t<\/div>\n\t\t\t\t<\/div>\n\t\t<div class=\"elementor-element elementor-element-957d56e e-flex e-con-boxed e-con e-parent\" data-id=\"957d56e\" data-element_type=\"container\" data-e-type=\"container\">\n\t\t\t\t\t<div class=\"e-con-inner\">\n\t\t\t\t<div class=\"elementor-element elementor-element-21ea5a9 elementor-widget elementor-widget-heading\" data-id=\"21ea5a9\" data-element_type=\"widget\" data-e-type=\"widget\" data-widget_type=\"heading.default\">\n\t\t\t\t<div class=\"elementor-widget-container\">\n\t\t\t\t\t<h2 class=\"elementor-heading-title elementor-size-default\">Embark on a journey through the centuries and explore the historical traces of the civilizations that lived here!<\/h2>\t\t\t\t<\/div>\n\t\t\t\t<\/div>\n\t\t\t\t\t<\/div>\n\t\t\t\t<\/div>\n\t\t<div class=\"elementor-element elementor-element-19caa22 e-flex e-con-boxed e-con e-parent\" data-id=\"19caa22\" data-element_type=\"container\" data-e-type=\"container\">\n\t\t\t\t\t<div class=\"e-con-inner\">\n\t\t\t\t<div class=\"elementor-element elementor-element-6aab310 elementor-widget elementor-widget-text-editor\" data-id=\"6aab310\" data-element_type=\"widget\" data-e-type=\"widget\" data-widget_type=\"text-editor.default\">\n\t\t\t\t<div class=\"elementor-widget-container\">\n\t\t\t\t\t\t\t\t\t<p>Enjoy the magic of dry stone walls and stone houses, the scents of the macchia and the diversity of island plants that tell their own story of life on the island. Through a leisurely walk around the island, we will explore hidden traces of the past, from the remains of ancient civilizations to untouched nature that has preserved stories for centuries.<\/p><p>\u00a0<\/p><p>\ud83d\udccd Polazak: Centar Tkona<\/p><p>\u00a0<\/p><p>Available tour times:<br \/>\ud83c\udf1e Jutarnja tura \u2013 Polazak u 7:30, savr\u0161eno za istra\u017eivanje Tkona prije nego \u0161to sunce postane prejako.<br \/>\ud83c\udf19 Evening tour \u2013 Departure at 6:30 PM, with a pleasant island atmosphere and sunset at the end of the walk.<\/p><p>\u00a0<\/p><p>On the route we will visit:<br \/><strong>Remains of a Roman villas and wells<\/strong> \u2013 traces of ancient life on the island<br \/><strong>Dry stone walls and stone houses<\/strong> \u2013 fascinantna oto\u010dna arhitektura u kamenu<br \/><strong>Fortress Pustograd<\/strong> \u2013 an Illyrian fortress with a stunning sea view<br \/><strong>The story of a 16th century galley shipwreck near the islet of Gnali\u0107<\/strong> \u2013 one of the most important late Renaissance underwater sites in the world.<\/p><p>\u00a0<\/p><p>\ud83d\udccc Tour details:<\/p><p>\u2022 Route length: 8 km (4+4)<\/p><p>\u2022 Duration: 3 hours<br \/>\u2022 Price: 25 euros per person<\/p><p><em>Children under 12 years old participate for free.<\/em><\/p><p>\u00a0<\/p><p>\ud83d\udc49 Book your appointment and discover the hidden stories of Tkon!<\/p>\t\t\t\t\t\t\t\t<\/div>\n\t\t\t\t<\/div>\n\t\t\t\t\t<\/div>\n\t\t\t\t<\/div>\n\t\t<div class=\"elementor-element elementor-element-06913c6 e-flex e-con-boxed e-con e-parent\" data-id=\"06913c6\" data-element_type=\"container\" data-e-type=\"container\">\n\t\t\t\t\t<div class=\"e-con-inner\">\n\t\t\t\t<div class=\"elementor-element elementor-element-a556559 elementor-align-center elementor-widget elementor-widget-button\" data-id=\"a556559\" data-element_type=\"widget\" data-e-type=\"widget\" data-widget_type=\"button.default\">\n\t\t\t\t<div class=\"elementor-widget-container\">\n\t\t\t\t\t\t\t\t\t<div class=\"elementor-button-wrapper\">\n\t\t\t\t\t<a class=\"elementor-button elementor-button-link elementor-size-sm\" href=\"mailto:info@pasmania.hr?subject=Rezervacija%20ture%20-%20Otkrij%20izgubljene%20pri%C4%8De%20Pustograda&#038;body=Pozdrav%20Pa\u0161mania%20team,%0D%0A%0D%0A\u017delim%20rezervirati%20turu%20Otkrij%20izgubljene%20pri%C4%8De%20Pustograda.%0D%0A%0D%0A%20\ud83d\udcdd%20Ime%20i%20prezime:%20%0D%0A%20\ud83d\udcc5%20Datum%20izleta:%20%0D%0A%20\ud83d\udd58%20Termin:%20(Jutarnji%208:00%20ili%20Ve\u010dernji%2018:30)%0D%0A%20\ud83d\udc65%20Broj%20osoba:%20%0D%0A%0D%0A%20Hvala,%20veselim%20se%20izletu!%0D%0A%0D%0A%20Lijep%20pozdrav,%0D%0A%5BTvoje%20ime%5D\">\n\t\t\t\t\t\t<span class=\"elementor-button-content-wrapper\">\n\t\t\t\t\t\t\t\t\t<span class=\"elementor-button-text\">Explore the island with us<\/span>\n\t\t\t\t\t<\/span>\n\t\t\t\t\t<\/a>\n\t\t\t\t<\/div>\n\t\t\t\t\t\t\t\t<\/div>\n\t\t\t\t<\/div>\n\t\t\t\t\t<\/div>\n\t\t\t\t<\/div>\n\t\t<div class=\"elementor-element elementor-element-1b3bd94 e-flex e-con-boxed e-con e-parent\" data-id=\"1b3bd94\" data-element_type=\"container\" data-e-type=\"container\">\n\t\t\t\t\t<div class=\"e-con-inner\">\n\t\t\t\t<div class=\"elementor-element elementor-element-bdd1a9e elementor-widget elementor-widget-html\" data-id=\"bdd1a9e\" data-element_type=\"widget\" data-e-type=\"widget\" data-widget_type=\"html.default\">\n\t\t\t\t<div class=\"elementor-widget-container\">\n\t\t\t\t\t<a href=\"\/en\/kontakt\/\" class=\"info-okvir-link\">\n  <div class=\"info-okvir\">\n    <p><strong>What to bring with you?<\/strong><\/p>\n    <ul>\n      <li><strong>Sports shoes<\/strong> \u2013 the terrain is natural and uneven in places.<\/li>\n      <li><strong>Bottle of water<\/strong> \u2013 hydration is the key, especially on a morning tour.<\/li>\n      <li><strong>Sun protection<\/strong> \u2013 a hat, sunglasses and SPF cream are a must.<\/li>\n      <li><strong>Light clothing<\/strong> \u2013 breathable materials for maximum comfort.<\/li>\n      <li><strong>Mobile phone or camera<\/strong> \u2013 the viewpoint is Instagram-ready, don't miss the shot.<\/li>\n      <li><strong>Curiosity and willingness for a little island adventure<\/strong> \u2013 because it makes the difference between a walk and an experience.<\/li>\n    <\/ul>\n  <\/div>\n<\/a>\t\t\t\t<\/div>\n\t\t\t\t<\/div>\n\t\t\t\t\t<\/div>\n\t\t\t\t<\/div>\n\t\t\t\t<\/div>","protected":false},"excerpt":{"rendered":"<p>Izgubljene pri\u010de Pustograda: Rimske vile, suhozidi i brodolomi Krenite na putovanje kroz stolje\u0107a i istra\u017eite povijesne tragove civilizacija koje su ovdje obitavale! U\u017eivajte u \u010daroliji suhozida i kamenih ku\u0107ica, mirisima makije i raznolikosti oto\u010dnog bilja koje pri\u010da svoju pri\u010du o \u017eivotu na otoku. Kroz laganu \u0161etnju otokom istra\u017eit \u0107emo skrivene tragove pro\u0161losti, od ostataka drevnih [&hellip;]<\/p>","protected":false},"author":1,"featured_media":2289,"parent":0,"menu_order":0,"comment_status":"closed","ping_status":"closed","template":"","meta":{"site-sidebar-layout":"no-sidebar","site-content-layout":"page-builder","ast-site-content-layout":"full-width-container","site-content-style":"default","site-sidebar-style":"default","ast-global-header-display":"","ast-banner-title-visibility":"","ast-main-header-display":"","ast-hfb-above-header-display":"","ast-hfb-below-header-display":"","ast-hfb-mobile-header-display":"","site-post-title":"disabled","ast-breadcrumbs-content":"","ast-featured-img":"disabled","footer-sml-layout":"","theme-transparent-header-meta":"","adv-header-id-meta":"","stick-header-meta":"","header-above-stick-meta":"","header-main-stick-meta":"","header-below-stick-meta":"","astra-migrate-meta-layouts":"set","ast-page-background-enabled":"default","ast-page-background-meta":{"desktop":{"background-color":"var(--ast-global-color-4)","background-image":"","background-repeat":"repeat","background-position":"center center","background-size":"auto","background-attachment":"scroll","background-type":"","background-media":"","overlay-type":"","overlay-color":"","overlay-opacity":"","overlay-gradient":""},"tablet":{"background-color":"","background-image":"","background-repeat":"repeat","background-position":"center center","background-size":"auto","background-attachment":"scroll","background-type":"","background-media":"","overlay-type":"","overlay-color":"","overlay-opacity":"","overlay-gradient":""},"mobile":{"background-color":"","background-image":"","background-repeat":"repeat","background-position":"center center","background-size":"auto","background-attachment":"scroll","background-type":"","background-media":"","overlay-type":"","overlay-color":"","overlay-opacity":"","overlay-gradient":""}},"ast-content-background-meta":{"desktop":{"background-color":"var(--ast-global-color-5)","background-image":"","background-repeat":"repeat","background-position":"center center","background-size":"auto","background-attachment":"scroll","background-type":"","background-media":"","overlay-type":"","overlay-color":"","overlay-opacity":"","overlay-gradient":""},"tablet":{"background-color":"var(--ast-global-color-5)","background-image":"","background-repeat":"repeat","background-position":"center center","background-size":"auto","background-attachment":"scroll","background-type":"","background-media":"","overlay-type":"","overlay-color":"","overlay-opacity":"","overlay-gradient":""},"mobile":{"background-color":"var(--ast-global-color-5)","background-image":"","background-repeat":"repeat","background-position":"center center","background-size":"auto","background-attachment":"scroll","background-type":"","background-media":"","overlay-type":"","overlay-color":"","overlay-opacity":"","overlay-gradient":""}},"footnotes":""},"class_list":["post-2025","page","type-page","status-publish","has-post-thumbnail","hentry"],"yoast_head":"<!-- This site is optimized with the Yoast SEO plugin v25.0 - https:\/\/yoast.com\/wordpress\/plugins\/seo\/ -->\n<title>Pustograd Tkon | Otok Pa\u0161man<\/title>\n<meta name=\"description\" content=\"Zaronite u tajne Pustograda na Pa\u0161manu! Otkrijte rimske vile, kamene suhozide i pri\u010de o brodolomima kroz autenti\u010dnu turu s lokalim vodi\u010dem.\" \/>\n<meta name=\"robots\" content=\"index, follow, max-snippet:-1, max-image-preview:large, max-video-preview:-1\" \/>\n<link rel=\"canonical\" href=\"https:\/\/pasmania.hr\/en\/izgubljene-price-pustograda-rimske-vile-suhozidi-i-brodolomi\/\" \/>\n<meta property=\"og:locale\" content=\"en_GB\" \/>\n<meta property=\"og:type\" content=\"article\" \/>\n<meta property=\"og:title\" content=\"Pustograd \u2013 zaboravljena pri\u010da otoka Pa\u0161mana\" \/>\n<meta property=\"og:description\" content=\"Rimske vile, kameni suhozidi i legende o brodolomima \u2013 sve to otkriva ova autenti\u010dna \u0161etnja kroz povijest. Kreni s lokalnim vodi\u010dem i do\u017eivi Pustograd iz prve ruke.\" \/>\n<meta property=\"og:url\" content=\"https:\/\/pasmania.hr\/en\/izgubljene-price-pustograda-rimske-vile-suhozidi-i-brodolomi\/\" \/>\n<meta property=\"og:site_name\" content=\"Pa\u0161mania\" \/>\n<meta property=\"article:modified_time\" content=\"2025-04-22T17:47:26+00:00\" \/>\n<meta property=\"og:image\" content=\"https:\/\/pasmania.hr\/wp-content\/uploads\/2025\/03\/DSC_4498-scaled.jpg\" \/>\n\t<meta property=\"og:image:width\" content=\"1920\" \/>\n\t<meta property=\"og:image:height\" content=\"1280\" \/>\n\t<meta property=\"og:image:type\" content=\"image\/jpeg\" \/>\n<meta name=\"twitter:card\" content=\"summary_large_image\" \/>\n<meta name=\"twitter:label1\" content=\"Estimated reading time\" \/>\n\t<meta name=\"twitter:data1\" content=\"2 minutes\" \/>\n<script type=\"application\/ld+json\" class=\"yoast-schema-graph\">{\"@context\":\"https:\/\/schema.org\",\"@graph\":[{\"@type\":\"WebPage\",\"@id\":\"https:\/\/pasmania.hr\/izgubljene-price-pustograda-rimske-vile-suhozidi-i-brodolomi\/\",\"url\":\"https:\/\/pasmania.hr\/izgubljene-price-pustograda-rimske-vile-suhozidi-i-brodolomi\/\",\"name\":\"Pustograd Tkon | Otok Pa\u0161man\",\"isPartOf\":{\"@id\":\"https:\/\/pasmania.hr\/#website\"},\"primaryImageOfPage\":{\"@id\":\"https:\/\/pasmania.hr\/izgubljene-price-pustograda-rimske-vile-suhozidi-i-brodolomi\/#primaryimage\"},\"image\":{\"@id\":\"https:\/\/pasmania.hr\/izgubljene-price-pustograda-rimske-vile-suhozidi-i-brodolomi\/#primaryimage\"},\"thumbnailUrl\":\"https:\/\/pasmania.hr\/wp-content\/uploads\/2025\/03\/DSC_4498-scaled.jpg\",\"datePublished\":\"2025-03-07T17:26:31+00:00\",\"dateModified\":\"2025-04-22T17:47:26+00:00\",\"description\":\"Zaronite u tajne Pustograda na Pa\u0161manu! Otkrijte rimske vile, kamene suhozide i pri\u010de o brodolomima kroz autenti\u010dnu turu s lokalim vodi\u010dem.\",\"breadcrumb\":{\"@id\":\"https:\/\/pasmania.hr\/izgubljene-price-pustograda-rimske-vile-suhozidi-i-brodolomi\/#breadcrumb\"},\"inLanguage\":\"en-GB\",\"potentialAction\":[{\"@type\":\"ReadAction\",\"target\":[\"https:\/\/pasmania.hr\/izgubljene-price-pustograda-rimske-vile-suhozidi-i-brodolomi\/\"]}]},{\"@type\":\"ImageObject\",\"inLanguage\":\"en-GB\",\"@id\":\"https:\/\/pasmania.hr\/izgubljene-price-pustograda-rimske-vile-suhozidi-i-brodolomi\/#primaryimage\",\"url\":\"https:\/\/pasmania.hr\/wp-content\/uploads\/2025\/03\/DSC_4498-scaled.jpg\",\"contentUrl\":\"https:\/\/pasmania.hr\/wp-content\/uploads\/2025\/03\/DSC_4498-scaled.jpg\",\"width\":1920,\"height\":1280},{\"@type\":\"BreadcrumbList\",\"@id\":\"https:\/\/pasmania.hr\/izgubljene-price-pustograda-rimske-vile-suhozidi-i-brodolomi\/#breadcrumb\",\"itemListElement\":[{\"@type\":\"ListItem\",\"position\":1,\"name\":\"Po\u010detna stranica\",\"item\":\"https:\/\/pasmania.hr\/\"},{\"@type\":\"ListItem\",\"position\":2,\"name\":\"Izgubljene pri\u010de Pustograda: Rimske vile, suhozidi i brodolomi\"}]},{\"@type\":\"WebSite\",\"@id\":\"https:\/\/pasmania.hr\/#website\",\"url\":\"https:\/\/pasmania.hr\/\",\"name\":\"Pa\u0161mania\",\"description\":\"Va\u0161a turisti\u010dka agencija na otoku Pa\u0161manu. Nudimo najbolji smje\u0161taj, autenti\u010dne izlete i profesionalno upravljanje nekretninama. Rezervirajte svoj odmor danas.\",\"publisher\":{\"@id\":\"https:\/\/pasmania.hr\/#organization\"},\"potentialAction\":[{\"@type\":\"SearchAction\",\"target\":{\"@type\":\"EntryPoint\",\"urlTemplate\":\"https:\/\/pasmania.hr\/?s={search_term_string}\"},\"query-input\":{\"@type\":\"PropertyValueSpecification\",\"valueRequired\":true,\"valueName\":\"search_term_string\"}}],\"inLanguage\":\"en-GB\"},{\"@type\":\"Organization\",\"@id\":\"https:\/\/pasmania.hr\/#organization\",\"name\":\"Pa\u0161mania\",\"url\":\"https:\/\/pasmania.hr\/\",\"logo\":{\"@type\":\"ImageObject\",\"inLanguage\":\"en-GB\",\"@id\":\"https:\/\/pasmania.hr\/#\/schema\/logo\/image\/\",\"url\":\"https:\/\/pasmania.hr\/wp-content\/uploads\/2025\/03\/loho-modri.png\",\"contentUrl\":\"https:\/\/pasmania.hr\/wp-content\/uploads\/2025\/03\/loho-modri.png\",\"width\":500,\"height\":500,\"caption\":\"Pa\u0161mania\"},\"image\":{\"@id\":\"https:\/\/pasmania.hr\/#\/schema\/logo\/image\/\"}}]}<\/script>\n<!-- \/ Yoast SEO plugin. -->","yoast_head_json":{"title":"Pustograd Tkon | Otok Pa\u0161man","description":"Zaronite u tajne Pustograda na Pa\u0161manu! Otkrijte rimske vile, kamene suhozide i pri\u010de o brodolomima kroz autenti\u010dnu turu s lokalim vodi\u010dem.","robots":{"index":"index","follow":"follow","max-snippet":"max-snippet:-1","max-image-preview":"max-image-preview:large","max-video-preview":"max-video-preview:-1"},"canonical":"https:\/\/pasmania.hr\/en\/izgubljene-price-pustograda-rimske-vile-suhozidi-i-brodolomi\/","og_locale":"en_GB","og_type":"article","og_title":"Pustograd \u2013 zaboravljena pri\u010da otoka Pa\u0161mana","og_description":"Rimske vile, kameni suhozidi i legende o brodolomima \u2013 sve to otkriva ova autenti\u010dna \u0161etnja kroz povijest. Kreni s lokalnim vodi\u010dem i do\u017eivi Pustograd iz prve ruke.","og_url":"https:\/\/pasmania.hr\/en\/izgubljene-price-pustograda-rimske-vile-suhozidi-i-brodolomi\/","og_site_name":"Pa\u0161mania","article_modified_time":"2025-04-22T17:47:26+00:00","og_image":[{"width":1920,"height":1280,"url":"https:\/\/pasmania.hr\/wp-content\/uploads\/2025\/03\/DSC_4498-scaled.jpg","type":"image\/jpeg"}],"twitter_card":"summary_large_image","twitter_misc":{"Estimated reading time":"2 minutes"},"schema":{"@context":"https:\/\/schema.org","@graph":[{"@type":"WebPage","@id":"https:\/\/pasmania.hr\/izgubljene-price-pustograda-rimske-vile-suhozidi-i-brodolomi\/","url":"https:\/\/pasmania.hr\/izgubljene-price-pustograda-rimske-vile-suhozidi-i-brodolomi\/","name":"Pustograd Tkon | Otok Pa\u0161man","isPartOf":{"@id":"https:\/\/pasmania.hr\/#website"},"primaryImageOfPage":{"@id":"https:\/\/pasmania.hr\/izgubljene-price-pustograda-rimske-vile-suhozidi-i-brodolomi\/#primaryimage"},"image":{"@id":"https:\/\/pasmania.hr\/izgubljene-price-pustograda-rimske-vile-suhozidi-i-brodolomi\/#primaryimage"},"thumbnailUrl":"https:\/\/pasmania.hr\/wp-content\/uploads\/2025\/03\/DSC_4498-scaled.jpg","datePublished":"2025-03-07T17:26:31+00:00","dateModified":"2025-04-22T17:47:26+00:00","description":"Zaronite u tajne Pustograda na Pa\u0161manu! Otkrijte rimske vile, kamene suhozide i pri\u010de o brodolomima kroz autenti\u010dnu turu s lokalim vodi\u010dem.","breadcrumb":{"@id":"https:\/\/pasmania.hr\/izgubljene-price-pustograda-rimske-vile-suhozidi-i-brodolomi\/#breadcrumb"},"inLanguage":"en-GB","potentialAction":[{"@type":"ReadAction","target":["https:\/\/pasmania.hr\/izgubljene-price-pustograda-rimske-vile-suhozidi-i-brodolomi\/"]}]},{"@type":"ImageObject","inLanguage":"en-GB","@id":"https:\/\/pasmania.hr\/izgubljene-price-pustograda-rimske-vile-suhozidi-i-brodolomi\/#primaryimage","url":"https:\/\/pasmania.hr\/wp-content\/uploads\/2025\/03\/DSC_4498-scaled.jpg","contentUrl":"https:\/\/pasmania.hr\/wp-content\/uploads\/2025\/03\/DSC_4498-scaled.jpg","width":1920,"height":1280},{"@type":"BreadcrumbList","@id":"https:\/\/pasmania.hr\/izgubljene-price-pustograda-rimske-vile-suhozidi-i-brodolomi\/#breadcrumb","itemListElement":[{"@type":"ListItem","position":1,"name":"Po\u010detna stranica","item":"https:\/\/pasmania.hr\/"},{"@type":"ListItem","position":2,"name":"Izgubljene pri\u010de Pustograda: Rimske vile, suhozidi i brodolomi"}]},{"@type":"WebSite","@id":"https:\/\/pasmania.hr\/#website","url":"https:\/\/pasmania.hr\/","name":"Pa\u0161mania","description":"Va\u0161a turisti\u010dka agencija na otoku Pa\u0161manu. Nudimo najbolji smje\u0161taj, autenti\u010dne izlete i profesionalno upravljanje nekretninama. Rezervirajte svoj odmor danas.","publisher":{"@id":"https:\/\/pasmania.hr\/#organization"},"potentialAction":[{"@type":"SearchAction","target":{"@type":"EntryPoint","urlTemplate":"https:\/\/pasmania.hr\/?s={search_term_string}"},"query-input":{"@type":"PropertyValueSpecification","valueRequired":true,"valueName":"search_term_string"}}],"inLanguage":"en-GB"},{"@type":"Organization","@id":"https:\/\/pasmania.hr\/#organization","name":"Pa\u0161mania","url":"https:\/\/pasmania.hr\/","logo":{"@type":"ImageObject","inLanguage":"en-GB","@id":"https:\/\/pasmania.hr\/#\/schema\/logo\/image\/","url":"https:\/\/pasmania.hr\/wp-content\/uploads\/2025\/03\/loho-modri.png","contentUrl":"https:\/\/pasmania.hr\/wp-content\/uploads\/2025\/03\/loho-modri.png","width":500,"height":500,"caption":"Pa\u0161mania"},"image":{"@id":"https:\/\/pasmania.hr\/#\/schema\/logo\/image\/"}}]}},"_links":{"self":[{"href":"https:\/\/pasmania.hr\/en\/wp-json\/wp\/v2\/pages\/2025","targetHints":{"allow":["GET"]}}],"collection":[{"href":"https:\/\/pasmania.hr\/en\/wp-json\/wp\/v2\/pages"}],"about":[{"href":"https:\/\/pasmania.hr\/en\/wp-json\/wp\/v2\/types\/page"}],"author":[{"embeddable":true,"href":"https:\/\/pasmania.hr\/en\/wp-json\/wp\/v2\/users\/1"}],"replies":[{"embeddable":true,"href":"https:\/\/pasmania.hr\/en\/wp-json\/wp\/v2\/comments?post=2025"}],"version-history":[{"count":37,"href":"https:\/\/pasmania.hr\/en\/wp-json\/wp\/v2\/pages\/2025\/revisions"}],"predecessor-version":[{"id":2851,"href":"https:\/\/pasmania.hr\/en\/wp-json\/wp\/v2\/pages\/2025\/revisions\/2851"}],"wp:featuredmedia":[{"embeddable":true,"href":"https:\/\/pasmania.hr\/en\/wp-json\/wp\/v2\/media\/2289"}],"wp:attachment":[{"href":"https:\/\/pasmania.hr\/en\/wp-json\/wp\/v2\/media?parent=2025"}],"curies":[{"name":"wp","href":"https:\/\/api.w.org\/{rel}","templated":true}]}}