{"id":2063,"date":"2025-03-12T15:16:55","date_gmt":"2025-03-12T15:16:55","guid":{"rendered":"https:\/\/pasmania.hr\/?page_id=2063"},"modified":"2025-04-22T17:44:39","modified_gmt":"2025-04-22T17:44:39","slug":"tragom-predaka-u-vremenu","status":"publish","type":"page","link":"https:\/\/pasmania.hr\/en\/tragom-predaka-u-vremenu\/","title":{"rendered":"Tragom predaka u vremenu"},"content":{"rendered":"<div data-elementor-type=\"wp-page\" data-elementor-id=\"2063\" class=\"elementor elementor-2063\">\n\t\t\t\t<div class=\"elementor-element elementor-element-c296c91 e-flex e-con-boxed e-con e-parent\" data-id=\"c296c91\" data-element_type=\"container\" data-e-type=\"container\">\n\t\t\t\t\t<div class=\"e-con-inner\">\n\t\t\t\t<div class=\"elementor-element elementor-element-9d07927 elementor-widget elementor-widget-heading\" data-id=\"9d07927\" data-element_type=\"widget\" data-e-type=\"widget\" data-widget_type=\"heading.default\">\n\t\t\t\t<div class=\"elementor-widget-container\">\n\t\t\t\t\t<h1 class=\"elementor-heading-title elementor-size-default\">Following the footsteps of ancestors through time - a recreational and educational walk<\/h1>\t\t\t\t<\/div>\n\t\t\t\t<\/div>\n\t\t\t\t\t<\/div>\n\t\t\t\t<\/div>\n\t\t<div class=\"elementor-element elementor-element-a81e6ca e-grid e-con-boxed e-con e-parent\" data-id=\"a81e6ca\" data-element_type=\"container\" data-e-type=\"container\">\n\t\t\t\t\t<div class=\"e-con-inner\">\n\t\t\t\t<div class=\"elementor-element elementor-element-2b77c87 elementor-widget elementor-widget-image\" data-id=\"2b77c87\" data-element_type=\"widget\" data-e-type=\"widget\" data-widget_type=\"image.default\">\n\t\t\t\t<div class=\"elementor-widget-container\">\n\t\t\t\t\t\t\t\t\t\t\t\t\t\t\t<img fetchpriority=\"high\" decoding=\"async\" width=\"835\" height=\"787\" src=\"https:\/\/pasmania.hr\/wp-content\/uploads\/2025\/03\/kucica.jpg\" class=\"attachment-large size-large wp-image-2800\" alt=\"\" srcset=\"https:\/\/pasmania.hr\/wp-content\/uploads\/2025\/03\/kucica.jpg 835w, https:\/\/pasmania.hr\/wp-content\/uploads\/2025\/03\/kucica-300x283.jpg 300w, https:\/\/pasmania.hr\/wp-content\/uploads\/2025\/03\/kucica-768x724.jpg 768w, https:\/\/pasmania.hr\/wp-content\/uploads\/2025\/03\/kucica-13x12.jpg 13w\" sizes=\"(max-width: 835px) 100vw, 835px\" \/>\t\t\t\t\t\t\t\t\t\t\t\t\t\t\t<\/div>\n\t\t\t\t<\/div>\n\t\t\t\t<div class=\"elementor-element elementor-element-982e26d elementor-widget elementor-widget-image\" data-id=\"982e26d\" data-element_type=\"widget\" data-e-type=\"widget\" data-widget_type=\"image.default\">\n\t\t\t\t<div class=\"elementor-widget-container\">\n\t\t\t\t\t\t\t\t\t\t\t\t\t\t\t<img decoding=\"async\" width=\"835\" height=\"787\" src=\"https:\/\/pasmania.hr\/wp-content\/uploads\/2025\/03\/maslinik-pasmania.jpg\" class=\"attachment-large size-large wp-image-2799\" alt=\"\" srcset=\"https:\/\/pasmania.hr\/wp-content\/uploads\/2025\/03\/maslinik-pasmania.jpg 835w, https:\/\/pasmania.hr\/wp-content\/uploads\/2025\/03\/maslinik-pasmania-300x283.jpg 300w, https:\/\/pasmania.hr\/wp-content\/uploads\/2025\/03\/maslinik-pasmania-768x724.jpg 768w, https:\/\/pasmania.hr\/wp-content\/uploads\/2025\/03\/maslinik-pasmania-13x12.jpg 13w\" sizes=\"(max-width: 835px) 100vw, 835px\" \/>\t\t\t\t\t\t\t\t\t\t\t\t\t\t\t<\/div>\n\t\t\t\t<\/div>\n\t\t\t\t\t<\/div>\n\t\t\t\t<\/div>\n\t\t<div class=\"elementor-element elementor-element-3f3e285 e-flex e-con-boxed e-con e-parent\" data-id=\"3f3e285\" data-element_type=\"container\" data-e-type=\"container\">\n\t\t\t\t\t<div class=\"e-con-inner\">\n\t\t\t\t<div class=\"elementor-element elementor-element-c4aeb02 elementor-widget elementor-widget-heading\" data-id=\"c4aeb02\" data-element_type=\"widget\" data-e-type=\"widget\" data-widget_type=\"heading.default\">\n\t\t\t\t<div class=\"elementor-widget-container\">\n\t\t\t\t\t<h2 class=\"elementor-heading-title elementor-size-default\">Feel the spirit of the past as you explore the hidden corners of Pa\u0161man, where every stone tells its own story!<\/h2>\t\t\t\t<\/div>\n\t\t\t\t<\/div>\n\t\t\t\t\t<\/div>\n\t\t\t\t<\/div>\n\t\t<div class=\"elementor-element elementor-element-31ab611 e-flex e-con-boxed e-con e-parent\" data-id=\"31ab611\" data-element_type=\"container\" data-e-type=\"container\">\n\t\t\t\t\t<div class=\"e-con-inner\">\n\t\t\t\t<div class=\"elementor-element elementor-element-c3c3815 elementor-widget elementor-widget-text-editor\" data-id=\"c3c3815\" data-element_type=\"widget\" data-e-type=\"widget\" data-widget_type=\"text-editor.default\">\n\t\t\t\t<div class=\"elementor-widget-container\">\n\t\t\t\t\t\t\t\t\t<p>Experience the island way of life through a walk among dry-stone walls, stone houses, and untouched nature. Learn more about traditional building techniques and feel the spirit of the past while enjoying the view from the Stra\u017ea viewpoint, the most beautiful on the island of Pa\u0161man.<\/p><p>\u00a0<\/p><p>\ud83d\udccd Polazak: Centar Tkona\u00a0<\/p><p>\u00a0<\/p><p>Available tour times:<br \/>\ud83c\udf1e Jutarnja tura \u2013 Polazak u 7:30, savr\u0161eno za istra\u017eivanje Tkona prije nego \u0161to sunce postane prejako.<br \/>\ud83c\udf19 Evening tour \u2013 Departure at 6:30 PM, with a pleasant island atmosphere and sunset at the end of the walk.<\/p><p>\u00a0<\/p><p>On the route we will visit:<\/p><p><strong>Dry stone walls and stone houses<\/strong> \u2013 learn about the ancient art of laying stones without binders, which shaped the island's landscape.<br \/><strong>Viewpoint Stra\u017ea<\/strong> \u2013 the most beautiful panoramic view of the island of Pa\u0161man and the surrounding archipelago.<br \/><strong>Olive groves and wild Mediterranean nature<\/strong> \u2013 experience the authentic Mediterranean landscape with the scents of medicinal herbs.<br \/><strong>Stories about the island lifestyle<\/strong> \u2013 learn interesting facts about life in the past and today through local anecdotes and historical facts.<\/p><p>\u00a0<\/p><p>\ud83d\udccc Detalji ture<\/p><p>\u2022 Duration: 3 hours<br \/>\u2022 Route length: 8 km<br \/>\u2022 Price: 25 euros per person<\/p><p><em>Children under 12 years old participate for free.<\/em><\/p><p>\u00a0<\/p><p>\ud83d\udc49 Book your appointment and experience the island in a special way!<\/p>\t\t\t\t\t\t\t\t<\/div>\n\t\t\t\t<\/div>\n\t\t\t\t\t<\/div>\n\t\t\t\t<\/div>\n\t\t<div class=\"elementor-element elementor-element-7698487 e-flex e-con-boxed e-con e-parent\" data-id=\"7698487\" data-element_type=\"container\" data-e-type=\"container\">\n\t\t\t\t\t<div class=\"e-con-inner\">\n\t\t\t\t<div class=\"elementor-element elementor-element-ab2ad70 elementor-align-center elementor-widget elementor-widget-button\" data-id=\"ab2ad70\" data-element_type=\"widget\" data-e-type=\"widget\" data-widget_type=\"button.default\">\n\t\t\t\t<div class=\"elementor-widget-container\">\n\t\t\t\t\t\t\t\t\t<div class=\"elementor-button-wrapper\">\n\t\t\t\t\t<a class=\"elementor-button elementor-button-link elementor-size-sm\" href=\"mailto:info@pasmania.hr?subject=Rezervacija%20-%20Tragom%20predaka%20u%20vremenu%20-%20rekreativna%20i%20edukativna%20\u0161etnja&#038;body=Pozdrav%20Pa\u0161mania%20team,%0D%0A%0D%0A\u017delim%20rezervirati%20turu%20&#039;Tragom%20predaka%20u%20vremenu%20-%20rekreativna%20i%20edukativna%20\u0161etnja&#039;.%0D%0A%0D%0A%20\ud83d\udcdd%20Ime%20i%20prezime:%20%0D%0A%20\ud83d\udcc5%20Datum%20izleta:%20%0D%0A%20\ud83d\udd58%20Termin:%20(Jutarnji%208:00%20ili%20Ve\u010dernji%2018:30)%0D%0A%20\ud83d\udc65%20Broj%20osoba:%20%0D%0A%0D%0A%20Hvala,%20veselim%20se%20izletu!%0D%0A%0D%0A%20Lijep%20pozdrav,%0D%0A%5BTvoje%20ime%5D\">\n\t\t\t\t\t\t<span class=\"elementor-button-content-wrapper\">\n\t\t\t\t\t\t\t\t\t<span class=\"elementor-button-text\">Explore the island with us<\/span>\n\t\t\t\t\t<\/span>\n\t\t\t\t\t<\/a>\n\t\t\t\t<\/div>\n\t\t\t\t\t\t\t\t<\/div>\n\t\t\t\t<\/div>\n\t\t\t\t\t<\/div>\n\t\t\t\t<\/div>\n\t\t<div class=\"elementor-element elementor-element-a4226c4 e-flex e-con-boxed e-con e-parent\" data-id=\"a4226c4\" data-element_type=\"container\" data-e-type=\"container\">\n\t\t\t\t\t<div class=\"e-con-inner\">\n\t\t\t\t<div class=\"elementor-element elementor-element-883726c elementor-widget elementor-widget-html\" data-id=\"883726c\" data-element_type=\"widget\" data-e-type=\"widget\" data-widget_type=\"html.default\">\n\t\t\t\t<div class=\"elementor-widget-container\">\n\t\t\t\t\t<a href=\"\/en\/kontakt\/\" class=\"info-okvir-link\">\n  <div class=\"info-okvir\">\n    <p><strong>What to bring with you?<\/strong><\/p>\n    <ul>\n      <li><strong>Sports shoes<\/strong> \u2013 the terrain is natural and uneven in places.<\/li>\n      <li><strong>Bottle of water<\/strong> \u2013 hydration is the key, especially on a morning tour.<\/li>\n      <li><strong>Sun protection<\/strong> \u2013 a hat, sunglasses and SPF cream are a must.<\/li>\n      <li><strong>Light clothing<\/strong> \u2013 breathable materials for maximum comfort.<\/li>\n      <li><strong>Mobile phone or camera<\/strong> \u2013 the viewpoint is Instagram-ready, don't miss the shot.<\/li>\n      <li><strong>Curiosity and willingness for a little island adventure<\/strong> \u2013 because it makes the difference between a walk and an experience.<\/li>\n    <\/ul>\n  <\/div>\n<\/a>\t\t\t\t<\/div>\n\t\t\t\t<\/div>\n\t\t\t\t\t<\/div>\n\t\t\t\t<\/div>\n\t\t\t\t<\/div>","protected":false},"excerpt":{"rendered":"<p>Tragom predaka u vremenu &#8211; rekreativna i edukativna \u0161etnja Osjetite duh pro\u0161lih vremena dok otkrivate skrivene kutke Pa\u0161mana, gdje svaki kamen pri\u010da svoju pri\u010du! Do\u017eivite oto\u010dki na\u010din \u017eivota kroz laganu \u0161etnju me\u0111u suhozidima, kamenim ku\u0107icama i netaknutom prirodom. Nau\u010dit \u0107ete vi\u0161e o tradicionalnim tehnikama gradnje i osjetiti duh pro\u0161lih vremena dok u\u017eivate u pogledu s [&hellip;]<\/p>","protected":false},"author":1,"featured_media":2292,"parent":0,"menu_order":0,"comment_status":"closed","ping_status":"closed","template":"","meta":{"site-sidebar-layout":"no-sidebar","site-content-layout":"page-builder","ast-site-content-layout":"full-width-container","site-content-style":"default","site-sidebar-style":"default","ast-global-header-display":"","ast-banner-title-visibility":"","ast-main-header-display":"","ast-hfb-above-header-display":"","ast-hfb-below-header-display":"","ast-hfb-mobile-header-display":"","site-post-title":"disabled","ast-breadcrumbs-content":"","ast-featured-img":"disabled","footer-sml-layout":"","theme-transparent-header-meta":"","adv-header-id-meta":"","stick-header-meta":"","header-above-stick-meta":"","header-main-stick-meta":"","header-below-stick-meta":"","astra-migrate-meta-layouts":"set","ast-page-background-enabled":"default","ast-page-background-meta":{"desktop":{"background-color":"var(--ast-global-color-4)","background-image":"","background-repeat":"repeat","background-position":"center center","background-size":"auto","background-attachment":"scroll","background-type":"","background-media":"","overlay-type":"","overlay-color":"","overlay-opacity":"","overlay-gradient":""},"tablet":{"background-color":"","background-image":"","background-repeat":"repeat","background-position":"center center","background-size":"auto","background-attachment":"scroll","background-type":"","background-media":"","overlay-type":"","overlay-color":"","overlay-opacity":"","overlay-gradient":""},"mobile":{"background-color":"","background-image":"","background-repeat":"repeat","background-position":"center center","background-size":"auto","background-attachment":"scroll","background-type":"","background-media":"","overlay-type":"","overlay-color":"","overlay-opacity":"","overlay-gradient":""}},"ast-content-background-meta":{"desktop":{"background-color":"var(--ast-global-color-5)","background-image":"","background-repeat":"repeat","background-position":"center center","background-size":"auto","background-attachment":"scroll","background-type":"","background-media":"","overlay-type":"","overlay-color":"","overlay-opacity":"","overlay-gradient":""},"tablet":{"background-color":"var(--ast-global-color-5)","background-image":"","background-repeat":"repeat","background-position":"center center","background-size":"auto","background-attachment":"scroll","background-type":"","background-media":"","overlay-type":"","overlay-color":"","overlay-opacity":"","overlay-gradient":""},"mobile":{"background-color":"var(--ast-global-color-5)","background-image":"","background-repeat":"repeat","background-position":"center center","background-size":"auto","background-attachment":"scroll","background-type":"","background-media":"","overlay-type":"","overlay-color":"","overlay-opacity":"","overlay-gradient":""}},"footnotes":""},"class_list":["post-2063","page","type-page","status-publish","has-post-thumbnail","hentry"],"yoast_head":"<!-- This site is optimized with the Yoast SEO plugin v25.0 - https:\/\/yoast.com\/wordpress\/plugins\/seo\/ -->\n<title>Vo\u0111ena edukativna tura: Tragom predaka Pa\u0161mana | Pa\u0161mania<\/title>\n<meta name=\"description\" content=\"Upoznaj bogatu ba\u0161tinu otoka kroz edukativnu vo\u0111enu turu. Rimske vile, suhozidi i legende Pa\u0161mana ispri\u010dane iz prve ruke.\" \/>\n<meta name=\"robots\" content=\"index, follow, max-snippet:-1, max-image-preview:large, max-video-preview:-1\" \/>\n<link rel=\"canonical\" href=\"https:\/\/pasmania.hr\/en\/tragom-predaka-u-vremenu\/\" \/>\n<meta property=\"og:locale\" content=\"en_GB\" \/>\n<meta property=\"og:type\" content=\"article\" \/>\n<meta property=\"og:title\" content=\"Vo\u0111ena edukativna \u0161etnja \u2013 tragovima povijesti Pa\u0161mana\" \/>\n<meta property=\"og:description\" content=\"Pro\u0161e\u0107i otokom uz lokalnog vodi\u010da i do\u017eivi Pa\u0161man kroz legende, rimske vile i suhozide. Ovo nije samo \u0161etnja \u2013 ovo je povratak u vrijeme, ispri\u010dan u\u017eivo.\" \/>\n<meta property=\"og:url\" content=\"https:\/\/pasmania.hr\/en\/tragom-predaka-u-vremenu\/\" \/>\n<meta property=\"og:site_name\" content=\"Pa\u0161mania\" \/>\n<meta property=\"article:modified_time\" content=\"2025-04-22T17:44:39+00:00\" \/>\n<meta property=\"og:image\" content=\"https:\/\/pasmania.hr\/wp-content\/uploads\/2025\/03\/DSC_4469.jpg\" \/>\n\t<meta property=\"og:image:width\" content=\"1237\" \/>\n\t<meta property=\"og:image:height\" content=\"1280\" \/>\n\t<meta property=\"og:image:type\" content=\"image\/jpeg\" \/>\n<meta name=\"twitter:card\" content=\"summary_large_image\" \/>\n<meta name=\"twitter:label1\" content=\"Estimated reading time\" \/>\n\t<meta name=\"twitter:data1\" content=\"3 minutes\" \/>\n<script type=\"application\/ld+json\" class=\"yoast-schema-graph\">{\"@context\":\"https:\/\/schema.org\",\"@graph\":[{\"@type\":\"WebPage\",\"@id\":\"https:\/\/pasmania.hr\/tragom-predaka-u-vremenu\/\",\"url\":\"https:\/\/pasmania.hr\/tragom-predaka-u-vremenu\/\",\"name\":\"Vo\u0111ena edukativna tura: Tragom predaka Pa\u0161mana | Pa\u0161mania\",\"isPartOf\":{\"@id\":\"https:\/\/pasmania.hr\/#website\"},\"primaryImageOfPage\":{\"@id\":\"https:\/\/pasmania.hr\/tragom-predaka-u-vremenu\/#primaryimage\"},\"image\":{\"@id\":\"https:\/\/pasmania.hr\/tragom-predaka-u-vremenu\/#primaryimage\"},\"thumbnailUrl\":\"https:\/\/pasmania.hr\/wp-content\/uploads\/2025\/03\/DSC_4469.jpg\",\"datePublished\":\"2025-03-12T15:16:55+00:00\",\"dateModified\":\"2025-04-22T17:44:39+00:00\",\"description\":\"Upoznaj bogatu ba\u0161tinu otoka kroz edukativnu vo\u0111enu turu. Rimske vile, suhozidi i legende Pa\u0161mana ispri\u010dane iz prve ruke.\",\"breadcrumb\":{\"@id\":\"https:\/\/pasmania.hr\/tragom-predaka-u-vremenu\/#breadcrumb\"},\"inLanguage\":\"en-GB\",\"potentialAction\":[{\"@type\":\"ReadAction\",\"target\":[\"https:\/\/pasmania.hr\/tragom-predaka-u-vremenu\/\"]}]},{\"@type\":\"ImageObject\",\"inLanguage\":\"en-GB\",\"@id\":\"https:\/\/pasmania.hr\/tragom-predaka-u-vremenu\/#primaryimage\",\"url\":\"https:\/\/pasmania.hr\/wp-content\/uploads\/2025\/03\/DSC_4469.jpg\",\"contentUrl\":\"https:\/\/pasmania.hr\/wp-content\/uploads\/2025\/03\/DSC_4469.jpg\",\"width\":1237,\"height\":1280,\"caption\":\"Pa\u0161mania vo\u0111ena tura s turisti\u010dkim vodi\u0107em\"},{\"@type\":\"BreadcrumbList\",\"@id\":\"https:\/\/pasmania.hr\/tragom-predaka-u-vremenu\/#breadcrumb\",\"itemListElement\":[{\"@type\":\"ListItem\",\"position\":1,\"name\":\"Po\u010detna stranica\",\"item\":\"https:\/\/pasmania.hr\/\"},{\"@type\":\"ListItem\",\"position\":2,\"name\":\"Tragom predaka u vremenu\"}]},{\"@type\":\"WebSite\",\"@id\":\"https:\/\/pasmania.hr\/#website\",\"url\":\"https:\/\/pasmania.hr\/\",\"name\":\"Pa\u0161mania\",\"description\":\"Va\u0161a turisti\u010dka agencija na otoku Pa\u0161manu. Nudimo najbolji smje\u0161taj, autenti\u010dne izlete i profesionalno upravljanje nekretninama. Rezervirajte svoj odmor danas.\",\"publisher\":{\"@id\":\"https:\/\/pasmania.hr\/#organization\"},\"potentialAction\":[{\"@type\":\"SearchAction\",\"target\":{\"@type\":\"EntryPoint\",\"urlTemplate\":\"https:\/\/pasmania.hr\/?s={search_term_string}\"},\"query-input\":{\"@type\":\"PropertyValueSpecification\",\"valueRequired\":true,\"valueName\":\"search_term_string\"}}],\"inLanguage\":\"en-GB\"},{\"@type\":\"Organization\",\"@id\":\"https:\/\/pasmania.hr\/#organization\",\"name\":\"Pa\u0161mania\",\"url\":\"https:\/\/pasmania.hr\/\",\"logo\":{\"@type\":\"ImageObject\",\"inLanguage\":\"en-GB\",\"@id\":\"https:\/\/pasmania.hr\/#\/schema\/logo\/image\/\",\"url\":\"https:\/\/pasmania.hr\/wp-content\/uploads\/2025\/03\/loho-modri.png\",\"contentUrl\":\"https:\/\/pasmania.hr\/wp-content\/uploads\/2025\/03\/loho-modri.png\",\"width\":500,\"height\":500,\"caption\":\"Pa\u0161mania\"},\"image\":{\"@id\":\"https:\/\/pasmania.hr\/#\/schema\/logo\/image\/\"}}]}<\/script>\n<!-- \/ Yoast SEO plugin. -->","yoast_head_json":{"title":"Vo\u0111ena edukativna tura: Tragom predaka Pa\u0161mana | Pa\u0161mania","description":"Upoznaj bogatu ba\u0161tinu otoka kroz edukativnu vo\u0111enu turu. Rimske vile, suhozidi i legende Pa\u0161mana ispri\u010dane iz prve ruke.","robots":{"index":"index","follow":"follow","max-snippet":"max-snippet:-1","max-image-preview":"max-image-preview:large","max-video-preview":"max-video-preview:-1"},"canonical":"https:\/\/pasmania.hr\/en\/tragom-predaka-u-vremenu\/","og_locale":"en_GB","og_type":"article","og_title":"Vo\u0111ena edukativna \u0161etnja \u2013 tragovima povijesti Pa\u0161mana","og_description":"Pro\u0161e\u0107i otokom uz lokalnog vodi\u010da i do\u017eivi Pa\u0161man kroz legende, rimske vile i suhozide. Ovo nije samo \u0161etnja \u2013 ovo je povratak u vrijeme, ispri\u010dan u\u017eivo.","og_url":"https:\/\/pasmania.hr\/en\/tragom-predaka-u-vremenu\/","og_site_name":"Pa\u0161mania","article_modified_time":"2025-04-22T17:44:39+00:00","og_image":[{"width":1237,"height":1280,"url":"https:\/\/pasmania.hr\/wp-content\/uploads\/2025\/03\/DSC_4469.jpg","type":"image\/jpeg"}],"twitter_card":"summary_large_image","twitter_misc":{"Estimated reading time":"3 minutes"},"schema":{"@context":"https:\/\/schema.org","@graph":[{"@type":"WebPage","@id":"https:\/\/pasmania.hr\/tragom-predaka-u-vremenu\/","url":"https:\/\/pasmania.hr\/tragom-predaka-u-vremenu\/","name":"Vo\u0111ena edukativna tura: Tragom predaka Pa\u0161mana | Pa\u0161mania","isPartOf":{"@id":"https:\/\/pasmania.hr\/#website"},"primaryImageOfPage":{"@id":"https:\/\/pasmania.hr\/tragom-predaka-u-vremenu\/#primaryimage"},"image":{"@id":"https:\/\/pasmania.hr\/tragom-predaka-u-vremenu\/#primaryimage"},"thumbnailUrl":"https:\/\/pasmania.hr\/wp-content\/uploads\/2025\/03\/DSC_4469.jpg","datePublished":"2025-03-12T15:16:55+00:00","dateModified":"2025-04-22T17:44:39+00:00","description":"Upoznaj bogatu ba\u0161tinu otoka kroz edukativnu vo\u0111enu turu. Rimske vile, suhozidi i legende Pa\u0161mana ispri\u010dane iz prve ruke.","breadcrumb":{"@id":"https:\/\/pasmania.hr\/tragom-predaka-u-vremenu\/#breadcrumb"},"inLanguage":"en-GB","potentialAction":[{"@type":"ReadAction","target":["https:\/\/pasmania.hr\/tragom-predaka-u-vremenu\/"]}]},{"@type":"ImageObject","inLanguage":"en-GB","@id":"https:\/\/pasmania.hr\/tragom-predaka-u-vremenu\/#primaryimage","url":"https:\/\/pasmania.hr\/wp-content\/uploads\/2025\/03\/DSC_4469.jpg","contentUrl":"https:\/\/pasmania.hr\/wp-content\/uploads\/2025\/03\/DSC_4469.jpg","width":1237,"height":1280,"caption":"Pa\u0161mania vo\u0111ena tura s turisti\u010dkim vodi\u0107em"},{"@type":"BreadcrumbList","@id":"https:\/\/pasmania.hr\/tragom-predaka-u-vremenu\/#breadcrumb","itemListElement":[{"@type":"ListItem","position":1,"name":"Po\u010detna stranica","item":"https:\/\/pasmania.hr\/"},{"@type":"ListItem","position":2,"name":"Tragom predaka u vremenu"}]},{"@type":"WebSite","@id":"https:\/\/pasmania.hr\/#website","url":"https:\/\/pasmania.hr\/","name":"Pa\u0161mania","description":"Va\u0161a turisti\u010dka agencija na otoku Pa\u0161manu. Nudimo najbolji smje\u0161taj, autenti\u010dne izlete i profesionalno upravljanje nekretninama. Rezervirajte svoj odmor danas.","publisher":{"@id":"https:\/\/pasmania.hr\/#organization"},"potentialAction":[{"@type":"SearchAction","target":{"@type":"EntryPoint","urlTemplate":"https:\/\/pasmania.hr\/?s={search_term_string}"},"query-input":{"@type":"PropertyValueSpecification","valueRequired":true,"valueName":"search_term_string"}}],"inLanguage":"en-GB"},{"@type":"Organization","@id":"https:\/\/pasmania.hr\/#organization","name":"Pa\u0161mania","url":"https:\/\/pasmania.hr\/","logo":{"@type":"ImageObject","inLanguage":"en-GB","@id":"https:\/\/pasmania.hr\/#\/schema\/logo\/image\/","url":"https:\/\/pasmania.hr\/wp-content\/uploads\/2025\/03\/loho-modri.png","contentUrl":"https:\/\/pasmania.hr\/wp-content\/uploads\/2025\/03\/loho-modri.png","width":500,"height":500,"caption":"Pa\u0161mania"},"image":{"@id":"https:\/\/pasmania.hr\/#\/schema\/logo\/image\/"}}]}},"_links":{"self":[{"href":"https:\/\/pasmania.hr\/en\/wp-json\/wp\/v2\/pages\/2063","targetHints":{"allow":["GET"]}}],"collection":[{"href":"https:\/\/pasmania.hr\/en\/wp-json\/wp\/v2\/pages"}],"about":[{"href":"https:\/\/pasmania.hr\/en\/wp-json\/wp\/v2\/types\/page"}],"author":[{"embeddable":true,"href":"https:\/\/pasmania.hr\/en\/wp-json\/wp\/v2\/users\/1"}],"replies":[{"embeddable":true,"href":"https:\/\/pasmania.hr\/en\/wp-json\/wp\/v2\/comments?post=2063"}],"version-history":[{"count":55,"href":"https:\/\/pasmania.hr\/en\/wp-json\/wp\/v2\/pages\/2063\/revisions"}],"predecessor-version":[{"id":2846,"href":"https:\/\/pasmania.hr\/en\/wp-json\/wp\/v2\/pages\/2063\/revisions\/2846"}],"wp:featuredmedia":[{"embeddable":true,"href":"https:\/\/pasmania.hr\/en\/wp-json\/wp\/v2\/media\/2292"}],"wp:attachment":[{"href":"https:\/\/pasmania.hr\/en\/wp-json\/wp\/v2\/media?parent=2063"}],"curies":[{"name":"wp","href":"https:\/\/api.w.org\/{rel}","templated":true}]}}