{"id":2087,"date":"2025-03-12T19:01:55","date_gmt":"2025-03-12T19:01:55","guid":{"rendered":"https:\/\/pasmania.hr\/?page_id=2087"},"modified":"2025-08-07T07:48:36","modified_gmt":"2025-08-07T07:48:36","slug":"tradicionalnim-drvenim-brodom-kroz-kornate-i-telascicu","status":"publish","type":"page","link":"https:\/\/pasmania.hr\/en\/tradicionalnim-drvenim-brodom-kroz-kornate-i-telascicu\/","title":{"rendered":"Ride on a traditional wooden boat through the Kornati Islands and Tela\u0161\u0107ica"},"content":{"rendered":"<div data-elementor-type=\"wp-page\" data-elementor-id=\"2087\" class=\"elementor elementor-2087\">\n\t\t\t\t<div class=\"elementor-element elementor-element-da3d1f9 e-flex e-con-boxed e-con e-parent\" data-id=\"da3d1f9\" data-element_type=\"container\" data-e-type=\"container\">\n\t\t\t\t\t<div class=\"e-con-inner\">\n\t\t\t\t<div class=\"elementor-element elementor-element-57bb874 elementor-widget elementor-widget-heading\" data-id=\"57bb874\" data-element_type=\"widget\" data-e-type=\"widget\" data-widget_type=\"heading.default\">\n\t\t\t\t<div class=\"elementor-widget-container\">\n\t\t\t\t\t<h1 class=\"elementor-heading-title elementor-size-default\">Ride on a traditional wooden boat through the Kornati Islands and Tela\u0161\u0107ica<\/h1>\t\t\t\t<\/div>\n\t\t\t\t<\/div>\n\t\t\t\t\t<\/div>\n\t\t\t\t<\/div>\n\t\t<div class=\"elementor-element elementor-element-07a0295 e-grid e-con-boxed e-con e-parent\" data-id=\"07a0295\" data-element_type=\"container\" data-e-type=\"container\">\n\t\t\t\t\t<div class=\"e-con-inner\">\n\t\t\t\t<div class=\"elementor-element elementor-element-7c98d52 elementor-widget elementor-widget-image\" data-id=\"7c98d52\" data-element_type=\"widget\" data-e-type=\"widget\" data-widget_type=\"image.default\">\n\t\t\t\t<div class=\"elementor-widget-container\">\n\t\t\t\t\t\t\t\t\t\t\t\t\t\t\t<img fetchpriority=\"high\" decoding=\"async\" width=\"1080\" height=\"1080\" src=\"https:\/\/pasmania.hr\/wp-content\/uploads\/2025\/03\/IMG_0483.jpg\" class=\"attachment-1536x1536 size-1536x1536 wp-image-1861\" alt=\"\" srcset=\"https:\/\/pasmania.hr\/wp-content\/uploads\/2025\/03\/IMG_0483.jpg 1080w, https:\/\/pasmania.hr\/wp-content\/uploads\/2025\/03\/IMG_0483-300x300.jpg 300w, https:\/\/pasmania.hr\/wp-content\/uploads\/2025\/03\/IMG_0483-1024x1024.jpg 1024w, https:\/\/pasmania.hr\/wp-content\/uploads\/2025\/03\/IMG_0483-150x150.jpg 150w, https:\/\/pasmania.hr\/wp-content\/uploads\/2025\/03\/IMG_0483-768x768.jpg 768w\" sizes=\"(max-width: 1080px) 100vw, 1080px\" \/>\t\t\t\t\t\t\t\t\t\t\t\t\t\t\t<\/div>\n\t\t\t\t<\/div>\n\t\t\t\t<div class=\"elementor-element elementor-element-c66c326 elementor-widget elementor-widget-image\" data-id=\"c66c326\" data-element_type=\"widget\" data-e-type=\"widget\" data-widget_type=\"image.default\">\n\t\t\t\t<div class=\"elementor-widget-container\">\n\t\t\t\t\t\t\t\t\t\t\t\t\t\t\t<img decoding=\"async\" width=\"853\" height=\"853\" src=\"https:\/\/pasmania.hr\/wp-content\/uploads\/2025\/03\/IMG_0491.jpg\" class=\"attachment-large size-large wp-image-1869\" alt=\"\" srcset=\"https:\/\/pasmania.hr\/wp-content\/uploads\/2025\/03\/IMG_0491.jpg 853w, https:\/\/pasmania.hr\/wp-content\/uploads\/2025\/03\/IMG_0491-300x300.jpg 300w, https:\/\/pasmania.hr\/wp-content\/uploads\/2025\/03\/IMG_0491-150x150.jpg 150w, https:\/\/pasmania.hr\/wp-content\/uploads\/2025\/03\/IMG_0491-768x768.jpg 768w\" sizes=\"(max-width: 853px) 100vw, 853px\" \/>\t\t\t\t\t\t\t\t\t\t\t\t\t\t\t<\/div>\n\t\t\t\t<\/div>\n\t\t\t\t\t<\/div>\n\t\t\t\t<\/div>\n\t\t<div class=\"elementor-element elementor-element-3f29557 e-flex e-con-boxed e-con e-parent\" data-id=\"3f29557\" data-element_type=\"container\" data-e-type=\"container\">\n\t\t\t\t\t<div class=\"e-con-inner\">\n\t\t\t\t<div class=\"elementor-element elementor-element-165df42 elementor-widget elementor-widget-heading\" data-id=\"165df42\" data-element_type=\"widget\" data-e-type=\"widget\" data-widget_type=\"heading.default\">\n\t\t\t\t<div class=\"elementor-widget-container\">\n\t\t\t\t\t<h2 class=\"elementor-heading-title elementor-size-default\">Experience the Adriatic!<\/h2>\t\t\t\t<\/div>\n\t\t\t\t<\/div>\n\t\t\t\t\t<\/div>\n\t\t\t\t<\/div>\n\t\t<div class=\"elementor-element elementor-element-549ad60 e-flex e-con-boxed e-con e-parent\" data-id=\"549ad60\" data-element_type=\"container\" data-e-type=\"container\">\n\t\t\t\t\t<div class=\"e-con-inner\">\n\t\t\t\t<div class=\"elementor-element elementor-element-cfc2e68 elementor-widget elementor-widget-text-editor\" data-id=\"cfc2e68\" data-element_type=\"widget\" data-e-type=\"widget\" data-widget_type=\"text-editor.default\">\n\t\t\t\t<div class=\"elementor-widget-container\">\n\t\t\t\t\t\t\t\t\t<p>Enjoy a full-day cruise through a beautiful part of the Adriatic!<br \/>Explore Kornati National Park and Tela\u0161\u0107ica Nature Park, a region of 150 islands and islets, most of which are under protection due to their unspoiled beauty.<\/p><p>\u00a0<\/p><p>\ud83d\udccd Departure<br \/>\u2022 Biograd na Moru (Kralja Petra Kree\u0161imira IV) \u2013 9:00h<br \/>\u2022 Tkon (Riva nasuprot nove trajektne luke) \u2013 9:10h<\/p><p>\u00a0<\/p><p>What to Expect?<\/p><p><strong>Steep Kornati rocks<\/strong> \u2013 Admire towering cliffs up to 100 meters high, shielding emerald coves from powerful waves.<br \/><strong>Sailing to Mir Bay<\/strong> (around 11:00 AM) \u2013 Enjoy a swim in crystal-clear waters, bask in the sun, and soak up the pristine surroundings.<br \/><strong>Panoramic Ride to 150+ Meters Above Sea Level<\/strong> \u2013 Take in breathtaking views of the Kornati archipelago from high vantage points.<br \/><strong>Sailing towards the open sea<\/strong> at 1:00 PM \u2013 Experience the feeling of sailing on a traditional wooden boat as it was once used on the Adriatic.<br \/><strong>Lunch and Swimming on Katina Island<\/strong> (until 3:30 PM) \u2013 Relaxing with fresh sea air and enjoying authentic Dalmatian cuisine.<br \/><strong>Return to Biograd<\/strong> at 5:00 PM <strong>Tkon<\/strong> at 5:20 PM \u2013 End of a day filled with sea adventures.<\/p><p><strong>\ud83c\udf7d Gastronomic Experience on Board<\/strong><br \/>On board you will enjoy a welcome drink (rakija and cookies), a sandwich in the morning, a homemade lunch (fish\/meat) with wine, juices and water \u2013 all included in the price!<\/p><p>\u00a0<\/p><p><strong>Excursion price:<\/strong><\/p><p>\u2022\u2060 \u2060Djeca (do 12 godina): <strong>30\u20ac<\/strong><br \/>\u2022 Odrasli (12+ godina): <strong>60,00 \u20ac<\/strong><\/p><p>\u00a0<\/p><p>Included in the price: boat transport, guide, breakfast, lunch, drinks throughout the trip.<\/p><p>\u00a0<\/p><p>\ud83d\udc49 Book your place and experience the Adriatic in an authentic way!<\/p>\t\t\t\t\t\t\t\t<\/div>\n\t\t\t\t<\/div>\n\t\t\t\t\t<\/div>\n\t\t\t\t<\/div>\n\t\t<div class=\"elementor-element elementor-element-4599729 e-flex e-con-boxed e-con e-parent\" data-id=\"4599729\" data-element_type=\"container\" data-e-type=\"container\">\n\t\t\t\t\t<div class=\"e-con-inner\">\n\t\t\t\t<div class=\"elementor-element elementor-element-e2bd83d elementor-align-center elementor-widget elementor-widget-button\" data-id=\"e2bd83d\" data-element_type=\"widget\" data-e-type=\"widget\" data-widget_type=\"button.default\">\n\t\t\t\t<div class=\"elementor-widget-container\">\n\t\t\t\t\t\t\t\t\t<div class=\"elementor-button-wrapper\">\n\t\t\t\t\t<a class=\"elementor-button elementor-button-link elementor-size-sm\" href=\"mailto:info@pasmania.hr?subject=Rezervacija%20-%20Vo%C5%BEnja%20brodom%20na%20Kornate%20i%20Tela%C5%A1%C4%87icu&#038;body=Pozdrav%20Pa\u0161mania%20team,%0D%0A%0D%0A\u017delim%20rezervirati%20vo\u017enju%20brodom%20na%20Kornate%20i%20Tela\u0161\u0107icu.%0D%0A%0D%0A%20\ud83d\udcdd%20Ime%20i%20prezime:%20%0D%0A%20\ud83d\udcc5%20Datum%20izleta:%20%0D%0A%20\ud83d\udd58%20Polazak%20iz:%20(Biograd%20ili%20Tkon)%0D%0A%20\ud83d\udc65%20Broj%20osoba:%20%0D%0A%0D%0A%20Hvala,%20veselim%20se%20izletu!%0D%0A%0D%0A%20Lijep%20pozdrav,%0D%0A%5BTvoje%20ime%5D\">\n\t\t\t\t\t\t<span class=\"elementor-button-content-wrapper\">\n\t\t\t\t\t\t\t\t\t<span class=\"elementor-button-text\">Book your adventure<\/span>\n\t\t\t\t\t<\/span>\n\t\t\t\t\t<\/a>\n\t\t\t\t<\/div>\n\t\t\t\t\t\t\t\t<\/div>\n\t\t\t\t<\/div>\n\t\t\t\t\t<\/div>\n\t\t\t\t<\/div>\n\t\t\t\t<\/div>","protected":false},"excerpt":{"rendered":"<p>Tadicionalnim drvenim brodom kroz Kornate i Tela\u0161\u0107icu Do\u017eivite Jadran kao nekad! Krenite na nezaboravno cjelodnevno krstarenje kroz najrazvedeniji dio Jadrana!Istra\u017eite Nacionalni park Kornati i Park prirode Tela\u0161\u0107ica, podru\u010dje od 150 otoka i oto\u010di\u0107a, od kojih je ve\u0107ina pod za\u0161titom zbog svoje netaknute ljepote. \u00a0 \ud83d\udccd Polazak:\u2022 Biograd na Moru (Kralja Petra Kree\u0161imira IV) \u2013 9:00h\u2022 [&hellip;]<\/p>","protected":false},"author":1,"featured_media":0,"parent":0,"menu_order":0,"comment_status":"closed","ping_status":"closed","template":"","meta":{"site-sidebar-layout":"no-sidebar","site-content-layout":"page-builder","ast-site-content-layout":"full-width-container","site-content-style":"default","site-sidebar-style":"default","ast-global-header-display":"","ast-banner-title-visibility":"","ast-main-header-display":"","ast-hfb-above-header-display":"","ast-hfb-below-header-display":"","ast-hfb-mobile-header-display":"","site-post-title":"disabled","ast-breadcrumbs-content":"","ast-featured-img":"disabled","footer-sml-layout":"","theme-transparent-header-meta":"","adv-header-id-meta":"","stick-header-meta":"","header-above-stick-meta":"","header-main-stick-meta":"","header-below-stick-meta":"","astra-migrate-meta-layouts":"set","ast-page-background-enabled":"default","ast-page-background-meta":{"desktop":{"background-color":"var(--ast-global-color-4)","background-image":"","background-repeat":"repeat","background-position":"center center","background-size":"auto","background-attachment":"scroll","background-type":"","background-media":"","overlay-type":"","overlay-color":"","overlay-opacity":"","overlay-gradient":""},"tablet":{"background-color":"","background-image":"","background-repeat":"repeat","background-position":"center center","background-size":"auto","background-attachment":"scroll","background-type":"","background-media":"","overlay-type":"","overlay-color":"","overlay-opacity":"","overlay-gradient":""},"mobile":{"background-color":"","background-image":"","background-repeat":"repeat","background-position":"center center","background-size":"auto","background-attachment":"scroll","background-type":"","background-media":"","overlay-type":"","overlay-color":"","overlay-opacity":"","overlay-gradient":""}},"ast-content-background-meta":{"desktop":{"background-color":"var(--ast-global-color-5)","background-image":"","background-repeat":"repeat","background-position":"center center","background-size":"auto","background-attachment":"scroll","background-type":"","background-media":"","overlay-type":"","overlay-color":"","overlay-opacity":"","overlay-gradient":""},"tablet":{"background-color":"var(--ast-global-color-5)","background-image":"","background-repeat":"repeat","background-position":"center center","background-size":"auto","background-attachment":"scroll","background-type":"","background-media":"","overlay-type":"","overlay-color":"","overlay-opacity":"","overlay-gradient":""},"mobile":{"background-color":"var(--ast-global-color-5)","background-image":"","background-repeat":"repeat","background-position":"center center","background-size":"auto","background-attachment":"scroll","background-type":"","background-media":"","overlay-type":"","overlay-color":"","overlay-opacity":"","overlay-gradient":""}},"footnotes":""},"class_list":["post-2087","page","type-page","status-publish","hentry"],"yoast_head":"<!-- This site is optimized with the Yoast SEO plugin v25.0 - https:\/\/yoast.com\/wordpress\/plugins\/seo\/ -->\n<title>Izlet drvenim brodom \u2013 Kornati i Tela\u0161\u0107ica iz druge perspektive<\/title>\n<meta name=\"description\" content=\"Do\u017eivi najljep\u0161i dio Jadrana uz \u0161umove valova na drvenom brodu. Spori ritam, \u010dista priroda i autenti\u010dno iskustvo koje se pamti. Rezerviraj turu!\" \/>\n<meta name=\"robots\" content=\"index, follow, max-snippet:-1, max-image-preview:large, max-video-preview:-1\" \/>\n<link rel=\"canonical\" href=\"https:\/\/pasmania.hr\/en\/tradicionalnim-drvenim-brodom-kroz-kornate-i-telascicu\/\" \/>\n<meta property=\"og:locale\" content=\"en_GB\" \/>\n<meta property=\"og:type\" content=\"article\" \/>\n<meta property=\"og:title\" content=\"Izlet drvenim brodom \u2013 Kornati i Tela\u0161\u0107ica iz druge perspektive\" \/>\n<meta property=\"og:description\" content=\"Do\u017eivi najljep\u0161i dio Jadrana uz \u0161umove valova na drvenom brodu. Spori ritam, \u010dista priroda i autenti\u010dno iskustvo koje se pamti. Rezerviraj turu!\" \/>\n<meta property=\"og:url\" content=\"https:\/\/pasmania.hr\/en\/tradicionalnim-drvenim-brodom-kroz-kornate-i-telascicu\/\" \/>\n<meta property=\"og:site_name\" content=\"Pa\u0161mania\" \/>\n<meta property=\"article:modified_time\" content=\"2025-08-07T07:48:36+00:00\" \/>\n<meta property=\"og:image\" content=\"https:\/\/pasmania.hr\/wp-content\/uploads\/2025\/03\/IMG_0484.jpg\" \/>\n\t<meta property=\"og:image:width\" content=\"1080\" \/>\n\t<meta property=\"og:image:height\" content=\"1098\" \/>\n\t<meta property=\"og:image:type\" content=\"image\/jpeg\" \/>\n<meta name=\"twitter:card\" content=\"summary_large_image\" \/>\n<meta name=\"twitter:label1\" content=\"Estimated reading time\" \/>\n\t<meta name=\"twitter:data1\" content=\"3 minutes\" \/>\n<script type=\"application\/ld+json\" class=\"yoast-schema-graph\">{\"@context\":\"https:\/\/schema.org\",\"@graph\":[{\"@type\":\"WebPage\",\"@id\":\"https:\/\/pasmania.hr\/tradicionalnim-drvenim-brodom-kroz-kornate-i-telascicu\/\",\"url\":\"https:\/\/pasmania.hr\/tradicionalnim-drvenim-brodom-kroz-kornate-i-telascicu\/\",\"name\":\"Izlet drvenim brodom \u2013 Kornati i Tela\u0161\u0107ica iz druge perspektive\",\"isPartOf\":{\"@id\":\"https:\/\/pasmania.hr\/#website\"},\"primaryImageOfPage\":{\"@id\":\"https:\/\/pasmania.hr\/tradicionalnim-drvenim-brodom-kroz-kornate-i-telascicu\/#primaryimage\"},\"image\":{\"@id\":\"https:\/\/pasmania.hr\/tradicionalnim-drvenim-brodom-kroz-kornate-i-telascicu\/#primaryimage\"},\"thumbnailUrl\":\"https:\/\/pasmania.hr\/wp-content\/uploads\/2025\/03\/IMG_0483.jpg\",\"datePublished\":\"2025-03-12T19:01:55+00:00\",\"dateModified\":\"2025-08-07T07:48:36+00:00\",\"description\":\"Do\u017eivi najljep\u0161i dio Jadrana uz \u0161umove valova na drvenom brodu. Spori ritam, \u010dista priroda i autenti\u010dno iskustvo koje se pamti. Rezerviraj turu!\",\"breadcrumb\":{\"@id\":\"https:\/\/pasmania.hr\/tradicionalnim-drvenim-brodom-kroz-kornate-i-telascicu\/#breadcrumb\"},\"inLanguage\":\"en-GB\",\"potentialAction\":[{\"@type\":\"ReadAction\",\"target\":[\"https:\/\/pasmania.hr\/tradicionalnim-drvenim-brodom-kroz-kornate-i-telascicu\/\"]}]},{\"@type\":\"ImageObject\",\"inLanguage\":\"en-GB\",\"@id\":\"https:\/\/pasmania.hr\/tradicionalnim-drvenim-brodom-kroz-kornate-i-telascicu\/#primaryimage\",\"url\":\"https:\/\/pasmania.hr\/wp-content\/uploads\/2025\/03\/IMG_0483.jpg\",\"contentUrl\":\"https:\/\/pasmania.hr\/wp-content\/uploads\/2025\/03\/IMG_0483.jpg\"},{\"@type\":\"BreadcrumbList\",\"@id\":\"https:\/\/pasmania.hr\/tradicionalnim-drvenim-brodom-kroz-kornate-i-telascicu\/#breadcrumb\",\"itemListElement\":[{\"@type\":\"ListItem\",\"position\":1,\"name\":\"Po\u010detna stranica\",\"item\":\"https:\/\/pasmania.hr\/\"},{\"@type\":\"ListItem\",\"position\":2,\"name\":\"Tradicionalnim drvenim brodom kroz Kornate i Tela\u0161\u0107icu\"}]},{\"@type\":\"WebSite\",\"@id\":\"https:\/\/pasmania.hr\/#website\",\"url\":\"https:\/\/pasmania.hr\/\",\"name\":\"Pa\u0161mania\",\"description\":\"Va\u0161a turisti\u010dka agencija na otoku Pa\u0161manu. Nudimo najbolji smje\u0161taj, autenti\u010dne izlete i profesionalno upravljanje nekretninama. Rezervirajte svoj odmor danas.\",\"publisher\":{\"@id\":\"https:\/\/pasmania.hr\/#organization\"},\"potentialAction\":[{\"@type\":\"SearchAction\",\"target\":{\"@type\":\"EntryPoint\",\"urlTemplate\":\"https:\/\/pasmania.hr\/?s={search_term_string}\"},\"query-input\":{\"@type\":\"PropertyValueSpecification\",\"valueRequired\":true,\"valueName\":\"search_term_string\"}}],\"inLanguage\":\"en-GB\"},{\"@type\":\"Organization\",\"@id\":\"https:\/\/pasmania.hr\/#organization\",\"name\":\"Pa\u0161mania\",\"url\":\"https:\/\/pasmania.hr\/\",\"logo\":{\"@type\":\"ImageObject\",\"inLanguage\":\"en-GB\",\"@id\":\"https:\/\/pasmania.hr\/#\/schema\/logo\/image\/\",\"url\":\"https:\/\/pasmania.hr\/wp-content\/uploads\/2025\/03\/loho-modri.png\",\"contentUrl\":\"https:\/\/pasmania.hr\/wp-content\/uploads\/2025\/03\/loho-modri.png\",\"width\":500,\"height\":500,\"caption\":\"Pa\u0161mania\"},\"image\":{\"@id\":\"https:\/\/pasmania.hr\/#\/schema\/logo\/image\/\"}}]}<\/script>\n<!-- \/ Yoast SEO plugin. -->","yoast_head_json":{"title":"Izlet drvenim brodom \u2013 Kornati i Tela\u0161\u0107ica iz druge perspektive","description":"Do\u017eivi najljep\u0161i dio Jadrana uz \u0161umove valova na drvenom brodu. Spori ritam, \u010dista priroda i autenti\u010dno iskustvo koje se pamti. Rezerviraj turu!","robots":{"index":"index","follow":"follow","max-snippet":"max-snippet:-1","max-image-preview":"max-image-preview:large","max-video-preview":"max-video-preview:-1"},"canonical":"https:\/\/pasmania.hr\/en\/tradicionalnim-drvenim-brodom-kroz-kornate-i-telascicu\/","og_locale":"en_GB","og_type":"article","og_title":"Izlet drvenim brodom \u2013 Kornati i Tela\u0161\u0107ica iz druge perspektive","og_description":"Do\u017eivi najljep\u0161i dio Jadrana uz \u0161umove valova na drvenom brodu. Spori ritam, \u010dista priroda i autenti\u010dno iskustvo koje se pamti. Rezerviraj turu!","og_url":"https:\/\/pasmania.hr\/en\/tradicionalnim-drvenim-brodom-kroz-kornate-i-telascicu\/","og_site_name":"Pa\u0161mania","article_modified_time":"2025-08-07T07:48:36+00:00","og_image":[{"width":1080,"height":1098,"url":"https:\/\/pasmania.hr\/wp-content\/uploads\/2025\/03\/IMG_0484.jpg","type":"image\/jpeg"}],"twitter_card":"summary_large_image","twitter_misc":{"Estimated reading time":"3 minutes"},"schema":{"@context":"https:\/\/schema.org","@graph":[{"@type":"WebPage","@id":"https:\/\/pasmania.hr\/tradicionalnim-drvenim-brodom-kroz-kornate-i-telascicu\/","url":"https:\/\/pasmania.hr\/tradicionalnim-drvenim-brodom-kroz-kornate-i-telascicu\/","name":"Izlet drvenim brodom \u2013 Kornati i Tela\u0161\u0107ica iz druge perspektive","isPartOf":{"@id":"https:\/\/pasmania.hr\/#website"},"primaryImageOfPage":{"@id":"https:\/\/pasmania.hr\/tradicionalnim-drvenim-brodom-kroz-kornate-i-telascicu\/#primaryimage"},"image":{"@id":"https:\/\/pasmania.hr\/tradicionalnim-drvenim-brodom-kroz-kornate-i-telascicu\/#primaryimage"},"thumbnailUrl":"https:\/\/pasmania.hr\/wp-content\/uploads\/2025\/03\/IMG_0483.jpg","datePublished":"2025-03-12T19:01:55+00:00","dateModified":"2025-08-07T07:48:36+00:00","description":"Do\u017eivi najljep\u0161i dio Jadrana uz \u0161umove valova na drvenom brodu. Spori ritam, \u010dista priroda i autenti\u010dno iskustvo koje se pamti. Rezerviraj turu!","breadcrumb":{"@id":"https:\/\/pasmania.hr\/tradicionalnim-drvenim-brodom-kroz-kornate-i-telascicu\/#breadcrumb"},"inLanguage":"en-GB","potentialAction":[{"@type":"ReadAction","target":["https:\/\/pasmania.hr\/tradicionalnim-drvenim-brodom-kroz-kornate-i-telascicu\/"]}]},{"@type":"ImageObject","inLanguage":"en-GB","@id":"https:\/\/pasmania.hr\/tradicionalnim-drvenim-brodom-kroz-kornate-i-telascicu\/#primaryimage","url":"https:\/\/pasmania.hr\/wp-content\/uploads\/2025\/03\/IMG_0483.jpg","contentUrl":"https:\/\/pasmania.hr\/wp-content\/uploads\/2025\/03\/IMG_0483.jpg"},{"@type":"BreadcrumbList","@id":"https:\/\/pasmania.hr\/tradicionalnim-drvenim-brodom-kroz-kornate-i-telascicu\/#breadcrumb","itemListElement":[{"@type":"ListItem","position":1,"name":"Po\u010detna stranica","item":"https:\/\/pasmania.hr\/"},{"@type":"ListItem","position":2,"name":"Tradicionalnim drvenim brodom kroz Kornate i Tela\u0161\u0107icu"}]},{"@type":"WebSite","@id":"https:\/\/pasmania.hr\/#website","url":"https:\/\/pasmania.hr\/","name":"Pa\u0161mania","description":"Va\u0161a turisti\u010dka agencija na otoku Pa\u0161manu. Nudimo najbolji smje\u0161taj, autenti\u010dne izlete i profesionalno upravljanje nekretninama. Rezervirajte svoj odmor danas.","publisher":{"@id":"https:\/\/pasmania.hr\/#organization"},"potentialAction":[{"@type":"SearchAction","target":{"@type":"EntryPoint","urlTemplate":"https:\/\/pasmania.hr\/?s={search_term_string}"},"query-input":{"@type":"PropertyValueSpecification","valueRequired":true,"valueName":"search_term_string"}}],"inLanguage":"en-GB"},{"@type":"Organization","@id":"https:\/\/pasmania.hr\/#organization","name":"Pa\u0161mania","url":"https:\/\/pasmania.hr\/","logo":{"@type":"ImageObject","inLanguage":"en-GB","@id":"https:\/\/pasmania.hr\/#\/schema\/logo\/image\/","url":"https:\/\/pasmania.hr\/wp-content\/uploads\/2025\/03\/loho-modri.png","contentUrl":"https:\/\/pasmania.hr\/wp-content\/uploads\/2025\/03\/loho-modri.png","width":500,"height":500,"caption":"Pa\u0161mania"},"image":{"@id":"https:\/\/pasmania.hr\/#\/schema\/logo\/image\/"}}]}},"_links":{"self":[{"href":"https:\/\/pasmania.hr\/en\/wp-json\/wp\/v2\/pages\/2087","targetHints":{"allow":["GET"]}}],"collection":[{"href":"https:\/\/pasmania.hr\/en\/wp-json\/wp\/v2\/pages"}],"about":[{"href":"https:\/\/pasmania.hr\/en\/wp-json\/wp\/v2\/types\/page"}],"author":[{"embeddable":true,"href":"https:\/\/pasmania.hr\/en\/wp-json\/wp\/v2\/users\/1"}],"replies":[{"embeddable":true,"href":"https:\/\/pasmania.hr\/en\/wp-json\/wp\/v2\/comments?post=2087"}],"version-history":[{"count":49,"href":"https:\/\/pasmania.hr\/en\/wp-json\/wp\/v2\/pages\/2087\/revisions"}],"predecessor-version":[{"id":4563,"href":"https:\/\/pasmania.hr\/en\/wp-json\/wp\/v2\/pages\/2087\/revisions\/4563"}],"wp:attachment":[{"href":"https:\/\/pasmania.hr\/en\/wp-json\/wp\/v2\/media?parent=2087"}],"curies":[{"name":"wp","href":"https:\/\/api.w.org\/{rel}","templated":true}]}}