{"id":2924,"date":"2025-04-10T13:14:37","date_gmt":"2025-04-10T13:14:37","guid":{"rendered":"https:\/\/pasmania.hr\/?page_id=2924"},"modified":"2025-04-10T13:14:38","modified_gmt":"2025-04-10T13:14:38","slug":"impressum","status":"publish","type":"page","link":"https:\/\/pasmania.hr\/en\/impressum\/","title":{"rendered":"Impressum"},"content":{"rendered":"<p>Business Name: Pa\u0161mania \u2013 Service and Tourist Agency<br>Owner: Mia Bi\u0107ani\u0107<br>OIB: 02155031998<br>MBO: 98813544<br>Address: Pla\u0161ki klanac 30, 23212 Tkon<br>Country: Croatia<\/p>\n\n\n\n<p>E-mail: info@pasmania.hr<br>Mobitel: +385 01 763 8314<\/p>\n\n\n\n<p>IBAN: HR02 2402 0061 1405 5732 3<br>Banka: Erste banka d.d.<br>SWIFT\/BIC: ESBCHR22<\/p>\n\n\n\n<p>\u2e3b<\/p>\n\n\n\n<p>Business Registration:<\/p>\n\n\n\n<p>The business is registered with the competent authority for trade in the Republic of Croatia.<\/p>","protected":false},"excerpt":{"rendered":"<p>Naziv obrta: Pa\u0161mania \u2013 obrt za usluge i turisti\u010dka agencijaVlasnica: Mia Bi\u0107ani\u0107OIB: 02155031998MBO: 98813544Adresa: Pla\u0161ki klanac 30, 23212 TkonDr\u017eava: Hrvatska E-mail: info@pasmania.hrMobitel: +385 01 763 8314 IBAN: HR02 2402 0061 1405 5732 3Banka: Erste banka d.d.SWIFT\/BIC: ESBCHR22 \u2e3b Registracija obrta: Obrt je registriran pri nadle\u017enom uredu za gospodarstvo u Republici Hrvatskoj.<\/p>","protected":false},"author":1,"featured_media":0,"parent":0,"menu_order":0,"comment_status":"closed","ping_status":"closed","template":"","meta":{"site-sidebar-layout":"default","site-content-layout":"","ast-site-content-layout":"default","site-content-style":"default","site-sidebar-style":"default","ast-global-header-display":"","ast-banner-title-visibility":"","ast-main-header-display":"","ast-hfb-above-header-display":"","ast-hfb-below-header-display":"","ast-hfb-mobile-header-display":"","site-post-title":"","ast-breadcrumbs-content":"","ast-featured-img":"","footer-sml-layout":"","theme-transparent-header-meta":"","adv-header-id-meta":"","stick-header-meta":"","header-above-stick-meta":"","header-main-stick-meta":"","header-below-stick-meta":"","astra-migrate-meta-layouts":"set","ast-page-background-enabled":"default","ast-page-background-meta":{"desktop":{"background-color":"var(--ast-global-color-4)","background-image":"","background-repeat":"repeat","background-position":"center center","background-size":"auto","background-attachment":"scroll","background-type":"","background-media":"","overlay-type":"","overlay-color":"","overlay-opacity":"","overlay-gradient":""},"tablet":{"background-color":"","background-image":"","background-repeat":"repeat","background-position":"center center","background-size":"auto","background-attachment":"scroll","background-type":"","background-media":"","overlay-type":"","overlay-color":"","overlay-opacity":"","overlay-gradient":""},"mobile":{"background-color":"","background-image":"","background-repeat":"repeat","background-position":"center center","background-size":"auto","background-attachment":"scroll","background-type":"","background-media":"","overlay-type":"","overlay-color":"","overlay-opacity":"","overlay-gradient":""}},"ast-content-background-meta":{"desktop":{"background-color":"var(--ast-global-color-5)","background-image":"","background-repeat":"repeat","background-position":"center center","background-size":"auto","background-attachment":"scroll","background-type":"","background-media":"","overlay-type":"","overlay-color":"","overlay-opacity":"","overlay-gradient":""},"tablet":{"background-color":"var(--ast-global-color-5)","background-image":"","background-repeat":"repeat","background-position":"center center","background-size":"auto","background-attachment":"scroll","background-type":"","background-media":"","overlay-type":"","overlay-color":"","overlay-opacity":"","overlay-gradient":""},"mobile":{"background-color":"var(--ast-global-color-5)","background-image":"","background-repeat":"repeat","background-position":"center center","background-size":"auto","background-attachment":"scroll","background-type":"","background-media":"","overlay-type":"","overlay-color":"","overlay-opacity":"","overlay-gradient":""}},"footnotes":""},"class_list":["post-2924","page","type-page","status-publish","hentry"],"yoast_head":"<!-- This site is optimized with the Yoast SEO plugin v25.0 - https:\/\/yoast.com\/wordpress\/plugins\/seo\/ -->\n<title>Impressum - Pa\u0161mania<\/title>\n<meta name=\"robots\" content=\"noindex, follow\" \/>\n<meta property=\"og:locale\" content=\"en_GB\" \/>\n<meta property=\"og:type\" content=\"article\" \/>\n<meta property=\"og:title\" content=\"Impressum - Pa\u0161mania\" \/>\n<meta property=\"og:description\" content=\"Naziv obrta: Pa\u0161mania \u2013 obrt za usluge i turisti\u010dka agencijaVlasnica: Mia Bi\u0107ani\u0107OIB: 02155031998MBO: 98813544Adresa: Pla\u0161ki klanac 30, 23212 TkonDr\u017eava: Hrvatska E-mail: info@pasmania.hrMobitel: +385 01 763 8314 IBAN: HR02 2402 0061 1405 5732 3Banka: Erste banka d.d.SWIFT\/BIC: ESBCHR22 \u2e3b Registracija obrta: Obrt je registriran pri nadle\u017enom uredu za gospodarstvo u Republici Hrvatskoj.\" \/>\n<meta property=\"og:url\" content=\"https:\/\/pasmania.hr\/en\/impressum\/\" \/>\n<meta property=\"og:site_name\" content=\"Pa\u0161mania\" \/>\n<meta property=\"article:modified_time\" content=\"2025-04-10T13:14:38+00:00\" \/>\n<meta name=\"twitter:card\" content=\"summary_large_image\" \/>\n<meta name=\"twitter:label1\" content=\"Estimated reading time\" \/>\n\t<meta name=\"twitter:data1\" content=\"1 minute\" \/>\n<script type=\"application\/ld+json\" class=\"yoast-schema-graph\">{\"@context\":\"https:\/\/schema.org\",\"@graph\":[{\"@type\":\"WebPage\",\"@id\":\"https:\/\/pasmania.hr\/impressum\/\",\"url\":\"https:\/\/pasmania.hr\/impressum\/\",\"name\":\"Impressum - Pa\u0161mania\",\"isPartOf\":{\"@id\":\"https:\/\/pasmania.hr\/#website\"},\"datePublished\":\"2025-04-10T13:14:37+00:00\",\"dateModified\":\"2025-04-10T13:14:38+00:00\",\"breadcrumb\":{\"@id\":\"https:\/\/pasmania.hr\/impressum\/#breadcrumb\"},\"inLanguage\":\"en-GB\",\"potentialAction\":[{\"@type\":\"ReadAction\",\"target\":[\"https:\/\/pasmania.hr\/impressum\/\"]}]},{\"@type\":\"BreadcrumbList\",\"@id\":\"https:\/\/pasmania.hr\/impressum\/#breadcrumb\",\"itemListElement\":[{\"@type\":\"ListItem\",\"position\":1,\"name\":\"Po\u010detna stranica\",\"item\":\"https:\/\/pasmania.hr\/\"},{\"@type\":\"ListItem\",\"position\":2,\"name\":\"Impressum\"}]},{\"@type\":\"WebSite\",\"@id\":\"https:\/\/pasmania.hr\/#website\",\"url\":\"https:\/\/pasmania.hr\/\",\"name\":\"Pa\u0161mania\",\"description\":\"Va\u0161a turisti\u010dka agencija na otoku Pa\u0161manu. Nudimo najbolji smje\u0161taj, autenti\u010dne izlete i profesionalno upravljanje nekretninama. Rezervirajte svoj odmor danas.\",\"publisher\":{\"@id\":\"https:\/\/pasmania.hr\/#organization\"},\"potentialAction\":[{\"@type\":\"SearchAction\",\"target\":{\"@type\":\"EntryPoint\",\"urlTemplate\":\"https:\/\/pasmania.hr\/?s={search_term_string}\"},\"query-input\":{\"@type\":\"PropertyValueSpecification\",\"valueRequired\":true,\"valueName\":\"search_term_string\"}}],\"inLanguage\":\"en-GB\"},{\"@type\":\"Organization\",\"@id\":\"https:\/\/pasmania.hr\/#organization\",\"name\":\"Pa\u0161mania\",\"url\":\"https:\/\/pasmania.hr\/\",\"logo\":{\"@type\":\"ImageObject\",\"inLanguage\":\"en-GB\",\"@id\":\"https:\/\/pasmania.hr\/#\/schema\/logo\/image\/\",\"url\":\"https:\/\/pasmania.hr\/wp-content\/uploads\/2025\/03\/loho-modri.png\",\"contentUrl\":\"https:\/\/pasmania.hr\/wp-content\/uploads\/2025\/03\/loho-modri.png\",\"width\":500,\"height\":500,\"caption\":\"Pa\u0161mania\"},\"image\":{\"@id\":\"https:\/\/pasmania.hr\/#\/schema\/logo\/image\/\"}}]}<\/script>\n<!-- \/ Yoast SEO plugin. -->","yoast_head_json":{"title":"Impressum - Pa\u0161mania","robots":{"index":"noindex","follow":"follow"},"og_locale":"en_GB","og_type":"article","og_title":"Impressum - Pa\u0161mania","og_description":"Naziv obrta: Pa\u0161mania \u2013 obrt za usluge i turisti\u010dka agencijaVlasnica: Mia Bi\u0107ani\u0107OIB: 02155031998MBO: 98813544Adresa: Pla\u0161ki klanac 30, 23212 TkonDr\u017eava: Hrvatska E-mail: info@pasmania.hrMobitel: +385 01 763 8314 IBAN: HR02 2402 0061 1405 5732 3Banka: Erste banka d.d.SWIFT\/BIC: ESBCHR22 \u2e3b Registracija obrta: Obrt je registriran pri nadle\u017enom uredu za gospodarstvo u Republici Hrvatskoj.","og_url":"https:\/\/pasmania.hr\/en\/impressum\/","og_site_name":"Pa\u0161mania","article_modified_time":"2025-04-10T13:14:38+00:00","twitter_card":"summary_large_image","twitter_misc":{"Estimated reading time":"1 minute"},"schema":{"@context":"https:\/\/schema.org","@graph":[{"@type":"WebPage","@id":"https:\/\/pasmania.hr\/impressum\/","url":"https:\/\/pasmania.hr\/impressum\/","name":"Impressum - Pa\u0161mania","isPartOf":{"@id":"https:\/\/pasmania.hr\/#website"},"datePublished":"2025-04-10T13:14:37+00:00","dateModified":"2025-04-10T13:14:38+00:00","breadcrumb":{"@id":"https:\/\/pasmania.hr\/impressum\/#breadcrumb"},"inLanguage":"en-GB","potentialAction":[{"@type":"ReadAction","target":["https:\/\/pasmania.hr\/impressum\/"]}]},{"@type":"BreadcrumbList","@id":"https:\/\/pasmania.hr\/impressum\/#breadcrumb","itemListElement":[{"@type":"ListItem","position":1,"name":"Po\u010detna stranica","item":"https:\/\/pasmania.hr\/"},{"@type":"ListItem","position":2,"name":"Impressum"}]},{"@type":"WebSite","@id":"https:\/\/pasmania.hr\/#website","url":"https:\/\/pasmania.hr\/","name":"Pa\u0161mania","description":"Va\u0161a turisti\u010dka agencija na otoku Pa\u0161manu. Nudimo najbolji smje\u0161taj, autenti\u010dne izlete i profesionalno upravljanje nekretninama. Rezervirajte svoj odmor danas.","publisher":{"@id":"https:\/\/pasmania.hr\/#organization"},"potentialAction":[{"@type":"SearchAction","target":{"@type":"EntryPoint","urlTemplate":"https:\/\/pasmania.hr\/?s={search_term_string}"},"query-input":{"@type":"PropertyValueSpecification","valueRequired":true,"valueName":"search_term_string"}}],"inLanguage":"en-GB"},{"@type":"Organization","@id":"https:\/\/pasmania.hr\/#organization","name":"Pa\u0161mania","url":"https:\/\/pasmania.hr\/","logo":{"@type":"ImageObject","inLanguage":"en-GB","@id":"https:\/\/pasmania.hr\/#\/schema\/logo\/image\/","url":"https:\/\/pasmania.hr\/wp-content\/uploads\/2025\/03\/loho-modri.png","contentUrl":"https:\/\/pasmania.hr\/wp-content\/uploads\/2025\/03\/loho-modri.png","width":500,"height":500,"caption":"Pa\u0161mania"},"image":{"@id":"https:\/\/pasmania.hr\/#\/schema\/logo\/image\/"}}]}},"_links":{"self":[{"href":"https:\/\/pasmania.hr\/en\/wp-json\/wp\/v2\/pages\/2924","targetHints":{"allow":["GET"]}}],"collection":[{"href":"https:\/\/pasmania.hr\/en\/wp-json\/wp\/v2\/pages"}],"about":[{"href":"https:\/\/pasmania.hr\/en\/wp-json\/wp\/v2\/types\/page"}],"author":[{"embeddable":true,"href":"https:\/\/pasmania.hr\/en\/wp-json\/wp\/v2\/users\/1"}],"replies":[{"embeddable":true,"href":"https:\/\/pasmania.hr\/en\/wp-json\/wp\/v2\/comments?post=2924"}],"version-history":[{"count":1,"href":"https:\/\/pasmania.hr\/en\/wp-json\/wp\/v2\/pages\/2924\/revisions"}],"predecessor-version":[{"id":2925,"href":"https:\/\/pasmania.hr\/en\/wp-json\/wp\/v2\/pages\/2924\/revisions\/2925"}],"wp:attachment":[{"href":"https:\/\/pasmania.hr\/en\/wp-json\/wp\/v2\/media?parent=2924"}],"curies":[{"name":"wp","href":"https:\/\/api.w.org\/{rel}","templated":true}]}}