{"id":2928,"date":"2025-04-10T15:00:05","date_gmt":"2025-04-10T15:00:05","guid":{"rendered":"https:\/\/pasmania.hr\/?page_id=2928"},"modified":"2025-04-10T15:21:38","modified_gmt":"2025-04-10T15:21:38","slug":"politika-kolacica","status":"publish","type":"page","link":"https:\/\/pasmania.hr\/en\/politika-kolacica\/","title":{"rendered":"Cookie policy"},"content":{"rendered":"<p>This website (hereinafter referred to as the \u201cSite\u201d) uses cookies to improve your user experience. When you visit our site, we may store certain information on your computer in the form of \u201ccookies\u201d. <\/p>\n\n\n\n<p>Cookies are small text files that websites store on your device to collect information about your usage during your visit.<\/p>\n\n\n\n<div style=\"height:21px\" aria-hidden=\"true\" class=\"wp-block-spacer\"><\/div>\n\n\n\n<p><\/p>\n\n\n\n<p><strong>Types of cookies we use:<\/strong><\/p>\n\n\n\n<p>1.\u2060 \u2060Essential cookies:<br>These cookies are necessary for the website to function properly and allow you to navigate and use basic functionality.<\/p>\n\n\n\n<p>2.\u2060 \u2060Analytical cookies:<br>We use them to monitor visit statistics, analyze site usage, and improve performance and content. Example: Google Analytics.<\/p>\n\n\n\n<p>3.\u2060 \u2060Marketing cookies:<br>They are used to track your activities on the site so that we can show you personalized ads and promotional content.<\/p>\n\n\n\n<p><\/p>\n\n\n\n<div style=\"height:25px\" aria-hidden=\"true\" class=\"wp-block-spacer\"><\/div>\n\n\n\n<p><strong>Cookie management<\/strong><\/p>\n\n\n\n<p>If you want to manage or delete cookies, you can do so through your internet browser settings. Please note that disabling certain cookies may affect functionality and user experience on our site.<\/p>\n\n\n\n<div style=\"height:25px\" aria-hidden=\"true\" class=\"wp-block-spacer\"><\/div>\n\n\n\n<p><\/p>\n\n\n\n<p><strong>Safety<\/strong><\/p>\n\n\n\n<p>The cookies we use do not contain any personal information that would allow unauthorized access to your information. By using our site, you consent to the use of cookies in accordance with this policy.<\/p>\n\n\n\n<p><\/p>\n\n\n\n<p>This cookie policy may change from time to time to reflect legal requirements or changes in how we use cookies. We recommend that you check this page periodically to stay informed.<\/p>\n\n\n\n<p><\/p>\n\n\n\n<div style=\"height:28px\" aria-hidden=\"true\" class=\"wp-block-spacer\"><\/div>\n\n\n\n<p><strong>Contact<\/strong><\/p>\n\n\n\n<p>For any additional questions related to the cookie policy, feel free to contact us at:<br>E-mail: info@pasmania.hr<br>OIB: 02155031998<br>Owner: Mia Bi\u0107ani\u0107<br>Address: Tkon, island of Pasman<\/p>","protected":false},"excerpt":{"rendered":"<p>Ova web stranica (u daljnjem tekstu: \u201cStranica\u201d) koristi kola\u010di\u0107e kako bi pobolj\u0161ala korisni\u010dko iskustvo. Kada posjetite na\u0161u stranicu, mo\u017eemo pohraniti odre\u0111ene informacije na va\u0161e ra\u010dunalo u obliku \u201ckola\u010di\u0107a\u201d. Kola\u010di\u0107i su male tekstualne datoteke koje web stranice pohranjuju na va\u0161em ure\u0111aju kako bi prikupile podatke o va\u0161em kori\u0161tenju tijekom posjeta. Vrste kola\u010di\u0107a koje koristimo: 1.\u2060 \u2060Neophodni [&hellip;]<\/p>","protected":false},"author":1,"featured_media":0,"parent":0,"menu_order":0,"comment_status":"closed","ping_status":"closed","template":"","meta":{"site-sidebar-layout":"default","site-content-layout":"","ast-site-content-layout":"default","site-content-style":"default","site-sidebar-style":"default","ast-global-header-display":"","ast-banner-title-visibility":"","ast-main-header-display":"","ast-hfb-above-header-display":"","ast-hfb-below-header-display":"","ast-hfb-mobile-header-display":"","site-post-title":"","ast-breadcrumbs-content":"","ast-featured-img":"","footer-sml-layout":"","theme-transparent-header-meta":"","adv-header-id-meta":"","stick-header-meta":"","header-above-stick-meta":"","header-main-stick-meta":"","header-below-stick-meta":"","astra-migrate-meta-layouts":"set","ast-page-background-enabled":"default","ast-page-background-meta":{"desktop":{"background-color":"var(--ast-global-color-4)","background-image":"","background-repeat":"repeat","background-position":"center center","background-size":"auto","background-attachment":"scroll","background-type":"","background-media":"","overlay-type":"","overlay-color":"","overlay-opacity":"","overlay-gradient":""},"tablet":{"background-color":"","background-image":"","background-repeat":"repeat","background-position":"center center","background-size":"auto","background-attachment":"scroll","background-type":"","background-media":"","overlay-type":"","overlay-color":"","overlay-opacity":"","overlay-gradient":""},"mobile":{"background-color":"","background-image":"","background-repeat":"repeat","background-position":"center center","background-size":"auto","background-attachment":"scroll","background-type":"","background-media":"","overlay-type":"","overlay-color":"","overlay-opacity":"","overlay-gradient":""}},"ast-content-background-meta":{"desktop":{"background-color":"var(--ast-global-color-5)","background-image":"","background-repeat":"repeat","background-position":"center center","background-size":"auto","background-attachment":"scroll","background-type":"","background-media":"","overlay-type":"","overlay-color":"","overlay-opacity":"","overlay-gradient":""},"tablet":{"background-color":"var(--ast-global-color-5)","background-image":"","background-repeat":"repeat","background-position":"center center","background-size":"auto","background-attachment":"scroll","background-type":"","background-media":"","overlay-type":"","overlay-color":"","overlay-opacity":"","overlay-gradient":""},"mobile":{"background-color":"var(--ast-global-color-5)","background-image":"","background-repeat":"repeat","background-position":"center center","background-size":"auto","background-attachment":"scroll","background-type":"","background-media":"","overlay-type":"","overlay-color":"","overlay-opacity":"","overlay-gradient":""}},"footnotes":""},"class_list":["post-2928","page","type-page","status-publish","hentry"],"yoast_head":"<!-- This site is optimized with the Yoast SEO plugin v25.0 - https:\/\/yoast.com\/wordpress\/plugins\/seo\/ -->\n<title>Politika kola\u010di\u0107a - Pa\u0161mania<\/title>\n<meta name=\"robots\" content=\"noindex, follow\" \/>\n<meta property=\"og:locale\" content=\"en_GB\" \/>\n<meta property=\"og:type\" content=\"article\" \/>\n<meta property=\"og:title\" content=\"Politika kola\u010di\u0107a - Pa\u0161mania\" \/>\n<meta property=\"og:description\" content=\"Ova web stranica (u daljnjem tekstu: \u201cStranica\u201d) koristi kola\u010di\u0107e kako bi pobolj\u0161ala korisni\u010dko iskustvo. Kada posjetite na\u0161u stranicu, mo\u017eemo pohraniti odre\u0111ene informacije na va\u0161e ra\u010dunalo u obliku \u201ckola\u010di\u0107a\u201d. Kola\u010di\u0107i su male tekstualne datoteke koje web stranice pohranjuju na va\u0161em ure\u0111aju kako bi prikupile podatke o va\u0161em kori\u0161tenju tijekom posjeta. Vrste kola\u010di\u0107a koje koristimo: 1.\u2060 \u2060Neophodni [&hellip;]\" \/>\n<meta property=\"og:url\" content=\"https:\/\/pasmania.hr\/en\/politika-kolacica\/\" \/>\n<meta property=\"og:site_name\" content=\"Pa\u0161mania\" \/>\n<meta property=\"article:modified_time\" content=\"2025-04-10T15:21:38+00:00\" \/>\n<meta name=\"twitter:card\" content=\"summary_large_image\" \/>\n<meta name=\"twitter:label1\" content=\"Estimated reading time\" \/>\n\t<meta name=\"twitter:data1\" content=\"2 minutes\" \/>\n<script type=\"application\/ld+json\" class=\"yoast-schema-graph\">{\"@context\":\"https:\/\/schema.org\",\"@graph\":[{\"@type\":\"WebPage\",\"@id\":\"https:\/\/pasmania.hr\/politika-kolacica\/\",\"url\":\"https:\/\/pasmania.hr\/politika-kolacica\/\",\"name\":\"Politika kola\u010di\u0107a - Pa\u0161mania\",\"isPartOf\":{\"@id\":\"https:\/\/pasmania.hr\/#website\"},\"datePublished\":\"2025-04-10T15:00:05+00:00\",\"dateModified\":\"2025-04-10T15:21:38+00:00\",\"breadcrumb\":{\"@id\":\"https:\/\/pasmania.hr\/politika-kolacica\/#breadcrumb\"},\"inLanguage\":\"en-GB\",\"potentialAction\":[{\"@type\":\"ReadAction\",\"target\":[\"https:\/\/pasmania.hr\/politika-kolacica\/\"]}]},{\"@type\":\"BreadcrumbList\",\"@id\":\"https:\/\/pasmania.hr\/politika-kolacica\/#breadcrumb\",\"itemListElement\":[{\"@type\":\"ListItem\",\"position\":1,\"name\":\"Po\u010detna stranica\",\"item\":\"https:\/\/pasmania.hr\/\"},{\"@type\":\"ListItem\",\"position\":2,\"name\":\"Politika kola\u010di\u0107a\"}]},{\"@type\":\"WebSite\",\"@id\":\"https:\/\/pasmania.hr\/#website\",\"url\":\"https:\/\/pasmania.hr\/\",\"name\":\"Pa\u0161mania\",\"description\":\"Va\u0161a turisti\u010dka agencija na otoku Pa\u0161manu. Nudimo najbolji smje\u0161taj, autenti\u010dne izlete i profesionalno upravljanje nekretninama. Rezervirajte svoj odmor danas.\",\"publisher\":{\"@id\":\"https:\/\/pasmania.hr\/#organization\"},\"potentialAction\":[{\"@type\":\"SearchAction\",\"target\":{\"@type\":\"EntryPoint\",\"urlTemplate\":\"https:\/\/pasmania.hr\/?s={search_term_string}\"},\"query-input\":{\"@type\":\"PropertyValueSpecification\",\"valueRequired\":true,\"valueName\":\"search_term_string\"}}],\"inLanguage\":\"en-GB\"},{\"@type\":\"Organization\",\"@id\":\"https:\/\/pasmania.hr\/#organization\",\"name\":\"Pa\u0161mania\",\"url\":\"https:\/\/pasmania.hr\/\",\"logo\":{\"@type\":\"ImageObject\",\"inLanguage\":\"en-GB\",\"@id\":\"https:\/\/pasmania.hr\/#\/schema\/logo\/image\/\",\"url\":\"https:\/\/pasmania.hr\/wp-content\/uploads\/2025\/03\/loho-modri.png\",\"contentUrl\":\"https:\/\/pasmania.hr\/wp-content\/uploads\/2025\/03\/loho-modri.png\",\"width\":500,\"height\":500,\"caption\":\"Pa\u0161mania\"},\"image\":{\"@id\":\"https:\/\/pasmania.hr\/#\/schema\/logo\/image\/\"}}]}<\/script>\n<!-- \/ Yoast SEO plugin. -->","yoast_head_json":{"title":"Politika kola\u010di\u0107a - Pa\u0161mania","robots":{"index":"noindex","follow":"follow"},"og_locale":"en_GB","og_type":"article","og_title":"Politika kola\u010di\u0107a - Pa\u0161mania","og_description":"Ova web stranica (u daljnjem tekstu: \u201cStranica\u201d) koristi kola\u010di\u0107e kako bi pobolj\u0161ala korisni\u010dko iskustvo. Kada posjetite na\u0161u stranicu, mo\u017eemo pohraniti odre\u0111ene informacije na va\u0161e ra\u010dunalo u obliku \u201ckola\u010di\u0107a\u201d. Kola\u010di\u0107i su male tekstualne datoteke koje web stranice pohranjuju na va\u0161em ure\u0111aju kako bi prikupile podatke o va\u0161em kori\u0161tenju tijekom posjeta. Vrste kola\u010di\u0107a koje koristimo: 1.\u2060 \u2060Neophodni [&hellip;]","og_url":"https:\/\/pasmania.hr\/en\/politika-kolacica\/","og_site_name":"Pa\u0161mania","article_modified_time":"2025-04-10T15:21:38+00:00","twitter_card":"summary_large_image","twitter_misc":{"Estimated reading time":"2 minutes"},"schema":{"@context":"https:\/\/schema.org","@graph":[{"@type":"WebPage","@id":"https:\/\/pasmania.hr\/politika-kolacica\/","url":"https:\/\/pasmania.hr\/politika-kolacica\/","name":"Politika kola\u010di\u0107a - Pa\u0161mania","isPartOf":{"@id":"https:\/\/pasmania.hr\/#website"},"datePublished":"2025-04-10T15:00:05+00:00","dateModified":"2025-04-10T15:21:38+00:00","breadcrumb":{"@id":"https:\/\/pasmania.hr\/politika-kolacica\/#breadcrumb"},"inLanguage":"en-GB","potentialAction":[{"@type":"ReadAction","target":["https:\/\/pasmania.hr\/politika-kolacica\/"]}]},{"@type":"BreadcrumbList","@id":"https:\/\/pasmania.hr\/politika-kolacica\/#breadcrumb","itemListElement":[{"@type":"ListItem","position":1,"name":"Po\u010detna stranica","item":"https:\/\/pasmania.hr\/"},{"@type":"ListItem","position":2,"name":"Politika kola\u010di\u0107a"}]},{"@type":"WebSite","@id":"https:\/\/pasmania.hr\/#website","url":"https:\/\/pasmania.hr\/","name":"Pa\u0161mania","description":"Va\u0161a turisti\u010dka agencija na otoku Pa\u0161manu. Nudimo najbolji smje\u0161taj, autenti\u010dne izlete i profesionalno upravljanje nekretninama. Rezervirajte svoj odmor danas.","publisher":{"@id":"https:\/\/pasmania.hr\/#organization"},"potentialAction":[{"@type":"SearchAction","target":{"@type":"EntryPoint","urlTemplate":"https:\/\/pasmania.hr\/?s={search_term_string}"},"query-input":{"@type":"PropertyValueSpecification","valueRequired":true,"valueName":"search_term_string"}}],"inLanguage":"en-GB"},{"@type":"Organization","@id":"https:\/\/pasmania.hr\/#organization","name":"Pa\u0161mania","url":"https:\/\/pasmania.hr\/","logo":{"@type":"ImageObject","inLanguage":"en-GB","@id":"https:\/\/pasmania.hr\/#\/schema\/logo\/image\/","url":"https:\/\/pasmania.hr\/wp-content\/uploads\/2025\/03\/loho-modri.png","contentUrl":"https:\/\/pasmania.hr\/wp-content\/uploads\/2025\/03\/loho-modri.png","width":500,"height":500,"caption":"Pa\u0161mania"},"image":{"@id":"https:\/\/pasmania.hr\/#\/schema\/logo\/image\/"}}]}},"_links":{"self":[{"href":"https:\/\/pasmania.hr\/en\/wp-json\/wp\/v2\/pages\/2928","targetHints":{"allow":["GET"]}}],"collection":[{"href":"https:\/\/pasmania.hr\/en\/wp-json\/wp\/v2\/pages"}],"about":[{"href":"https:\/\/pasmania.hr\/en\/wp-json\/wp\/v2\/types\/page"}],"author":[{"embeddable":true,"href":"https:\/\/pasmania.hr\/en\/wp-json\/wp\/v2\/users\/1"}],"replies":[{"embeddable":true,"href":"https:\/\/pasmania.hr\/en\/wp-json\/wp\/v2\/comments?post=2928"}],"version-history":[{"count":3,"href":"https:\/\/pasmania.hr\/en\/wp-json\/wp\/v2\/pages\/2928\/revisions"}],"predecessor-version":[{"id":2942,"href":"https:\/\/pasmania.hr\/en\/wp-json\/wp\/v2\/pages\/2928\/revisions\/2942"}],"wp:attachment":[{"href":"https:\/\/pasmania.hr\/en\/wp-json\/wp\/v2\/media?parent=2928"}],"curies":[{"name":"wp","href":"https:\/\/api.w.org\/{rel}","templated":true}]}}