{"id":3,"date":"2025-02-21T15:07:15","date_gmt":"2025-02-21T15:07:15","guid":{"rendered":"https:\/\/pasmania.hr\/?page_id=3"},"modified":"2025-04-10T15:16:31","modified_gmt":"2025-04-10T15:16:31","slug":"privacy-policy","status":"publish","type":"page","link":"https:\/\/pasmania.hr\/en\/privacy-policy\/","title":{"rendered":"Privacy Policy"},"content":{"rendered":"<p>Pa\u0161mania - service business and travel agency (hereinafter: \"Pa\u0161mania\") respects your privacy and is committed to protecting the personal data of its users in accordance with the General Data Protection Regulation (GDPR).<\/p>\n\n\n\n<div style=\"height:30px\" aria-hidden=\"true\" class=\"wp-block-spacer\"><\/div>\n\n\n\n<h3 class=\"wp-block-heading\">Who are we?<\/h3>\n\n\n\n<p>Data processing manager:<br>Pa\u0161mania \u2013 service and travel agency<br>owned by Mia Bi\u0107ani\u0107<br>OIB: 02155031998<br>E-mail: info@pasmania.hr<br>Web: www.pasmania.hr<\/p>\n\n\n\n<div style=\"height:35px\" aria-hidden=\"true\" class=\"wp-block-spacer\"><\/div>\n\n\n\n<h3 class=\"wp-block-heading\">\u2060What data do we collect?<\/h3>\n\n\n\n<p>We may collect the following data:<br>\u2022 First and last name<br>\u2022 Email address<br>\u2022 Phone number<br>\u2022 Reservation information (excursions, accommodation, rent-a-boat)<br>\u2022 Technical data (IP address, browser, cookies)<\/p>\n\n\n\n<div style=\"height:33px\" aria-hidden=\"true\" class=\"wp-block-spacer\"><\/div>\n\n\n\n<h3 class=\"wp-block-heading\">\u2060How do we use your data?<\/h3>\n\n\n\n<p>\u2022 To confirm and manage reservations<br>\u2022 For communication related to the provision of services<br>\u2022 To send information and customer support<br>\u2022 To analyze and improve the quality of the site and service<\/p>\n\n\n\n<div style=\"height:33px\" aria-hidden=\"true\" class=\"wp-block-spacer\"><\/div>\n\n\n\n<h3 class=\"wp-block-heading\">Do we share your data?<\/h3>\n\n\n\n<p>We do not sell or share your data with third parties, except when it is necessary to perform the service (e.g. sending the reservation confirmation to the owner of the facility or ship), with your consent.<\/p>\n\n\n\n<div style=\"height:35px\" aria-hidden=\"true\" class=\"wp-block-spacer\"><\/div>\n\n\n\n<h3 class=\"wp-block-heading\">\u2060How long do we keep your data?<\/h3>\n\n\n\n<p>We only store data for as long as is necessary for the purpose of processing (e.g. the duration of the reservation and the legal term for keeping documentation).<\/p>\n\n\n\n<div style=\"height:29px\" aria-hidden=\"true\" class=\"wp-block-spacer\"><\/div>\n\n\n\n<h3 class=\"wp-block-heading\">Transfer of data to third parties<\/h3>\n\n\n\n<p>We do not sell or rent your personal information to third parties. Data may only be shared with third parties when there is a legal basis for doing so.<\/p>\n\n\n\n<p>Examples:<br>\u2022 We use Google Analytics to track website traffic and improve user experience. Data is shared anonymously, without the possibility of user identification.<br>\u2022 In the case of booking accommodation, excursions or boat rentals, the guest's basic data may be shared with service providers (e.g. boat or apartment owners), solely for the purpose of fulfilling the reservation.<\/p>\n\n\n\n<p>All external collaborators and service providers are required to comply with the GDPR and use the data solely for the purpose for which it was provided to them.<\/p>\n\n\n\n<div style=\"height:32px\" aria-hidden=\"true\" class=\"wp-block-spacer\"><\/div>\n\n\n\n<h3 class=\"wp-block-heading\">Your rights<\/h3>\n\n\n\n<p>At any time you have the right to:<br>\u2022 Access to your data<br>\u2022 Correction of incorrect data<br>\u2022 Deletion (\u201cright to be forgotten\u201d)<br>\u2022 Processing restriction<br>\u2022 Filing a complaint<\/p>\n\n\n\n<p>To exercise your rights, please feel free to contact us at info@pasmania.hr.<\/p>\n\n\n\n<p><\/p>\n\n\n\n<div style=\"height:32px\" aria-hidden=\"true\" class=\"wp-block-spacer\"><\/div>\n\n\n\n<h3 class=\"wp-block-heading\">Privacy Policy Changes<\/h3>\n\n\n\n<p>We reserve the right to change this policy. Any changes will be posted on this page. <\/p>\n\n\n\n<p>Last modified: 10.04.2025.<\/p>\n\n\n\n<div style=\"height:34px\" aria-hidden=\"true\" class=\"wp-block-spacer\"><\/div>\n\n\n\n<p><\/p>\n\n\n\n<h3 class=\"wp-block-heading\">Terms of use of the website<\/h3>\n\n\n\n<p>By using the website www.pasmania.hr, you accept the following terms and conditions:<br>\u2022 All content is copyrighted and may only be used for personal, non-commercial use.<br>\u2022 Pa\u0161mania does not guarantee the completeness or accuracy of all information and reserves the right to change the content at any time.<br>\u2022 The website may contain links to external sites for which Pa\u0161mania assumes no responsibility.<br>\u2022 All users use the site at their own risk.<br>\u2022 For all inquiries, contact us at info@pasmania.hr.<\/p>\n\n\n\n<p><\/p>","protected":false},"excerpt":{"rendered":"<p>Pa\u0161mania \u2013 obrt za usluge i turisti\u010dka agencija (u nastavku: \u201ePa\u0161mania\u201c) po\u0161tuje va\u0161u privatnost i obvezuje se \u0161tititi osobne podatke svojih korisnika u skladu s Op\u0107om uredbom o za\u0161titi podataka (GDPR). Tko smo? Voditelj obrade podataka:Pa\u0161mania \u2013 obrt za usluge i turisti\u010dka agencijavl. Mia Bi\u0107ani\u0107OIB: 02155031998E-mail: info@pasmania.hrWeb: www.pasmania.hr \u2060Koje podatke prikupljamo? Mo\u017eemo prikupljati sljede\u0107e podatke:\u2022 [&hellip;]<\/p>","protected":false},"author":1,"featured_media":0,"parent":0,"menu_order":0,"comment_status":"closed","ping_status":"open","template":"","meta":{"site-sidebar-layout":"default","site-content-layout":"","ast-site-content-layout":"default","site-content-style":"default","site-sidebar-style":"default","ast-global-header-display":"","ast-banner-title-visibility":"","ast-main-header-display":"","ast-hfb-above-header-display":"","ast-hfb-below-header-display":"","ast-hfb-mobile-header-display":"","site-post-title":"","ast-breadcrumbs-content":"","ast-featured-img":"","footer-sml-layout":"","theme-transparent-header-meta":"","adv-header-id-meta":"","stick-header-meta":"","header-above-stick-meta":"","header-main-stick-meta":"","header-below-stick-meta":"","astra-migrate-meta-layouts":"set","ast-page-background-enabled":"default","ast-page-background-meta":{"desktop":{"background-color":"var(--ast-global-color-4)","background-image":"","background-repeat":"repeat","background-position":"center center","background-size":"auto","background-attachment":"scroll","background-type":"","background-media":"","overlay-type":"","overlay-color":"","overlay-opacity":"","overlay-gradient":""},"tablet":{"background-color":"","background-image":"","background-repeat":"repeat","background-position":"center center","background-size":"auto","background-attachment":"scroll","background-type":"","background-media":"","overlay-type":"","overlay-color":"","overlay-opacity":"","overlay-gradient":""},"mobile":{"background-color":"","background-image":"","background-repeat":"repeat","background-position":"center center","background-size":"auto","background-attachment":"scroll","background-type":"","background-media":"","overlay-type":"","overlay-color":"","overlay-opacity":"","overlay-gradient":""}},"ast-content-background-meta":{"desktop":{"background-color":"var(--ast-global-color-5)","background-image":"","background-repeat":"repeat","background-position":"center center","background-size":"auto","background-attachment":"scroll","background-type":"","background-media":"","overlay-type":"","overlay-color":"","overlay-opacity":"","overlay-gradient":""},"tablet":{"background-color":"var(--ast-global-color-5)","background-image":"","background-repeat":"repeat","background-position":"center center","background-size":"auto","background-attachment":"scroll","background-type":"","background-media":"","overlay-type":"","overlay-color":"","overlay-opacity":"","overlay-gradient":""},"mobile":{"background-color":"var(--ast-global-color-5)","background-image":"","background-repeat":"repeat","background-position":"center center","background-size":"auto","background-attachment":"scroll","background-type":"","background-media":"","overlay-type":"","overlay-color":"","overlay-opacity":"","overlay-gradient":""}},"footnotes":""},"class_list":["post-3","page","type-page","status-publish","hentry"],"yoast_head":"<!-- This site is optimized with the Yoast SEO plugin v25.0 - https:\/\/yoast.com\/wordpress\/plugins\/seo\/ -->\n<title>Politika privatnosti - Pa\u0161mania<\/title>\n<meta name=\"robots\" content=\"noindex, follow\" \/>\n<meta property=\"og:locale\" content=\"en_GB\" \/>\n<meta property=\"og:type\" content=\"article\" \/>\n<meta property=\"og:title\" content=\"Politika privatnosti - Pa\u0161mania\" \/>\n<meta property=\"og:description\" content=\"Pa\u0161mania \u2013 obrt za usluge i turisti\u010dka agencija (u nastavku: \u201ePa\u0161mania\u201c) po\u0161tuje va\u0161u privatnost i obvezuje se \u0161tititi osobne podatke svojih korisnika u skladu s Op\u0107om uredbom o za\u0161titi podataka (GDPR). Tko smo? Voditelj obrade podataka:Pa\u0161mania \u2013 obrt za usluge i turisti\u010dka agencijavl. Mia Bi\u0107ani\u0107OIB: 02155031998E-mail: info@pasmania.hrWeb: www.pasmania.hr \u2060Koje podatke prikupljamo? Mo\u017eemo prikupljati sljede\u0107e podatke:\u2022 [&hellip;]\" \/>\n<meta property=\"og:url\" content=\"https:\/\/pasmania.hr\/en\/privacy-policy\/\" \/>\n<meta property=\"og:site_name\" content=\"Pa\u0161mania\" \/>\n<meta property=\"article:modified_time\" content=\"2025-04-10T15:16:31+00:00\" \/>\n<meta name=\"twitter:card\" content=\"summary_large_image\" \/>\n<meta name=\"twitter:label1\" content=\"Estimated reading time\" \/>\n\t<meta name=\"twitter:data1\" content=\"3 minutes\" \/>\n<script type=\"application\/ld+json\" class=\"yoast-schema-graph\">{\"@context\":\"https:\/\/schema.org\",\"@graph\":[{\"@type\":\"WebPage\",\"@id\":\"https:\/\/pasmania.hr\/privacy-policy\/\",\"url\":\"https:\/\/pasmania.hr\/privacy-policy\/\",\"name\":\"Politika privatnosti - Pa\u0161mania\",\"isPartOf\":{\"@id\":\"https:\/\/pasmania.hr\/#website\"},\"datePublished\":\"2025-02-21T15:07:15+00:00\",\"dateModified\":\"2025-04-10T15:16:31+00:00\",\"breadcrumb\":{\"@id\":\"https:\/\/pasmania.hr\/privacy-policy\/#breadcrumb\"},\"inLanguage\":\"en-GB\",\"potentialAction\":[{\"@type\":\"ReadAction\",\"target\":[\"https:\/\/pasmania.hr\/privacy-policy\/\"]}]},{\"@type\":\"BreadcrumbList\",\"@id\":\"https:\/\/pasmania.hr\/privacy-policy\/#breadcrumb\",\"itemListElement\":[{\"@type\":\"ListItem\",\"position\":1,\"name\":\"Po\u010detna stranica\",\"item\":\"https:\/\/pasmania.hr\/\"},{\"@type\":\"ListItem\",\"position\":2,\"name\":\"Politika privatnosti\"}]},{\"@type\":\"WebSite\",\"@id\":\"https:\/\/pasmania.hr\/#website\",\"url\":\"https:\/\/pasmania.hr\/\",\"name\":\"Pa\u0161mania\",\"description\":\"Va\u0161a turisti\u010dka agencija na otoku Pa\u0161manu. Nudimo najbolji smje\u0161taj, autenti\u010dne izlete i profesionalno upravljanje nekretninama. Rezervirajte svoj odmor danas.\",\"publisher\":{\"@id\":\"https:\/\/pasmania.hr\/#organization\"},\"potentialAction\":[{\"@type\":\"SearchAction\",\"target\":{\"@type\":\"EntryPoint\",\"urlTemplate\":\"https:\/\/pasmania.hr\/?s={search_term_string}\"},\"query-input\":{\"@type\":\"PropertyValueSpecification\",\"valueRequired\":true,\"valueName\":\"search_term_string\"}}],\"inLanguage\":\"en-GB\"},{\"@type\":\"Organization\",\"@id\":\"https:\/\/pasmania.hr\/#organization\",\"name\":\"Pa\u0161mania\",\"url\":\"https:\/\/pasmania.hr\/\",\"logo\":{\"@type\":\"ImageObject\",\"inLanguage\":\"en-GB\",\"@id\":\"https:\/\/pasmania.hr\/#\/schema\/logo\/image\/\",\"url\":\"https:\/\/pasmania.hr\/wp-content\/uploads\/2025\/03\/loho-modri.png\",\"contentUrl\":\"https:\/\/pasmania.hr\/wp-content\/uploads\/2025\/03\/loho-modri.png\",\"width\":500,\"height\":500,\"caption\":\"Pa\u0161mania\"},\"image\":{\"@id\":\"https:\/\/pasmania.hr\/#\/schema\/logo\/image\/\"}}]}<\/script>\n<!-- \/ Yoast SEO plugin. -->","yoast_head_json":{"title":"Politika privatnosti - Pa\u0161mania","robots":{"index":"noindex","follow":"follow"},"og_locale":"en_GB","og_type":"article","og_title":"Politika privatnosti - Pa\u0161mania","og_description":"Pa\u0161mania \u2013 obrt za usluge i turisti\u010dka agencija (u nastavku: \u201ePa\u0161mania\u201c) po\u0161tuje va\u0161u privatnost i obvezuje se \u0161tititi osobne podatke svojih korisnika u skladu s Op\u0107om uredbom o za\u0161titi podataka (GDPR). Tko smo? Voditelj obrade podataka:Pa\u0161mania \u2013 obrt za usluge i turisti\u010dka agencijavl. Mia Bi\u0107ani\u0107OIB: 02155031998E-mail: info@pasmania.hrWeb: www.pasmania.hr \u2060Koje podatke prikupljamo? Mo\u017eemo prikupljati sljede\u0107e podatke:\u2022 [&hellip;]","og_url":"https:\/\/pasmania.hr\/en\/privacy-policy\/","og_site_name":"Pa\u0161mania","article_modified_time":"2025-04-10T15:16:31+00:00","twitter_card":"summary_large_image","twitter_misc":{"Estimated reading time":"3 minutes"},"schema":{"@context":"https:\/\/schema.org","@graph":[{"@type":"WebPage","@id":"https:\/\/pasmania.hr\/privacy-policy\/","url":"https:\/\/pasmania.hr\/privacy-policy\/","name":"Politika privatnosti - Pa\u0161mania","isPartOf":{"@id":"https:\/\/pasmania.hr\/#website"},"datePublished":"2025-02-21T15:07:15+00:00","dateModified":"2025-04-10T15:16:31+00:00","breadcrumb":{"@id":"https:\/\/pasmania.hr\/privacy-policy\/#breadcrumb"},"inLanguage":"en-GB","potentialAction":[{"@type":"ReadAction","target":["https:\/\/pasmania.hr\/privacy-policy\/"]}]},{"@type":"BreadcrumbList","@id":"https:\/\/pasmania.hr\/privacy-policy\/#breadcrumb","itemListElement":[{"@type":"ListItem","position":1,"name":"Po\u010detna stranica","item":"https:\/\/pasmania.hr\/"},{"@type":"ListItem","position":2,"name":"Politika privatnosti"}]},{"@type":"WebSite","@id":"https:\/\/pasmania.hr\/#website","url":"https:\/\/pasmania.hr\/","name":"Pa\u0161mania","description":"Va\u0161a turisti\u010dka agencija na otoku Pa\u0161manu. Nudimo najbolji smje\u0161taj, autenti\u010dne izlete i profesionalno upravljanje nekretninama. Rezervirajte svoj odmor danas.","publisher":{"@id":"https:\/\/pasmania.hr\/#organization"},"potentialAction":[{"@type":"SearchAction","target":{"@type":"EntryPoint","urlTemplate":"https:\/\/pasmania.hr\/?s={search_term_string}"},"query-input":{"@type":"PropertyValueSpecification","valueRequired":true,"valueName":"search_term_string"}}],"inLanguage":"en-GB"},{"@type":"Organization","@id":"https:\/\/pasmania.hr\/#organization","name":"Pa\u0161mania","url":"https:\/\/pasmania.hr\/","logo":{"@type":"ImageObject","inLanguage":"en-GB","@id":"https:\/\/pasmania.hr\/#\/schema\/logo\/image\/","url":"https:\/\/pasmania.hr\/wp-content\/uploads\/2025\/03\/loho-modri.png","contentUrl":"https:\/\/pasmania.hr\/wp-content\/uploads\/2025\/03\/loho-modri.png","width":500,"height":500,"caption":"Pa\u0161mania"},"image":{"@id":"https:\/\/pasmania.hr\/#\/schema\/logo\/image\/"}}]}},"_links":{"self":[{"href":"https:\/\/pasmania.hr\/en\/wp-json\/wp\/v2\/pages\/3","targetHints":{"allow":["GET"]}}],"collection":[{"href":"https:\/\/pasmania.hr\/en\/wp-json\/wp\/v2\/pages"}],"about":[{"href":"https:\/\/pasmania.hr\/en\/wp-json\/wp\/v2\/types\/page"}],"author":[{"embeddable":true,"href":"https:\/\/pasmania.hr\/en\/wp-json\/wp\/v2\/users\/1"}],"replies":[{"embeddable":true,"href":"https:\/\/pasmania.hr\/en\/wp-json\/wp\/v2\/comments?post=3"}],"version-history":[{"count":2,"href":"https:\/\/pasmania.hr\/en\/wp-json\/wp\/v2\/pages\/3\/revisions"}],"predecessor-version":[{"id":2941,"href":"https:\/\/pasmania.hr\/en\/wp-json\/wp\/v2\/pages\/3\/revisions\/2941"}],"wp:attachment":[{"href":"https:\/\/pasmania.hr\/en\/wp-json\/wp\/v2\/media?parent=3"}],"curies":[{"name":"wp","href":"https:\/\/api.w.org\/{rel}","templated":true}]}}