{"id":4433,"date":"2025-07-02T15:57:08","date_gmt":"2025-07-02T15:57:08","guid":{"rendered":"https:\/\/pasmania.hr\/?page_id=4433"},"modified":"2025-07-02T16:56:51","modified_gmt":"2025-07-02T16:56:51","slug":"poludnevni-izlet-u-potrazi-za-dupinima","status":"publish","type":"page","link":"https:\/\/pasmania.hr\/en\/poludnevni-izlet-u-potrazi-za-dupinima\/","title":{"rendered":"POLUDNEVNI IZLET \u2013 U POTRAZI ZA DUPINIMA"},"content":{"rendered":"<div data-elementor-type=\"wp-page\" data-elementor-id=\"4433\" class=\"elementor elementor-4433\">\n\t\t\t\t<div class=\"elementor-element elementor-element-35b71d17 e-flex e-con-boxed e-con e-parent\" data-id=\"35b71d17\" data-element_type=\"container\" data-e-type=\"container\">\n\t\t\t\t\t<div class=\"e-con-inner\">\n\t\t\t\t<div class=\"elementor-element elementor-element-5fc3ff7c elementor-widget elementor-widget-heading\" data-id=\"5fc3ff7c\" data-element_type=\"widget\" data-e-type=\"widget\" data-widget_type=\"heading.default\">\n\t\t\t\t<div class=\"elementor-widget-container\">\n\t\t\t\t\t<h1 class=\"elementor-heading-title elementor-size-default\"> POLUDNEVNI IZLET \u2013 U POTRAZI ZA DUPINIMA\n<\/h1>\t\t\t\t<\/div>\n\t\t\t\t<\/div>\n\t\t\t\t\t<\/div>\n\t\t\t\t<\/div>\n\t\t<div class=\"elementor-element elementor-element-6238f942 e-grid e-con-boxed e-con e-parent\" data-id=\"6238f942\" data-element_type=\"container\" data-e-type=\"container\">\n\t\t\t\t\t<div class=\"e-con-inner\">\n\t\t\t\t<div class=\"elementor-element elementor-element-3ed2ef9 elementor-widget elementor-widget-image\" data-id=\"3ed2ef9\" data-element_type=\"widget\" data-e-type=\"widget\" data-widget_type=\"image.default\">\n\t\t\t\t<div class=\"elementor-widget-container\">\n\t\t\t\t\t\t\t\t\t\t\t\t\t\t\t<img fetchpriority=\"high\" decoding=\"async\" width=\"1024\" height=\"768\" src=\"https:\/\/pasmania.hr\/wp-content\/uploads\/2025\/07\/NNNNN-1024x768.jpg\" class=\"attachment-large size-large wp-image-4428\" alt=\"\" srcset=\"https:\/\/pasmania.hr\/wp-content\/uploads\/2025\/07\/NNNNN-1024x768.jpg 1024w, https:\/\/pasmania.hr\/wp-content\/uploads\/2025\/07\/NNNNN-300x225.jpg 300w, https:\/\/pasmania.hr\/wp-content\/uploads\/2025\/07\/NNNNN-768x576.jpg 768w, https:\/\/pasmania.hr\/wp-content\/uploads\/2025\/07\/NNNNN-1536x1152.jpg 1536w, https:\/\/pasmania.hr\/wp-content\/uploads\/2025\/07\/NNNNN-16x12.jpg 16w, https:\/\/pasmania.hr\/wp-content\/uploads\/2025\/07\/NNNNN.jpg 1600w\" sizes=\"(max-width: 1024px) 100vw, 1024px\" \/>\t\t\t\t\t\t\t\t\t\t\t\t\t\t\t<\/div>\n\t\t\t\t<\/div>\n\t\t\t\t<div class=\"elementor-element elementor-element-513cc265 elementor-widget elementor-widget-image\" data-id=\"513cc265\" data-element_type=\"widget\" data-e-type=\"widget\" data-widget_type=\"image.default\">\n\t\t\t\t<div class=\"elementor-widget-container\">\n\t\t\t\t\t\t\t\t\t\t\t\t\t\t\t<img decoding=\"async\" width=\"1024\" height=\"768\" src=\"https:\/\/pasmania.hr\/wp-content\/uploads\/2025\/07\/dupini-1024x768.jpg\" class=\"attachment-large size-large wp-image-4437\" alt=\"\" srcset=\"https:\/\/pasmania.hr\/wp-content\/uploads\/2025\/07\/dupini-1024x768.jpg 1024w, https:\/\/pasmania.hr\/wp-content\/uploads\/2025\/07\/dupini-300x225.jpg 300w, https:\/\/pasmania.hr\/wp-content\/uploads\/2025\/07\/dupini-768x576.jpg 768w, https:\/\/pasmania.hr\/wp-content\/uploads\/2025\/07\/dupini-1536x1152.jpg 1536w, https:\/\/pasmania.hr\/wp-content\/uploads\/2025\/07\/dupini-16x12.jpg 16w, https:\/\/pasmania.hr\/wp-content\/uploads\/2025\/07\/dupini.jpg 1600w\" sizes=\"(max-width: 1024px) 100vw, 1024px\" \/>\t\t\t\t\t\t\t\t\t\t\t\t\t\t\t<\/div>\n\t\t\t\t<\/div>\n\t\t\t\t\t<\/div>\n\t\t\t\t<\/div>\n\t\t<div class=\"elementor-element elementor-element-5cb9b325 e-flex e-con-boxed e-con e-parent\" data-id=\"5cb9b325\" data-element_type=\"container\" data-e-type=\"container\">\n\t\t\t\t\t<div class=\"e-con-inner\">\n\t\t\t\t<div class=\"elementor-element elementor-element-24b569da elementor-widget elementor-widget-heading\" data-id=\"24b569da\" data-element_type=\"widget\" data-e-type=\"widget\" data-widget_type=\"heading.default\">\n\t\t\t\t<div class=\"elementor-widget-container\">\n\t\t\t\t\t<h2 class=\"elementor-heading-title elementor-size-default\">Zapo\u010dnite dan plovidbom kroz Pa\u0161manski kanal i krenite u potragu za najdra\u017eim stanovnicima mora \u2013 dupinima! \n<\/h2>\t\t\t\t<\/div>\n\t\t\t\t<\/div>\n\t\t\t\t\t<\/div>\n\t\t\t\t<\/div>\n\t\t<div class=\"elementor-element elementor-element-66ec3e90 e-flex e-con-boxed e-con e-parent\" data-id=\"66ec3e90\" data-element_type=\"container\" data-e-type=\"container\">\n\t\t\t\t\t<div class=\"e-con-inner\">\n\t\t\t\t<div class=\"elementor-element elementor-element-79b6633f elementor-widget elementor-widget-text-editor\" data-id=\"79b6633f\" data-element_type=\"widget\" data-e-type=\"widget\" data-widget_type=\"text-editor.default\">\n\t\t\t\t<div class=\"elementor-widget-container\">\n\t\t\t\t\t\t\t\t\t<div>Plovimo uz ribogojili\u0161ta i oto\u010di\u0107e blizu Biograda, a s malo sre\u0107e dupini \u0107e nas pozdraviti svojim igrama.<\/div><div>\u00a0<\/div><div><p>Dolphin Quest Tour<br \/>Trajanje: cca 09:00 \u2013 13:00 \/ povremeno 14:00 \u2013 18:00<br \/>1 stajanje za kupanje<\/p><p>\u00a0<\/p><\/div><div>\ud83d\udccd Stajanje: prekrasna pje\u0161\u010dana pla\u017ea na otoku Vrgada<\/div><div>\ud83c\udf6a U cijeni:<\/div><div>\u2022Kava i doma\u0107i kola\u010di\u0107 na brodu<\/div><div>\u2022Osvje\u017eenje tijekom plovidbe<\/div><div>\u2022Kapetan + gorivo<\/div><div>\u00a0<\/div><div>\ud83d\udc2c Idealan obiteljski izlet s opu\u0161tenom atmosferom i sjajnim uspomenama!<\/div>\t\t\t\t\t\t\t\t<\/div>\n\t\t\t\t<\/div>\n\t\t\t\t\t<\/div>\n\t\t\t\t<\/div>\n\t\t<div class=\"elementor-element elementor-element-315cc16 e-flex e-con-boxed e-con e-parent\" data-id=\"315cc16\" data-element_type=\"container\" data-e-type=\"container\">\n\t\t\t\t\t<div class=\"e-con-inner\">\n\t\t\t\t<div class=\"elementor-element elementor-element-5ca9583f elementor-widget elementor-widget-spacer\" data-id=\"5ca9583f\" data-element_type=\"widget\" data-e-type=\"widget\" data-widget_type=\"spacer.default\">\n\t\t\t\t<div class=\"elementor-widget-container\">\n\t\t\t\t\t\t\t<div class=\"elementor-spacer\">\n\t\t\t<div class=\"elementor-spacer-inner\"><\/div>\n\t\t<\/div>\n\t\t\t\t\t\t<\/div>\n\t\t\t\t<\/div>\n\t\t\t\t\t<\/div>\n\t\t\t\t<\/div>\n\t\t<div class=\"elementor-element elementor-element-6b8a98c3 e-flex e-con-boxed e-con e-parent\" data-id=\"6b8a98c3\" data-element_type=\"container\" data-e-type=\"container\" data-settings=\"{&quot;background_background&quot;:&quot;classic&quot;}\">\n\t\t\t\t\t<div class=\"e-con-inner\">\n\t\t\t\t<div class=\"elementor-element elementor-element-6354fa elementor-widget elementor-widget-heading\" data-id=\"6354fa\" data-element_type=\"widget\" data-e-type=\"widget\" data-widget_type=\"heading.default\">\n\t\t\t\t<div class=\"elementor-widget-container\">\n\t\t\t\t\t<h3 class=\"elementor-heading-title elementor-size-default\">Broj mjesta je ograni\u010den \u2013 osigurajte svoje mjesto na brodu ve\u0107 danas!\nKliknite Rezerviraj izlet i zaplovite prema nezaboravnom susretu s dupinima i \u010darima otoka Vrgade. \ud83d\udc2c\ud83c\udf0a\n<\/h3>\t\t\t\t<\/div>\n\t\t\t\t<\/div>\n\t\t\t\t\t<\/div>\n\t\t\t\t<\/div>\n\t\t<div class=\"elementor-element elementor-element-e83ce35 e-flex e-con-boxed e-con e-parent\" data-id=\"e83ce35\" data-element_type=\"container\" data-e-type=\"container\" data-settings=\"{&quot;background_background&quot;:&quot;classic&quot;}\">\n\t\t\t\t\t<div class=\"e-con-inner\">\n\t\t\t\t<div class=\"elementor-element elementor-element-fe1cf1e elementor-align-center elementor-widget elementor-widget-button\" data-id=\"fe1cf1e\" data-element_type=\"widget\" data-e-type=\"widget\" data-widget_type=\"button.default\">\n\t\t\t\t<div class=\"elementor-widget-container\">\n\t\t\t\t\t\t\t\t\t<div class=\"elementor-button-wrapper\">\n\t\t\t\t\t<a class=\"elementor-button elementor-button-link elementor-size-sm\" href=\"mailto:info@pasmania.hr\">\n\t\t\t\t\t\t<span class=\"elementor-button-content-wrapper\">\n\t\t\t\t\t\t\t\t\t<span class=\"elementor-button-text\">Book a trip<\/span>\n\t\t\t\t\t<\/span>\n\t\t\t\t\t<\/a>\n\t\t\t\t<\/div>\n\t\t\t\t\t\t\t\t<\/div>\n\t\t\t\t<\/div>\n\t\t\t\t\t<\/div>\n\t\t\t\t<\/div>\n\t\t<div class=\"elementor-element elementor-element-3efcb612 e-flex e-con-boxed e-con e-parent\" data-id=\"3efcb612\" data-element_type=\"container\" data-e-type=\"container\">\n\t\t\t\t\t<div class=\"e-con-inner\">\n\t\t\t\t\t<\/div>\n\t\t\t\t<\/div>\n\t\t<div class=\"elementor-element elementor-element-9738ab4 e-flex e-con-boxed e-con e-parent\" data-id=\"9738ab4\" data-element_type=\"container\" data-e-type=\"container\">\n\t\t\t\t\t<div class=\"e-con-inner\">\n\t\t\t\t<div class=\"elementor-element elementor-element-1c4842d4 elementor-arrows-position-inside elementor-pagination-position-outside elementor-widget elementor-widget-image-carousel\" data-id=\"1c4842d4\" data-element_type=\"widget\" data-e-type=\"widget\" data-settings=\"{&quot;navigation&quot;:&quot;both&quot;,&quot;autoplay&quot;:&quot;yes&quot;,&quot;pause_on_hover&quot;:&quot;yes&quot;,&quot;pause_on_interaction&quot;:&quot;yes&quot;,&quot;autoplay_speed&quot;:5000,&quot;infinite&quot;:&quot;yes&quot;,&quot;speed&quot;:500}\" data-widget_type=\"image-carousel.default\">\n\t\t\t\t<div class=\"elementor-widget-container\">\n\t\t\t\t\t\t\t<div class=\"elementor-image-carousel-wrapper swiper\" role=\"region\" aria-roledescription=\"carousel\" aria-label=\"Carousel of images\" dir=\"ltr\">\n\t\t\t<div class=\"elementor-image-carousel swiper-wrapper\" aria-live=\"off\">\n\t\t\t\t\t\t\t\t<div class=\"swiper-slide\" role=\"group\" aria-roledescription=\"slide\" aria-label=\"1 of 10\"><figure class=\"swiper-slide-inner\"><img decoding=\"async\" class=\"swiper-slide-image\" src=\"https:\/\/pasmania.hr\/wp-content\/uploads\/2025\/07\/dupini-768x576.jpg\" alt=\"dupini\" \/><\/figure><\/div><div class=\"swiper-slide\" role=\"group\" aria-roledescription=\"slide\" aria-label=\"2 of 10\"><figure class=\"swiper-slide-inner\"><img decoding=\"async\" class=\"swiper-slide-image\" src=\"https:\/\/pasmania.hr\/wp-content\/uploads\/2025\/07\/NNNNN-768x576.jpg\" alt=\"NNNNN\" \/><\/figure><\/div><div class=\"swiper-slide\" role=\"group\" aria-roledescription=\"slide\" aria-label=\"3 of 10\"><figure class=\"swiper-slide-inner\"><img decoding=\"async\" class=\"swiper-slide-image\" src=\"https:\/\/pasmania.hr\/wp-content\/uploads\/2025\/07\/DDDD-768x576.jpg\" alt=\"DDDD\" \/><\/figure><\/div><div class=\"swiper-slide\" role=\"group\" aria-roledescription=\"slide\" aria-label=\"4 of 10\"><figure class=\"swiper-slide-inner\"><img decoding=\"async\" class=\"swiper-slide-image\" src=\"https:\/\/pasmania.hr\/wp-content\/uploads\/2025\/07\/1000058370.jpg\" alt=\"1000058370\" \/><\/figure><\/div><div class=\"swiper-slide\" role=\"group\" aria-roledescription=\"slide\" aria-label=\"5 of 10\"><figure class=\"swiper-slide-inner\"><img decoding=\"async\" class=\"swiper-slide-image\" src=\"https:\/\/pasmania.hr\/wp-content\/uploads\/2025\/07\/1000058367.jpg\" alt=\"1000058367\" \/><\/figure><\/div><div class=\"swiper-slide\" role=\"group\" aria-roledescription=\"slide\" aria-label=\"6 of 10\"><figure class=\"swiper-slide-inner\"><img decoding=\"async\" class=\"swiper-slide-image\" src=\"https:\/\/pasmania.hr\/wp-content\/uploads\/2025\/07\/1000058360-768x1024.jpg\" alt=\"1000058360\" \/><\/figure><\/div><div class=\"swiper-slide\" role=\"group\" aria-roledescription=\"slide\" aria-label=\"7 of 10\"><figure class=\"swiper-slide-inner\"><img decoding=\"async\" class=\"swiper-slide-image\" src=\"https:\/\/pasmania.hr\/wp-content\/uploads\/2025\/07\/1000058349.jpg\" alt=\"1000058349\" \/><\/figure><\/div><div class=\"swiper-slide\" role=\"group\" aria-roledescription=\"slide\" aria-label=\"8 of 10\"><figure class=\"swiper-slide-inner\"><img decoding=\"async\" class=\"swiper-slide-image\" src=\"https:\/\/pasmania.hr\/wp-content\/uploads\/2025\/07\/1000058352-768x960.jpg\" alt=\"1000058352\" \/><\/figure><\/div><div class=\"swiper-slide\" role=\"group\" aria-roledescription=\"slide\" aria-label=\"9 of 10\"><figure class=\"swiper-slide-inner\"><img decoding=\"async\" class=\"swiper-slide-image\" src=\"https:\/\/pasmania.hr\/wp-content\/uploads\/2025\/07\/1000058339-768x576.jpg\" alt=\"1000058339\" \/><\/figure><\/div><div class=\"swiper-slide\" role=\"group\" aria-roledescription=\"slide\" aria-label=\"10 of 10\"><figure class=\"swiper-slide-inner\"><img decoding=\"async\" class=\"swiper-slide-image\" src=\"https:\/\/pasmania.hr\/wp-content\/uploads\/2025\/07\/1000058332-768x578.jpg\" alt=\"1000058332\" \/><\/figure><\/div>\t\t\t<\/div>\n\t\t\t\t\t\t\t\t\t\t\t\t<div class=\"elementor-swiper-button elementor-swiper-button-prev\" role=\"button\" tabindex=\"0\">\n\t\t\t\t\t\t<svg aria-hidden=\"true\" class=\"e-font-icon-svg e-eicon-chevron-left\" viewbox=\"0 0 1000 1000\" xmlns=\"http:\/\/www.w3.org\/2000\/svg\"><path d=\"M646 125C629 125 613 133 604 142L308 442C296 454 292 471 292 487 292 504 296 521 308 533L604 854C617 867 629 875 646 875 663 875 679 871 692 858 704 846 713 829 713 812 713 796 708 779 692 767L438 487 692 225C700 217 708 204 708 187 708 171 704 154 692 142 675 129 663 125 646 125Z\"><\/path><\/svg>\t\t\t\t\t<\/div>\n\t\t\t\t\t<div class=\"elementor-swiper-button elementor-swiper-button-next\" role=\"button\" tabindex=\"0\">\n\t\t\t\t\t\t<svg aria-hidden=\"true\" class=\"e-font-icon-svg e-eicon-chevron-right\" viewbox=\"0 0 1000 1000\" xmlns=\"http:\/\/www.w3.org\/2000\/svg\"><path d=\"M696 533C708 521 713 504 713 487 713 471 708 454 696 446L400 146C388 133 375 125 354 125 338 125 325 129 313 142 300 154 292 171 292 187 292 204 296 221 308 233L563 492 304 771C292 783 288 800 288 817 288 833 296 850 308 863 321 871 338 875 354 875 371 875 388 867 400 854L696 533Z\"><\/path><\/svg>\t\t\t\t\t<\/div>\n\t\t\t\t\n\t\t\t\t\t\t\t\t\t<div class=\"swiper-pagination\"><\/div>\n\t\t\t\t\t\t\t\t\t<\/div>\n\t\t\t\t\t\t<\/div>\n\t\t\t\t<\/div>\n\t\t\t\t\t<\/div>\n\t\t\t\t<\/div>\n\t\t\t\t<\/div>","protected":false},"excerpt":{"rendered":"<p>POLUDNEVNI IZLET \u2013 U POTRAZI ZA DUPINIMA Zapo\u010dnite dan plovidbom kroz Pa\u0161manski kanal i krenite u potragu za najdra\u017eim stanovnicima mora \u2013 dupinima! Plovimo uz ribogojili\u0161ta i oto\u010di\u0107e blizu Biograda, a s malo sre\u0107e dupini \u0107e nas pozdraviti svojim igrama.\u00a0 Dolphin Quest TourTrajanje: cca 09:00 \u2013 13:00 \/ povremeno 14:00 \u2013 18:001 stajanje za kupanje [&hellip;]<\/p>","protected":false},"author":1,"featured_media":4369,"parent":0,"menu_order":0,"comment_status":"closed","ping_status":"closed","template":"","meta":{"site-sidebar-layout":"no-sidebar","site-content-layout":"page-builder","ast-site-content-layout":"full-width-container","site-content-style":"default","site-sidebar-style":"default","ast-global-header-display":"","ast-banner-title-visibility":"","ast-main-header-display":"","ast-hfb-above-header-display":"","ast-hfb-below-header-display":"","ast-hfb-mobile-header-display":"","site-post-title":"disabled","ast-breadcrumbs-content":"","ast-featured-img":"disabled","footer-sml-layout":"","theme-transparent-header-meta":"","adv-header-id-meta":"","stick-header-meta":"","header-above-stick-meta":"","header-main-stick-meta":"","header-below-stick-meta":"","astra-migrate-meta-layouts":"set","ast-page-background-enabled":"default","ast-page-background-meta":{"desktop":{"background-color":"var(--ast-global-color-4)","background-image":"","background-repeat":"repeat","background-position":"center center","background-size":"auto","background-attachment":"scroll","background-type":"","background-media":"","overlay-type":"","overlay-color":"","overlay-opacity":"","overlay-gradient":""},"tablet":{"background-color":"","background-image":"","background-repeat":"repeat","background-position":"center center","background-size":"auto","background-attachment":"scroll","background-type":"","background-media":"","overlay-type":"","overlay-color":"","overlay-opacity":"","overlay-gradient":""},"mobile":{"background-color":"","background-image":"","background-repeat":"repeat","background-position":"center center","background-size":"auto","background-attachment":"scroll","background-type":"","background-media":"","overlay-type":"","overlay-color":"","overlay-opacity":"","overlay-gradient":""}},"ast-content-background-meta":{"desktop":{"background-color":"var(--ast-global-color-5)","background-image":"","background-repeat":"repeat","background-position":"center center","background-size":"auto","background-attachment":"scroll","background-type":"","background-media":"","overlay-type":"","overlay-color":"","overlay-opacity":"","overlay-gradient":""},"tablet":{"background-color":"var(--ast-global-color-5)","background-image":"","background-repeat":"repeat","background-position":"center center","background-size":"auto","background-attachment":"scroll","background-type":"","background-media":"","overlay-type":"","overlay-color":"","overlay-opacity":"","overlay-gradient":""},"mobile":{"background-color":"var(--ast-global-color-5)","background-image":"","background-repeat":"repeat","background-position":"center center","background-size":"auto","background-attachment":"scroll","background-type":"","background-media":"","overlay-type":"","overlay-color":"","overlay-opacity":"","overlay-gradient":""}},"footnotes":""},"class_list":["post-4433","page","type-page","status-publish","has-post-thumbnail","hentry"],"yoast_head":"<!-- This site is optimized with the Yoast SEO plugin v25.0 - https:\/\/yoast.com\/wordpress\/plugins\/seo\/ -->\n<title>POLUDNEVNI IZLET \u2013 U POTRAZI ZA DUPINIMA - Pa\u0161mania<\/title>\n<meta name=\"description\" content=\"Poludnevni izlet brodom u potragu za dupinima kroz Pa\u0161manski kanal, uz kupanje na Vrgadi i kavu s kola\u010di\u0107em. Idealno za obitelji!\" \/>\n<meta name=\"robots\" content=\"index, follow, max-snippet:-1, max-image-preview:large, max-video-preview:-1\" \/>\n<link rel=\"canonical\" href=\"https:\/\/pasmania.hr\/en\/poludnevni-izlet-u-potrazi-za-dupinima\/\" \/>\n<meta property=\"og:locale\" content=\"en_GB\" \/>\n<meta property=\"og:type\" content=\"article\" \/>\n<meta property=\"og:title\" content=\"Poludnevni izlet brodom \u2013 U potrazi za dupinima | Pa\u0161mania\" \/>\n<meta property=\"og:description\" content=\"Kava, kola\u010di\u0107 i jutarnja vo\u017enja u potrazi za dupinima kroz Pa\u0161manski kanal. Kupanje na Vrgadi i opu\u0161tena atmosfera za cijelu obitelj. \ud83d\udc2c\" \/>\n<meta property=\"og:url\" content=\"https:\/\/pasmania.hr\/en\/poludnevni-izlet-u-potrazi-za-dupinima\/\" \/>\n<meta property=\"og:site_name\" content=\"Pa\u0161mania\" \/>\n<meta property=\"article:modified_time\" content=\"2025-07-02T16:56:51+00:00\" \/>\n<meta property=\"og:image\" content=\"https:\/\/pasmania.hr\/wp-content\/uploads\/2025\/07\/Dolphin-Quest-Tour.jpg\" \/>\n\t<meta property=\"og:image:width\" content=\"1920\" \/>\n\t<meta property=\"og:image:height\" content=\"915\" \/>\n\t<meta property=\"og:image:type\" content=\"image\/jpeg\" \/>\n<meta name=\"twitter:card\" content=\"summary_large_image\" \/>\n<meta name=\"twitter:label1\" content=\"Estimated reading time\" \/>\n\t<meta name=\"twitter:data1\" content=\"5 minutes\" \/>\n<script type=\"application\/ld+json\" class=\"yoast-schema-graph\">{\"@context\":\"https:\/\/schema.org\",\"@graph\":[{\"@type\":\"WebPage\",\"@id\":\"https:\/\/pasmania.hr\/poludnevni-izlet-u-potrazi-za-dupinima\/\",\"url\":\"https:\/\/pasmania.hr\/poludnevni-izlet-u-potrazi-za-dupinima\/\",\"name\":\"POLUDNEVNI IZLET \u2013 U POTRAZI ZA DUPINIMA - Pa\u0161mania\",\"isPartOf\":{\"@id\":\"https:\/\/pasmania.hr\/#website\"},\"primaryImageOfPage\":{\"@id\":\"https:\/\/pasmania.hr\/poludnevni-izlet-u-potrazi-za-dupinima\/#primaryimage\"},\"image\":{\"@id\":\"https:\/\/pasmania.hr\/poludnevni-izlet-u-potrazi-za-dupinima\/#primaryimage\"},\"thumbnailUrl\":\"https:\/\/pasmania.hr\/wp-content\/uploads\/2025\/07\/Dolphin-Quest-Tour.jpg\",\"datePublished\":\"2025-07-02T15:57:08+00:00\",\"dateModified\":\"2025-07-02T16:56:51+00:00\",\"description\":\"Poludnevni izlet brodom u potragu za dupinima kroz Pa\u0161manski kanal, uz kupanje na Vrgadi i kavu s kola\u010di\u0107em. Idealno za obitelji!\",\"breadcrumb\":{\"@id\":\"https:\/\/pasmania.hr\/poludnevni-izlet-u-potrazi-za-dupinima\/#breadcrumb\"},\"inLanguage\":\"en-GB\",\"potentialAction\":[{\"@type\":\"ReadAction\",\"target\":[\"https:\/\/pasmania.hr\/poludnevni-izlet-u-potrazi-za-dupinima\/\"]}]},{\"@type\":\"ImageObject\",\"inLanguage\":\"en-GB\",\"@id\":\"https:\/\/pasmania.hr\/poludnevni-izlet-u-potrazi-za-dupinima\/#primaryimage\",\"url\":\"https:\/\/pasmania.hr\/wp-content\/uploads\/2025\/07\/Dolphin-Quest-Tour.jpg\",\"contentUrl\":\"https:\/\/pasmania.hr\/wp-content\/uploads\/2025\/07\/Dolphin-Quest-Tour.jpg\",\"width\":1920,\"height\":915},{\"@type\":\"BreadcrumbList\",\"@id\":\"https:\/\/pasmania.hr\/poludnevni-izlet-u-potrazi-za-dupinima\/#breadcrumb\",\"itemListElement\":[{\"@type\":\"ListItem\",\"position\":1,\"name\":\"Po\u010detna stranica\",\"item\":\"https:\/\/pasmania.hr\/\"},{\"@type\":\"ListItem\",\"position\":2,\"name\":\"POLUDNEVNI IZLET \u2013 U POTRAZI ZA DUPINIMA\"}]},{\"@type\":\"WebSite\",\"@id\":\"https:\/\/pasmania.hr\/#website\",\"url\":\"https:\/\/pasmania.hr\/\",\"name\":\"Pa\u0161mania\",\"description\":\"Va\u0161a turisti\u010dka agencija na otoku Pa\u0161manu. Nudimo najbolji smje\u0161taj, autenti\u010dne izlete i profesionalno upravljanje nekretninama. Rezervirajte svoj odmor danas.\",\"publisher\":{\"@id\":\"https:\/\/pasmania.hr\/#organization\"},\"potentialAction\":[{\"@type\":\"SearchAction\",\"target\":{\"@type\":\"EntryPoint\",\"urlTemplate\":\"https:\/\/pasmania.hr\/?s={search_term_string}\"},\"query-input\":{\"@type\":\"PropertyValueSpecification\",\"valueRequired\":true,\"valueName\":\"search_term_string\"}}],\"inLanguage\":\"en-GB\"},{\"@type\":\"Organization\",\"@id\":\"https:\/\/pasmania.hr\/#organization\",\"name\":\"Pa\u0161mania\",\"url\":\"https:\/\/pasmania.hr\/\",\"logo\":{\"@type\":\"ImageObject\",\"inLanguage\":\"en-GB\",\"@id\":\"https:\/\/pasmania.hr\/#\/schema\/logo\/image\/\",\"url\":\"https:\/\/pasmania.hr\/wp-content\/uploads\/2025\/03\/loho-modri.png\",\"contentUrl\":\"https:\/\/pasmania.hr\/wp-content\/uploads\/2025\/03\/loho-modri.png\",\"width\":500,\"height\":500,\"caption\":\"Pa\u0161mania\"},\"image\":{\"@id\":\"https:\/\/pasmania.hr\/#\/schema\/logo\/image\/\"}}]}<\/script>\n<!-- \/ Yoast SEO plugin. -->","yoast_head_json":{"title":"POLUDNEVNI IZLET \u2013 U POTRAZI ZA DUPINIMA - Pa\u0161mania","description":"Poludnevni izlet brodom u potragu za dupinima kroz Pa\u0161manski kanal, uz kupanje na Vrgadi i kavu s kola\u010di\u0107em. Idealno za obitelji!","robots":{"index":"index","follow":"follow","max-snippet":"max-snippet:-1","max-image-preview":"max-image-preview:large","max-video-preview":"max-video-preview:-1"},"canonical":"https:\/\/pasmania.hr\/en\/poludnevni-izlet-u-potrazi-za-dupinima\/","og_locale":"en_GB","og_type":"article","og_title":"Poludnevni izlet brodom \u2013 U potrazi za dupinima | Pa\u0161mania","og_description":"Kava, kola\u010di\u0107 i jutarnja vo\u017enja u potrazi za dupinima kroz Pa\u0161manski kanal. Kupanje na Vrgadi i opu\u0161tena atmosfera za cijelu obitelj. \ud83d\udc2c","og_url":"https:\/\/pasmania.hr\/en\/poludnevni-izlet-u-potrazi-za-dupinima\/","og_site_name":"Pa\u0161mania","article_modified_time":"2025-07-02T16:56:51+00:00","og_image":[{"width":1920,"height":915,"url":"https:\/\/pasmania.hr\/wp-content\/uploads\/2025\/07\/Dolphin-Quest-Tour.jpg","type":"image\/jpeg"}],"twitter_card":"summary_large_image","twitter_misc":{"Estimated reading time":"5 minutes"},"schema":{"@context":"https:\/\/schema.org","@graph":[{"@type":"WebPage","@id":"https:\/\/pasmania.hr\/poludnevni-izlet-u-potrazi-za-dupinima\/","url":"https:\/\/pasmania.hr\/poludnevni-izlet-u-potrazi-za-dupinima\/","name":"POLUDNEVNI IZLET \u2013 U POTRAZI ZA DUPINIMA - Pa\u0161mania","isPartOf":{"@id":"https:\/\/pasmania.hr\/#website"},"primaryImageOfPage":{"@id":"https:\/\/pasmania.hr\/poludnevni-izlet-u-potrazi-za-dupinima\/#primaryimage"},"image":{"@id":"https:\/\/pasmania.hr\/poludnevni-izlet-u-potrazi-za-dupinima\/#primaryimage"},"thumbnailUrl":"https:\/\/pasmania.hr\/wp-content\/uploads\/2025\/07\/Dolphin-Quest-Tour.jpg","datePublished":"2025-07-02T15:57:08+00:00","dateModified":"2025-07-02T16:56:51+00:00","description":"Poludnevni izlet brodom u potragu za dupinima kroz Pa\u0161manski kanal, uz kupanje na Vrgadi i kavu s kola\u010di\u0107em. Idealno za obitelji!","breadcrumb":{"@id":"https:\/\/pasmania.hr\/poludnevni-izlet-u-potrazi-za-dupinima\/#breadcrumb"},"inLanguage":"en-GB","potentialAction":[{"@type":"ReadAction","target":["https:\/\/pasmania.hr\/poludnevni-izlet-u-potrazi-za-dupinima\/"]}]},{"@type":"ImageObject","inLanguage":"en-GB","@id":"https:\/\/pasmania.hr\/poludnevni-izlet-u-potrazi-za-dupinima\/#primaryimage","url":"https:\/\/pasmania.hr\/wp-content\/uploads\/2025\/07\/Dolphin-Quest-Tour.jpg","contentUrl":"https:\/\/pasmania.hr\/wp-content\/uploads\/2025\/07\/Dolphin-Quest-Tour.jpg","width":1920,"height":915},{"@type":"BreadcrumbList","@id":"https:\/\/pasmania.hr\/poludnevni-izlet-u-potrazi-za-dupinima\/#breadcrumb","itemListElement":[{"@type":"ListItem","position":1,"name":"Po\u010detna stranica","item":"https:\/\/pasmania.hr\/"},{"@type":"ListItem","position":2,"name":"POLUDNEVNI IZLET \u2013 U POTRAZI ZA DUPINIMA"}]},{"@type":"WebSite","@id":"https:\/\/pasmania.hr\/#website","url":"https:\/\/pasmania.hr\/","name":"Pa\u0161mania","description":"Va\u0161a turisti\u010dka agencija na otoku Pa\u0161manu. Nudimo najbolji smje\u0161taj, autenti\u010dne izlete i profesionalno upravljanje nekretninama. Rezervirajte svoj odmor danas.","publisher":{"@id":"https:\/\/pasmania.hr\/#organization"},"potentialAction":[{"@type":"SearchAction","target":{"@type":"EntryPoint","urlTemplate":"https:\/\/pasmania.hr\/?s={search_term_string}"},"query-input":{"@type":"PropertyValueSpecification","valueRequired":true,"valueName":"search_term_string"}}],"inLanguage":"en-GB"},{"@type":"Organization","@id":"https:\/\/pasmania.hr\/#organization","name":"Pa\u0161mania","url":"https:\/\/pasmania.hr\/","logo":{"@type":"ImageObject","inLanguage":"en-GB","@id":"https:\/\/pasmania.hr\/#\/schema\/logo\/image\/","url":"https:\/\/pasmania.hr\/wp-content\/uploads\/2025\/03\/loho-modri.png","contentUrl":"https:\/\/pasmania.hr\/wp-content\/uploads\/2025\/03\/loho-modri.png","width":500,"height":500,"caption":"Pa\u0161mania"},"image":{"@id":"https:\/\/pasmania.hr\/#\/schema\/logo\/image\/"}}]}},"_links":{"self":[{"href":"https:\/\/pasmania.hr\/en\/wp-json\/wp\/v2\/pages\/4433","targetHints":{"allow":["GET"]}}],"collection":[{"href":"https:\/\/pasmania.hr\/en\/wp-json\/wp\/v2\/pages"}],"about":[{"href":"https:\/\/pasmania.hr\/en\/wp-json\/wp\/v2\/types\/page"}],"author":[{"embeddable":true,"href":"https:\/\/pasmania.hr\/en\/wp-json\/wp\/v2\/users\/1"}],"replies":[{"embeddable":true,"href":"https:\/\/pasmania.hr\/en\/wp-json\/wp\/v2\/comments?post=4433"}],"version-history":[{"count":4,"href":"https:\/\/pasmania.hr\/en\/wp-json\/wp\/v2\/pages\/4433\/revisions"}],"predecessor-version":[{"id":4440,"href":"https:\/\/pasmania.hr\/en\/wp-json\/wp\/v2\/pages\/4433\/revisions\/4440"}],"wp:featuredmedia":[{"embeddable":true,"href":"https:\/\/pasmania.hr\/en\/wp-json\/wp\/v2\/media\/4369"}],"wp:attachment":[{"href":"https:\/\/pasmania.hr\/en\/wp-json\/wp\/v2\/media?parent=4433"}],"curies":[{"name":"wp","href":"https:\/\/api.w.org\/{rel}","templated":true}]}}