{"id":4441,"date":"2025-07-02T17:52:32","date_gmt":"2025-07-02T17:52:32","guid":{"rendered":"https:\/\/pasmania.hr\/?page_id=4441"},"modified":"2025-07-02T18:06:26","modified_gmt":"2025-07-02T18:06:26","slug":"cjelodnevni-izlet-kornati-telascica-2","status":"publish","type":"page","link":"https:\/\/pasmania.hr\/en\/cjelodnevni-izlet-kornati-telascica-2\/","title":{"rendered":"SUNSET IZLET \u2013 VINO &amp; MORE"},"content":{"rendered":"<div data-elementor-type=\"wp-page\" data-elementor-id=\"4441\" class=\"elementor elementor-4441\">\n\t\t\t\t<div class=\"elementor-element elementor-element-710f4c7d e-flex e-con-boxed e-con e-parent\" data-id=\"710f4c7d\" data-element_type=\"container\" data-e-type=\"container\">\n\t\t\t\t\t<div class=\"e-con-inner\">\n\t\t\t\t<div class=\"elementor-element elementor-element-5b016466 elementor-widget elementor-widget-heading\" data-id=\"5b016466\" data-element_type=\"widget\" data-e-type=\"widget\" data-widget_type=\"heading.default\">\n\t\t\t\t<div class=\"elementor-widget-container\">\n\t\t\t\t\t<h1 class=\"elementor-heading-title elementor-size-default\">SUNSET IZLET \u2013 VINO &amp; MORE\n<\/h1>\t\t\t\t<\/div>\n\t\t\t\t<\/div>\n\t\t\t\t\t<\/div>\n\t\t\t\t<\/div>\n\t\t<div class=\"elementor-element elementor-element-232c2d1c e-grid e-con-boxed e-con e-parent\" data-id=\"232c2d1c\" data-element_type=\"container\" data-e-type=\"container\">\n\t\t\t\t\t<div class=\"e-con-inner\">\n\t\t\t\t<div class=\"elementor-element elementor-element-56b0cd32 elementor-widget elementor-widget-image\" data-id=\"56b0cd32\" data-element_type=\"widget\" data-e-type=\"widget\" data-widget_type=\"image.default\">\n\t\t\t\t<div class=\"elementor-widget-container\">\n\t\t\t\t\t\t\t\t\t\t\t\t\t\t\t<img fetchpriority=\"high\" decoding=\"async\" width=\"1024\" height=\"768\" src=\"https:\/\/pasmania.hr\/wp-content\/uploads\/2025\/07\/DDDD-1-1024x768.jpg\" class=\"attachment-large size-large wp-image-4444\" alt=\"\" srcset=\"https:\/\/pasmania.hr\/wp-content\/uploads\/2025\/07\/DDDD-1-1024x768.jpg 1024w, https:\/\/pasmania.hr\/wp-content\/uploads\/2025\/07\/DDDD-1-300x225.jpg 300w, https:\/\/pasmania.hr\/wp-content\/uploads\/2025\/07\/DDDD-1-768x576.jpg 768w, https:\/\/pasmania.hr\/wp-content\/uploads\/2025\/07\/DDDD-1-1536x1152.jpg 1536w, https:\/\/pasmania.hr\/wp-content\/uploads\/2025\/07\/DDDD-1-16x12.jpg 16w, https:\/\/pasmania.hr\/wp-content\/uploads\/2025\/07\/DDDD-1.jpg 1600w\" sizes=\"(max-width: 1024px) 100vw, 1024px\" \/>\t\t\t\t\t\t\t\t\t\t\t\t\t\t\t<\/div>\n\t\t\t\t<\/div>\n\t\t\t\t<div class=\"elementor-element elementor-element-40380dfd elementor-widget elementor-widget-image\" data-id=\"40380dfd\" data-element_type=\"widget\" data-e-type=\"widget\" data-widget_type=\"image.default\">\n\t\t\t\t<div class=\"elementor-widget-container\">\n\t\t\t\t\t\t\t\t\t\t\t\t\t\t\t<img decoding=\"async\" width=\"1024\" height=\"768\" src=\"https:\/\/pasmania.hr\/wp-content\/uploads\/2025\/07\/fff-1024x768.jpg\" class=\"attachment-large size-large wp-image-4445\" alt=\"\" srcset=\"https:\/\/pasmania.hr\/wp-content\/uploads\/2025\/07\/fff-1024x768.jpg 1024w, https:\/\/pasmania.hr\/wp-content\/uploads\/2025\/07\/fff-300x225.jpg 300w, https:\/\/pasmania.hr\/wp-content\/uploads\/2025\/07\/fff-768x576.jpg 768w, https:\/\/pasmania.hr\/wp-content\/uploads\/2025\/07\/fff-1536x1152.jpg 1536w, https:\/\/pasmania.hr\/wp-content\/uploads\/2025\/07\/fff-16x12.jpg 16w, https:\/\/pasmania.hr\/wp-content\/uploads\/2025\/07\/fff.jpg 1600w\" sizes=\"(max-width: 1024px) 100vw, 1024px\" \/>\t\t\t\t\t\t\t\t\t\t\t\t\t\t\t<\/div>\n\t\t\t\t<\/div>\n\t\t\t\t\t<\/div>\n\t\t\t\t<\/div>\n\t\t<div class=\"elementor-element elementor-element-25cbbc54 e-flex e-con-boxed e-con e-parent\" data-id=\"25cbbc54\" data-element_type=\"container\" data-e-type=\"container\">\n\t\t\t\t\t<div class=\"e-con-inner\">\n\t\t\t\t<div class=\"elementor-element elementor-element-6be73b3 elementor-widget elementor-widget-heading\" data-id=\"6be73b3\" data-element_type=\"widget\" data-e-type=\"widget\" data-widget_type=\"heading.default\">\n\t\t\t\t<div class=\"elementor-widget-container\">\n\t\t\t\t\t<h2 class=\"elementor-heading-title elementor-size-default\">Za romanti\u010dne du\u0161e i zaljubljenike u zalaske \u2013 ovaj izlet je magija. Plovimo u zlatnom satu kroz Pa\u0161manski kanal, nazdravljamo uz \u010da\u0161u vina i grickamo sir, dok se sunce spu\u0161ta iza otoka.<\/h2>\t\t\t\t<\/div>\n\t\t\t\t<\/div>\n\t\t\t\t\t<\/div>\n\t\t\t\t<\/div>\n\t\t<div class=\"elementor-element elementor-element-30b64546 e-flex e-con-boxed e-con e-parent\" data-id=\"30b64546\" data-element_type=\"container\" data-e-type=\"container\">\n\t\t\t\t\t<div class=\"e-con-inner\">\n\t\t\t\t<div class=\"elementor-element elementor-element-13b5dd91 elementor-widget elementor-widget-text-editor\" data-id=\"13b5dd91\" data-element_type=\"widget\" data-e-type=\"widget\" data-widget_type=\"text-editor.default\">\n\t\t\t\t<div class=\"elementor-widget-container\">\n\t\t\t\t\t\t\t\t\t<p>Ve\u010dernja plovidba Pa\u0161manskim kanalom<br \/>Trajanje: 19:00 \u2013 21:30<\/p><p>\u00a0<\/p><div>\ud83e\udd42 Uklju\u010deno:<\/div><div>\u2022\u010ca\u0161a doma\u0107eg vina<\/div><div>\u2022Daska s lokalnim sirom<\/div><div>\u2022Kupanje ako po\u017eelite!<\/div><div>\u2022Chill mood i savr\u0161ena pozadina za fotke<\/div>\t\t\t\t\t\t\t\t<\/div>\n\t\t\t\t<\/div>\n\t\t\t\t\t<\/div>\n\t\t\t\t<\/div>\n\t\t<div class=\"elementor-element elementor-element-5ee8d3be e-flex e-con-boxed e-con e-parent\" data-id=\"5ee8d3be\" data-element_type=\"container\" data-e-type=\"container\">\n\t\t\t\t\t<div class=\"e-con-inner\">\n\t\t\t\t<div class=\"elementor-element elementor-element-25b307ba elementor-widget elementor-widget-spacer\" data-id=\"25b307ba\" data-element_type=\"widget\" data-e-type=\"widget\" data-widget_type=\"spacer.default\">\n\t\t\t\t<div class=\"elementor-widget-container\">\n\t\t\t\t\t\t\t<div class=\"elementor-spacer\">\n\t\t\t<div class=\"elementor-spacer-inner\"><\/div>\n\t\t<\/div>\n\t\t\t\t\t\t<\/div>\n\t\t\t\t<\/div>\n\t\t\t\t\t<\/div>\n\t\t\t\t<\/div>\n\t\t<div class=\"elementor-element elementor-element-89d3a6f e-flex e-con-boxed e-con e-parent\" data-id=\"89d3a6f\" data-element_type=\"container\" data-e-type=\"container\" data-settings=\"{&quot;background_background&quot;:&quot;classic&quot;}\">\n\t\t\t\t\t<div class=\"e-con-inner\">\n\t\t\t\t<div class=\"elementor-element elementor-element-4bd9642c elementor-widget elementor-widget-heading\" data-id=\"4bd9642c\" data-element_type=\"widget\" data-e-type=\"widget\" data-widget_type=\"heading.default\">\n\t\t\t\t<div class=\"elementor-widget-container\">\n\t\t\t\t\t<h3 class=\"elementor-heading-title elementor-size-default\">\nDo\u017eivi ve\u010dernju \u010daroliju Pa\u0161manskog kanala uz vino, sir i nezaboravne fotke u zlatnom satu.\n\u27a1\ufe0f Mjesta su ograni\u010dena \u2013 klikni i uplovi u svoju sunset pri\u010du! \ud83c\udf77\u2728\n<\/h3>\t\t\t\t<\/div>\n\t\t\t\t<\/div>\n\t\t\t\t\t<\/div>\n\t\t\t\t<\/div>\n\t\t<div class=\"elementor-element elementor-element-7d57a44f e-flex e-con-boxed e-con e-parent\" data-id=\"7d57a44f\" data-element_type=\"container\" data-e-type=\"container\" data-settings=\"{&quot;background_background&quot;:&quot;classic&quot;}\">\n\t\t\t\t\t<div class=\"e-con-inner\">\n\t\t\t\t<div class=\"elementor-element elementor-element-76cd6914 elementor-align-center elementor-widget elementor-widget-button\" data-id=\"76cd6914\" data-element_type=\"widget\" data-e-type=\"widget\" data-widget_type=\"button.default\">\n\t\t\t\t<div class=\"elementor-widget-container\">\n\t\t\t\t\t\t\t\t\t<div class=\"elementor-button-wrapper\">\n\t\t\t\t\t<a class=\"elementor-button elementor-button-link elementor-size-sm\" href=\"mailto:info@pasmania.hr\">\n\t\t\t\t\t\t<span class=\"elementor-button-content-wrapper\">\n\t\t\t\t\t\t\t\t\t<span class=\"elementor-button-text\">Book a trip<\/span>\n\t\t\t\t\t<\/span>\n\t\t\t\t\t<\/a>\n\t\t\t\t<\/div>\n\t\t\t\t\t\t\t\t<\/div>\n\t\t\t\t<\/div>\n\t\t\t\t\t<\/div>\n\t\t\t\t<\/div>\n\t\t<div class=\"elementor-element elementor-element-38cfd05b e-flex e-con-boxed e-con e-parent\" data-id=\"38cfd05b\" data-element_type=\"container\" data-e-type=\"container\">\n\t\t\t\t\t<div class=\"e-con-inner\">\n\t\t\t\t\t<\/div>\n\t\t\t\t<\/div>\n\t\t<div class=\"elementor-element elementor-element-35ea3988 e-flex e-con-boxed e-con e-parent\" data-id=\"35ea3988\" data-element_type=\"container\" data-e-type=\"container\">\n\t\t\t\t\t<div class=\"e-con-inner\">\n\t\t\t\t<div class=\"elementor-element elementor-element-40dd26f0 elementor-arrows-position-inside elementor-pagination-position-outside elementor-widget elementor-widget-image-carousel\" data-id=\"40dd26f0\" data-element_type=\"widget\" data-e-type=\"widget\" data-settings=\"{&quot;navigation&quot;:&quot;both&quot;,&quot;autoplay&quot;:&quot;yes&quot;,&quot;pause_on_hover&quot;:&quot;yes&quot;,&quot;pause_on_interaction&quot;:&quot;yes&quot;,&quot;autoplay_speed&quot;:5000,&quot;infinite&quot;:&quot;yes&quot;,&quot;speed&quot;:500}\" data-widget_type=\"image-carousel.default\">\n\t\t\t\t<div class=\"elementor-widget-container\">\n\t\t\t\t\t\t\t<div class=\"elementor-image-carousel-wrapper swiper\" role=\"region\" aria-roledescription=\"carousel\" aria-label=\"Carousel of images\" dir=\"ltr\">\n\t\t\t<div class=\"elementor-image-carousel swiper-wrapper\" aria-live=\"off\">\n\t\t\t\t\t\t\t\t<div class=\"swiper-slide\" role=\"group\" aria-roledescription=\"slide\" aria-label=\"1 of 7\"><figure class=\"swiper-slide-inner\"><img decoding=\"async\" class=\"swiper-slide-image\" src=\"https:\/\/pasmania.hr\/wp-content\/uploads\/2025\/07\/DDDD-768x576.jpg\" alt=\"DDDD\" \/><\/figure><\/div><div class=\"swiper-slide\" role=\"group\" aria-roledescription=\"slide\" aria-label=\"2 of 7\"><figure class=\"swiper-slide-inner\"><img decoding=\"async\" class=\"swiper-slide-image\" src=\"https:\/\/pasmania.hr\/wp-content\/uploads\/2025\/07\/1000058343-768x346.jpg\" alt=\"1000058343\" \/><\/figure><\/div><div class=\"swiper-slide\" role=\"group\" aria-roledescription=\"slide\" aria-label=\"3 of 7\"><figure class=\"swiper-slide-inner\"><img decoding=\"async\" class=\"swiper-slide-image\" src=\"https:\/\/pasmania.hr\/wp-content\/uploads\/2025\/07\/1000058341.jpg\" alt=\"1000058341\" \/><\/figure><\/div><div class=\"swiper-slide\" role=\"group\" aria-roledescription=\"slide\" aria-label=\"4 of 7\"><figure class=\"swiper-slide-inner\"><img decoding=\"async\" class=\"swiper-slide-image\" src=\"https:\/\/pasmania.hr\/wp-content\/uploads\/2025\/07\/1000058342.jpg\" alt=\"1000058342\" \/><\/figure><\/div><div class=\"swiper-slide\" role=\"group\" aria-roledescription=\"slide\" aria-label=\"5 of 7\"><figure class=\"swiper-slide-inner\"><img decoding=\"async\" class=\"swiper-slide-image\" src=\"https:\/\/pasmania.hr\/wp-content\/uploads\/2025\/07\/1000058338.jpg\" alt=\"1000058338\" \/><\/figure><\/div><div class=\"swiper-slide\" role=\"group\" aria-roledescription=\"slide\" aria-label=\"6 of 7\"><figure class=\"swiper-slide-inner\"><img decoding=\"async\" class=\"swiper-slide-image\" src=\"https:\/\/pasmania.hr\/wp-content\/uploads\/2025\/07\/NNNNN-768x576.jpg\" alt=\"NNNNN\" \/><\/figure><\/div><div class=\"swiper-slide\" role=\"group\" aria-roledescription=\"slide\" aria-label=\"7 of 7\"><figure class=\"swiper-slide-inner\"><img decoding=\"async\" class=\"swiper-slide-image\" src=\"https:\/\/pasmania.hr\/wp-content\/uploads\/2025\/07\/1000058370.jpg\" alt=\"1000058370\" \/><\/figure><\/div>\t\t\t<\/div>\n\t\t\t\t\t\t\t\t\t\t\t\t<div class=\"elementor-swiper-button elementor-swiper-button-prev\" role=\"button\" tabindex=\"0\">\n\t\t\t\t\t\t<svg aria-hidden=\"true\" class=\"e-font-icon-svg e-eicon-chevron-left\" viewbox=\"0 0 1000 1000\" xmlns=\"http:\/\/www.w3.org\/2000\/svg\"><path d=\"M646 125C629 125 613 133 604 142L308 442C296 454 292 471 292 487 292 504 296 521 308 533L604 854C617 867 629 875 646 875 663 875 679 871 692 858 704 846 713 829 713 812 713 796 708 779 692 767L438 487 692 225C700 217 708 204 708 187 708 171 704 154 692 142 675 129 663 125 646 125Z\"><\/path><\/svg>\t\t\t\t\t<\/div>\n\t\t\t\t\t<div class=\"elementor-swiper-button elementor-swiper-button-next\" role=\"button\" tabindex=\"0\">\n\t\t\t\t\t\t<svg aria-hidden=\"true\" class=\"e-font-icon-svg e-eicon-chevron-right\" viewbox=\"0 0 1000 1000\" xmlns=\"http:\/\/www.w3.org\/2000\/svg\"><path d=\"M696 533C708 521 713 504 713 487 713 471 708 454 696 446L400 146C388 133 375 125 354 125 338 125 325 129 313 142 300 154 292 171 292 187 292 204 296 221 308 233L563 492 304 771C292 783 288 800 288 817 288 833 296 850 308 863 321 871 338 875 354 875 371 875 388 867 400 854L696 533Z\"><\/path><\/svg>\t\t\t\t\t<\/div>\n\t\t\t\t\n\t\t\t\t\t\t\t\t\t<div class=\"swiper-pagination\"><\/div>\n\t\t\t\t\t\t\t\t\t<\/div>\n\t\t\t\t\t\t<\/div>\n\t\t\t\t<\/div>\n\t\t\t\t\t<\/div>\n\t\t\t\t<\/div>\n\t\t\t\t<\/div>","protected":false},"excerpt":{"rendered":"<p>SUNSET IZLET \u2013 VINO &#038; MORE Za romanti\u010dne du\u0161e i zaljubljenike u zalaske \u2013 ovaj izlet je magija. Plovimo u zlatnom satu kroz Pa\u0161manski kanal, nazdravljamo uz \u010da\u0161u vina i grickamo sir, dok se sunce spu\u0161ta iza otoka. Ve\u010dernja plovidba Pa\u0161manskim kanalomTrajanje: 19:00 \u2013 21:30 \u00a0 \ud83e\udd42 Uklju\u010deno:\u2022\u010ca\u0161a doma\u0107eg vina\u2022Daska s lokalnim sirom\u2022Kupanje ako po\u017eelite!\u2022Chill [&hellip;]<\/p>","protected":false},"author":1,"featured_media":4375,"parent":0,"menu_order":0,"comment_status":"closed","ping_status":"closed","template":"","meta":{"site-sidebar-layout":"no-sidebar","site-content-layout":"page-builder","ast-site-content-layout":"full-width-container","site-content-style":"default","site-sidebar-style":"default","ast-global-header-display":"","ast-banner-title-visibility":"","ast-main-header-display":"","ast-hfb-above-header-display":"","ast-hfb-below-header-display":"","ast-hfb-mobile-header-display":"","site-post-title":"disabled","ast-breadcrumbs-content":"","ast-featured-img":"disabled","footer-sml-layout":"","theme-transparent-header-meta":"","adv-header-id-meta":"","stick-header-meta":"","header-above-stick-meta":"","header-main-stick-meta":"","header-below-stick-meta":"","astra-migrate-meta-layouts":"set","ast-page-background-enabled":"default","ast-page-background-meta":{"desktop":{"background-color":"var(--ast-global-color-4)","background-image":"","background-repeat":"repeat","background-position":"center center","background-size":"auto","background-attachment":"scroll","background-type":"","background-media":"","overlay-type":"","overlay-color":"","overlay-opacity":"","overlay-gradient":""},"tablet":{"background-color":"","background-image":"","background-repeat":"repeat","background-position":"center center","background-size":"auto","background-attachment":"scroll","background-type":"","background-media":"","overlay-type":"","overlay-color":"","overlay-opacity":"","overlay-gradient":""},"mobile":{"background-color":"","background-image":"","background-repeat":"repeat","background-position":"center center","background-size":"auto","background-attachment":"scroll","background-type":"","background-media":"","overlay-type":"","overlay-color":"","overlay-opacity":"","overlay-gradient":""}},"ast-content-background-meta":{"desktop":{"background-color":"var(--ast-global-color-5)","background-image":"","background-repeat":"repeat","background-position":"center center","background-size":"auto","background-attachment":"scroll","background-type":"","background-media":"","overlay-type":"","overlay-color":"","overlay-opacity":"","overlay-gradient":""},"tablet":{"background-color":"var(--ast-global-color-5)","background-image":"","background-repeat":"repeat","background-position":"center center","background-size":"auto","background-attachment":"scroll","background-type":"","background-media":"","overlay-type":"","overlay-color":"","overlay-opacity":"","overlay-gradient":""},"mobile":{"background-color":"var(--ast-global-color-5)","background-image":"","background-repeat":"repeat","background-position":"center center","background-size":"auto","background-attachment":"scroll","background-type":"","background-media":"","overlay-type":"","overlay-color":"","overlay-opacity":"","overlay-gradient":""}},"footnotes":""},"class_list":["post-4441","page","type-page","status-publish","has-post-thumbnail","hentry"],"yoast_head":"<!-- This site is optimized with the Yoast SEO plugin v25.0 - https:\/\/yoast.com\/wordpress\/plugins\/seo\/ -->\n<title>SUNSET IZLET \u2013 VINO &amp; MORE<\/title>\n<meta name=\"description\" content=\"Ve\u010dernji izlet brodom uz zalazak sunca, vino i sir. Idealno za parove i zaljubljenike u more. Opustite se i u\u017eivajte u magiji zlatnog sata!\" \/>\n<meta name=\"robots\" content=\"index, follow, max-snippet:-1, max-image-preview:large, max-video-preview:-1\" \/>\n<link rel=\"canonical\" href=\"https:\/\/pasmania.hr\/en\/cjelodnevni-izlet-kornati-telascica-2\/\" \/>\n<meta property=\"og:locale\" content=\"en_GB\" \/>\n<meta property=\"og:type\" content=\"article\" \/>\n<meta property=\"og:title\" content=\"Sunset izlet \u2013 vino, sir i zalazak koji se pamti \ud83c\udf05\ud83c\udf77\" \/>\n<meta property=\"og:description\" content=\"Zaljubi se u ve\u010dernju plovidbu Pa\u0161manskim kanalom! \u010ca\u0161a vina, lokalni sir, kupanje i zlatni zalazak za savr\u0161ene fotke i jo\u0161 bolje uspomene.Rezerviraj sada jer broj mjesta je ograni\u010den! \ud83d\udee5\u2728\" \/>\n<meta property=\"og:url\" content=\"https:\/\/pasmania.hr\/en\/cjelodnevni-izlet-kornati-telascica-2\/\" \/>\n<meta property=\"og:site_name\" content=\"Pa\u0161mania\" \/>\n<meta property=\"article:modified_time\" content=\"2025-07-02T18:06:26+00:00\" \/>\n<meta property=\"og:image\" content=\"https:\/\/pasmania.hr\/wp-content\/uploads\/2025\/07\/jjj.jpg\" \/>\n\t<meta property=\"og:image:width\" content=\"1920\" \/>\n\t<meta property=\"og:image:height\" content=\"915\" \/>\n\t<meta property=\"og:image:type\" content=\"image\/jpeg\" \/>\n<meta name=\"twitter:card\" content=\"summary_large_image\" \/>\n<meta name=\"twitter:label1\" content=\"Estimated reading time\" \/>\n\t<meta name=\"twitter:data1\" content=\"3 minutes\" \/>\n<script type=\"application\/ld+json\" class=\"yoast-schema-graph\">{\"@context\":\"https:\/\/schema.org\",\"@graph\":[{\"@type\":\"WebPage\",\"@id\":\"https:\/\/pasmania.hr\/cjelodnevni-izlet-kornati-telascica-2\/\",\"url\":\"https:\/\/pasmania.hr\/cjelodnevni-izlet-kornati-telascica-2\/\",\"name\":\"SUNSET IZLET \u2013 VINO & MORE\",\"isPartOf\":{\"@id\":\"https:\/\/pasmania.hr\/#website\"},\"primaryImageOfPage\":{\"@id\":\"https:\/\/pasmania.hr\/cjelodnevni-izlet-kornati-telascica-2\/#primaryimage\"},\"image\":{\"@id\":\"https:\/\/pasmania.hr\/cjelodnevni-izlet-kornati-telascica-2\/#primaryimage\"},\"thumbnailUrl\":\"https:\/\/pasmania.hr\/wp-content\/uploads\/2025\/07\/jjj.jpg\",\"datePublished\":\"2025-07-02T17:52:32+00:00\",\"dateModified\":\"2025-07-02T18:06:26+00:00\",\"description\":\"Ve\u010dernji izlet brodom uz zalazak sunca, vino i sir. Idealno za parove i zaljubljenike u more. Opustite se i u\u017eivajte u magiji zlatnog sata!\",\"breadcrumb\":{\"@id\":\"https:\/\/pasmania.hr\/cjelodnevni-izlet-kornati-telascica-2\/#breadcrumb\"},\"inLanguage\":\"en-GB\",\"potentialAction\":[{\"@type\":\"ReadAction\",\"target\":[\"https:\/\/pasmania.hr\/cjelodnevni-izlet-kornati-telascica-2\/\"]}]},{\"@type\":\"ImageObject\",\"inLanguage\":\"en-GB\",\"@id\":\"https:\/\/pasmania.hr\/cjelodnevni-izlet-kornati-telascica-2\/#primaryimage\",\"url\":\"https:\/\/pasmania.hr\/wp-content\/uploads\/2025\/07\/jjj.jpg\",\"contentUrl\":\"https:\/\/pasmania.hr\/wp-content\/uploads\/2025\/07\/jjj.jpg\",\"width\":1920,\"height\":915},{\"@type\":\"BreadcrumbList\",\"@id\":\"https:\/\/pasmania.hr\/cjelodnevni-izlet-kornati-telascica-2\/#breadcrumb\",\"itemListElement\":[{\"@type\":\"ListItem\",\"position\":1,\"name\":\"Po\u010detna stranica\",\"item\":\"https:\/\/pasmania.hr\/\"},{\"@type\":\"ListItem\",\"position\":2,\"name\":\"SUNSET IZLET \u2013 VINO &amp; MORE\"}]},{\"@type\":\"WebSite\",\"@id\":\"https:\/\/pasmania.hr\/#website\",\"url\":\"https:\/\/pasmania.hr\/\",\"name\":\"Pa\u0161mania\",\"description\":\"Va\u0161a turisti\u010dka agencija na otoku Pa\u0161manu. Nudimo najbolji smje\u0161taj, autenti\u010dne izlete i profesionalno upravljanje nekretninama. Rezervirajte svoj odmor danas.\",\"publisher\":{\"@id\":\"https:\/\/pasmania.hr\/#organization\"},\"potentialAction\":[{\"@type\":\"SearchAction\",\"target\":{\"@type\":\"EntryPoint\",\"urlTemplate\":\"https:\/\/pasmania.hr\/?s={search_term_string}\"},\"query-input\":{\"@type\":\"PropertyValueSpecification\",\"valueRequired\":true,\"valueName\":\"search_term_string\"}}],\"inLanguage\":\"en-GB\"},{\"@type\":\"Organization\",\"@id\":\"https:\/\/pasmania.hr\/#organization\",\"name\":\"Pa\u0161mania\",\"url\":\"https:\/\/pasmania.hr\/\",\"logo\":{\"@type\":\"ImageObject\",\"inLanguage\":\"en-GB\",\"@id\":\"https:\/\/pasmania.hr\/#\/schema\/logo\/image\/\",\"url\":\"https:\/\/pasmania.hr\/wp-content\/uploads\/2025\/03\/loho-modri.png\",\"contentUrl\":\"https:\/\/pasmania.hr\/wp-content\/uploads\/2025\/03\/loho-modri.png\",\"width\":500,\"height\":500,\"caption\":\"Pa\u0161mania\"},\"image\":{\"@id\":\"https:\/\/pasmania.hr\/#\/schema\/logo\/image\/\"}}]}<\/script>\n<!-- \/ Yoast SEO plugin. -->","yoast_head_json":{"title":"SUNSET IZLET \u2013 VINO & MORE","description":"Ve\u010dernji izlet brodom uz zalazak sunca, vino i sir. Idealno za parove i zaljubljenike u more. Opustite se i u\u017eivajte u magiji zlatnog sata!","robots":{"index":"index","follow":"follow","max-snippet":"max-snippet:-1","max-image-preview":"max-image-preview:large","max-video-preview":"max-video-preview:-1"},"canonical":"https:\/\/pasmania.hr\/en\/cjelodnevni-izlet-kornati-telascica-2\/","og_locale":"en_GB","og_type":"article","og_title":"Sunset izlet \u2013 vino, sir i zalazak koji se pamti \ud83c\udf05\ud83c\udf77","og_description":"Zaljubi se u ve\u010dernju plovidbu Pa\u0161manskim kanalom! \u010ca\u0161a vina, lokalni sir, kupanje i zlatni zalazak za savr\u0161ene fotke i jo\u0161 bolje uspomene.Rezerviraj sada jer broj mjesta je ograni\u010den! \ud83d\udee5\u2728","og_url":"https:\/\/pasmania.hr\/en\/cjelodnevni-izlet-kornati-telascica-2\/","og_site_name":"Pa\u0161mania","article_modified_time":"2025-07-02T18:06:26+00:00","og_image":[{"width":1920,"height":915,"url":"https:\/\/pasmania.hr\/wp-content\/uploads\/2025\/07\/jjj.jpg","type":"image\/jpeg"}],"twitter_card":"summary_large_image","twitter_misc":{"Estimated reading time":"3 minutes"},"schema":{"@context":"https:\/\/schema.org","@graph":[{"@type":"WebPage","@id":"https:\/\/pasmania.hr\/cjelodnevni-izlet-kornati-telascica-2\/","url":"https:\/\/pasmania.hr\/cjelodnevni-izlet-kornati-telascica-2\/","name":"SUNSET IZLET \u2013 VINO & MORE","isPartOf":{"@id":"https:\/\/pasmania.hr\/#website"},"primaryImageOfPage":{"@id":"https:\/\/pasmania.hr\/cjelodnevni-izlet-kornati-telascica-2\/#primaryimage"},"image":{"@id":"https:\/\/pasmania.hr\/cjelodnevni-izlet-kornati-telascica-2\/#primaryimage"},"thumbnailUrl":"https:\/\/pasmania.hr\/wp-content\/uploads\/2025\/07\/jjj.jpg","datePublished":"2025-07-02T17:52:32+00:00","dateModified":"2025-07-02T18:06:26+00:00","description":"Ve\u010dernji izlet brodom uz zalazak sunca, vino i sir. Idealno za parove i zaljubljenike u more. Opustite se i u\u017eivajte u magiji zlatnog sata!","breadcrumb":{"@id":"https:\/\/pasmania.hr\/cjelodnevni-izlet-kornati-telascica-2\/#breadcrumb"},"inLanguage":"en-GB","potentialAction":[{"@type":"ReadAction","target":["https:\/\/pasmania.hr\/cjelodnevni-izlet-kornati-telascica-2\/"]}]},{"@type":"ImageObject","inLanguage":"en-GB","@id":"https:\/\/pasmania.hr\/cjelodnevni-izlet-kornati-telascica-2\/#primaryimage","url":"https:\/\/pasmania.hr\/wp-content\/uploads\/2025\/07\/jjj.jpg","contentUrl":"https:\/\/pasmania.hr\/wp-content\/uploads\/2025\/07\/jjj.jpg","width":1920,"height":915},{"@type":"BreadcrumbList","@id":"https:\/\/pasmania.hr\/cjelodnevni-izlet-kornati-telascica-2\/#breadcrumb","itemListElement":[{"@type":"ListItem","position":1,"name":"Po\u010detna stranica","item":"https:\/\/pasmania.hr\/"},{"@type":"ListItem","position":2,"name":"SUNSET IZLET \u2013 VINO &amp; MORE"}]},{"@type":"WebSite","@id":"https:\/\/pasmania.hr\/#website","url":"https:\/\/pasmania.hr\/","name":"Pa\u0161mania","description":"Va\u0161a turisti\u010dka agencija na otoku Pa\u0161manu. Nudimo najbolji smje\u0161taj, autenti\u010dne izlete i profesionalno upravljanje nekretninama. Rezervirajte svoj odmor danas.","publisher":{"@id":"https:\/\/pasmania.hr\/#organization"},"potentialAction":[{"@type":"SearchAction","target":{"@type":"EntryPoint","urlTemplate":"https:\/\/pasmania.hr\/?s={search_term_string}"},"query-input":{"@type":"PropertyValueSpecification","valueRequired":true,"valueName":"search_term_string"}}],"inLanguage":"en-GB"},{"@type":"Organization","@id":"https:\/\/pasmania.hr\/#organization","name":"Pa\u0161mania","url":"https:\/\/pasmania.hr\/","logo":{"@type":"ImageObject","inLanguage":"en-GB","@id":"https:\/\/pasmania.hr\/#\/schema\/logo\/image\/","url":"https:\/\/pasmania.hr\/wp-content\/uploads\/2025\/03\/loho-modri.png","contentUrl":"https:\/\/pasmania.hr\/wp-content\/uploads\/2025\/03\/loho-modri.png","width":500,"height":500,"caption":"Pa\u0161mania"},"image":{"@id":"https:\/\/pasmania.hr\/#\/schema\/logo\/image\/"}}]}},"_links":{"self":[{"href":"https:\/\/pasmania.hr\/en\/wp-json\/wp\/v2\/pages\/4441","targetHints":{"allow":["GET"]}}],"collection":[{"href":"https:\/\/pasmania.hr\/en\/wp-json\/wp\/v2\/pages"}],"about":[{"href":"https:\/\/pasmania.hr\/en\/wp-json\/wp\/v2\/types\/page"}],"author":[{"embeddable":true,"href":"https:\/\/pasmania.hr\/en\/wp-json\/wp\/v2\/users\/1"}],"replies":[{"embeddable":true,"href":"https:\/\/pasmania.hr\/en\/wp-json\/wp\/v2\/comments?post=4441"}],"version-history":[{"count":5,"href":"https:\/\/pasmania.hr\/en\/wp-json\/wp\/v2\/pages\/4441\/revisions"}],"predecessor-version":[{"id":4449,"href":"https:\/\/pasmania.hr\/en\/wp-json\/wp\/v2\/pages\/4441\/revisions\/4449"}],"wp:featuredmedia":[{"embeddable":true,"href":"https:\/\/pasmania.hr\/en\/wp-json\/wp\/v2\/media\/4375"}],"wp:attachment":[{"href":"https:\/\/pasmania.hr\/en\/wp-json\/wp\/v2\/media?parent=4441"}],"curies":[{"name":"wp","href":"https:\/\/api.w.org\/{rel}","templated":true}]}}